{"id":1709,"date":"2025-11-04T11:16:44","date_gmt":"2025-11-04T14:16:44","guid":{"rendered":"https:\/\/cadernosdematematica.com.br\/curoslatex\/?page_id=1709"},"modified":"2025-11-05T09:25:27","modified_gmt":"2025-11-05T12:25:27","slug":"latex-e-inteligencia-artificial","status":"publish","type":"page","link":"https:\/\/cadernosdematematica.com.br\/curoslatex\/latex-e-inteligencia-artificial\/","title":{"rendered":"LaTeX e Intelig\u00eancia Artificial"},"content":{"rendered":"\n<figure class=\"wp-block-image size-full\"><img loading=\"lazy\" decoding=\"async\" width=\"256\" height=\"256\" src=\"https:\/\/cadernosdematematica.com.br\/curoslatex\/wp-content\/uploads\/2025\/11\/ChatGPT-Image-3-de-nov.-de-2025-14_40_08-1.png\" alt=\"\" class=\"wp-image-1716\" srcset=\"https:\/\/cadernosdematematica.com.br\/curoslatex\/wp-content\/uploads\/2025\/11\/ChatGPT-Image-3-de-nov.-de-2025-14_40_08-1.png 256w, https:\/\/cadernosdematematica.com.br\/curoslatex\/wp-content\/uploads\/2025\/11\/ChatGPT-Image-3-de-nov.-de-2025-14_40_08-1-150x150.png 150w, https:\/\/cadernosdematematica.com.br\/curoslatex\/wp-content\/uploads\/2025\/11\/ChatGPT-Image-3-de-nov.-de-2025-14_40_08-1-90x90.png 90w, https:\/\/cadernosdematematica.com.br\/curoslatex\/wp-content\/uploads\/2025\/11\/ChatGPT-Image-3-de-nov.-de-2025-14_40_08-1-75x75.png 75w\" sizes=\"auto, (max-width: 256px) 100vw, 256px\" \/><\/figure>\n\n\n\n<h1 class=\"wp-block-heading\">Curso <strong>LaTeX e Intelig\u00eancia Artificial<\/strong><\/h1>\n\n\n\n<p>Domine LaTeX e use IA para acelerar a digita\u00e7\u00e3o e formata\u00e7\u00e3o de materiais did\u00e1ticos e cient\u00edficos.<\/p>\n\n\n\n<h2 class=\"wp-block-heading\">O que voc\u00ea vai aprender<\/h2>\n\n\n\n<ul class=\"wp-block-list\">\n<li>Todo o conte\u00fado do <strong>LaTeX para Iniciantes<\/strong> (inclu\u00eddo).<\/li>\n\n\n\n<li>Como usar IA (ChatGPT, Copilot, etc.) para <strong>gerar e revisar<\/strong> c\u00f3digos LaTeX.<\/li>\n\n\n\n<li>Para os que n\u00e3o conhecem ou t\u00eam pouca experi\u00eancia, inclu\u00edmos o curso LaTeX para Iniciantes (gravado).<\/li>\n\n\n\n<li>Fluxos para <strong>digitar provas, apostilas e slides<\/strong> com mais rapidez.<\/li>\n\n\n\n<li>Modelos edit\u00e1veis e boas pr\u00e1ticas para professores e pesquisadores.<\/li>\n\n\n\n<li>Dicas de automa\u00e7\u00e3o e organiza\u00e7\u00e3o do projeto em LaTeX.<\/li>\n<\/ul>\n\n\n\n<h2 class=\"wp-block-heading\">P\u00fablico-alvo<\/h2>\n\n\n\n<p>Professores, estudantes e profissionais que desejam dominar o LaTeX e aproveitar a IA como assistente de escrita e diagrama\u00e7\u00e3o.<\/p>\n\n\n\n<h3 class=\"wp-block-heading\">Modalidade<\/h3>\n\n\n\n<p>100% online (Google Meet) + acesso ao ambiente do curso com as aulas gravadas.<\/p>\n\n\n\n<h3 class=\"wp-block-heading\">Acesso<\/h3>\n\n\n\n<p>1 ano de acesso \u00e0s aulas e materiais.<\/p>\n\n\n\n<h2 class=\"wp-block-heading\">Aulas S\u00edncronas (Google Meet)<\/h2>\n\n\n\n<p>13, 20, 27\/11 e 04\/12\/2025.<\/p>\n\n\n\n<h2 class=\"wp-block-heading\">Certificado<\/h2>\n\n\n\n<p>Haver\u00e1 uma atividade para cada aula. Os que entregarem as 4 atividades receber\u00e3o o Certificado de Conclus\u00e3o do Curso de 40 horas.<\/p>\n\n\n\n<h3 class=\"wp-block-heading\">B\u00f4nus<\/h3>\n\n\n\n<p>Curso completo <strong>LaTeX para Iniciantes<\/strong> inclu\u00eddo.<\/p>\n\n\n\n<h2 class=\"wp-block-heading\">Investimento<\/h2>\n\n\n\n<figure class=\"wp-block-table is-style-regular\"><table class=\"has-light-gray-color has-black-background-color has-text-color has-background has-link-color\"><tbody><tr><td><\/td><td class=\"has-text-align-center\" data-align=\"center\">PIX<\/td><td class=\"has-text-align-center\" data-align=\"center\">Cart\u00e3o<\/td><\/tr><tr><td>Valor<\/td><td class=\"has-text-align-center\" data-align=\"center\"><s>R$ 149,90<\/s> <\/td><td class=\"has-text-align-center\" data-align=\"center\"><s>R$ 179,90<\/s> <\/td><\/tr><tr><td>Valor Promocional de Lan\u00e7amento<\/td><td class=\"has-text-align-center\" data-align=\"center\">R$ 119,90<\/td><td class=\"has-text-align-center\" data-align=\"center\">R$ 119,90<\/td><\/tr><\/tbody><\/table><\/figure>\n\n\n\n<div class=\"wp-block-buttons is-layout-flex wp-block-buttons-is-layout-flex\">\n<div class=\"wp-block-button\"><a class=\"wp-block-button__link has-white-color has-text-color has-background has-link-color wp-element-button\" href=\"https:\/\/cadernosdematematica.com.br\/curoslatex\/latex-e-ia-matricula\/\" style=\"border-radius:0px;background-color:#ff0000\">Matr\u00edcula<\/a><\/div>\n<\/div>\n\n\n\n<h2 class=\"wp-block-heading\">Perguntas frequentes<\/h2>\n\n\n\n<ul class=\"wp-block-list\">\n<li>O curso inclui o LaTeX para Iniciantes? \u2013 Sim. Todo o conte\u00fado gravado do curso LaTeX para Iniciantes est\u00e1 inclu\u00eddo.<\/li>\n\n\n\n<li>Preciso j\u00e1 saber LaTeX? N\u00e3o.<\/li>\n\n\n\n<li>Vou receber materiais edit\u00e1veis? Todo o material apresentado pelo professor nas aulas estar\u00e1 dispon\u00edvel. Voc\u00ea ter\u00e1 exemplos, modelos e indica\u00e7\u00f5es de fluxos para adaptar ao seu contexto. *Ao se inscrever, voc\u00ea ter\u00e1 acesso ao ambiente do curso e \u00e0s atualiza\u00e7\u00f5es liberadas durante o per\u00edodo de acesso.<\/li>\n<\/ul>\n","protected":false},"excerpt":{"rendered":"<p>Curso LaTeX e Intelig\u00eancia Artificial Domine LaTeX e use IA para acelerar a digita\u00e7\u00e3o e formata\u00e7\u00e3o de materiais did\u00e1ticos e cient\u00edficos. O que voc\u00ea vai aprender P\u00fablico-alvo Professores, estudantes e profissionais que desejam dominar o LaTeX e aproveitar a IA como assistente de escrita e diagrama\u00e7\u00e3o. Modalidade 100% online (Google Meet) + acesso ao ambiente do curso com as aulas<\/p>\n","protected":false},"author":1,"featured_media":0,"parent":0,"menu_order":0,"comment_status":"closed","ping_status":"closed","template":"template-fullwidth.php","meta":{"footnotes":""},"class_list":["post-1709","page","type-page","status-publish","hentry"],"jetpack_sharing_enabled":true,"_links":{"self":[{"href":"https:\/\/cadernosdematematica.com.br\/curoslatex\/wp-json\/wp\/v2\/pages\/1709","targetHints":{"allow":["GET"]}}],"collection":[{"href":"https:\/\/cadernosdematematica.com.br\/curoslatex\/wp-json\/wp\/v2\/pages"}],"about":[{"href":"https:\/\/cadernosdematematica.com.br\/curoslatex\/wp-json\/wp\/v2\/types\/page"}],"author":[{"embeddable":true,"href":"https:\/\/cadernosdematematica.com.br\/curoslatex\/wp-json\/wp\/v2\/users\/1"}],"replies":[{"embeddable":true,"href":"https:\/\/cadernosdematematica.com.br\/curoslatex\/wp-json\/wp\/v2\/comments?post=1709"}],"version-history":[{"count":7,"href":"https:\/\/cadernosdematematica.com.br\/curoslatex\/wp-json\/wp\/v2\/pages\/1709\/revisions"}],"predecessor-version":[{"id":1734,"href":"https:\/\/cadernosdematematica.com.br\/curoslatex\/wp-json\/wp\/v2\/pages\/1709\/revisions\/1734"}],"wp:attachment":[{"href":"https:\/\/cadernosdematematica.com.br\/curoslatex\/wp-json\/wp\/v2\/media?parent=1709"}],"curies":[{"name":"wp","href":"https:\/\/api.w.org\/{rel}","templated":true}]}}