{"id":2,"date":"2020-04-11T14:44:45","date_gmt":"2020-04-11T14:44:45","guid":{"rendered":"https:\/\/cadernosdematematica.com.br\/curoslatex\/?page_id=2"},"modified":"2020-04-13T10:07:36","modified_gmt":"2020-04-13T10:07:36","slug":"documentos-modernos-com-latex","status":"publish","type":"page","link":"https:\/\/cadernosdematematica.com.br\/curoslatex\/documentos-modernos-com-latex\/","title":{"rendered":"Informa\u00e7\u00f5es"},"content":{"rendered":"<h1>Informa\u00e7\u00f5es<a name=\"text1\"><\/a><\/h1>\n<p>Aprenda a fazer documentos modernos com LaTeX, com apar\u00eancia profissional, de maneira f\u00e1cil.<\/p>\n<p>Neste curso, em 5 encontros, vamos aprender a fazer livros, artigos, listas de exerc\u00edcios, provas e apresenta\u00e7\u00f5es usando XeLaTeX.<\/p>\n<p>Tamb\u00e9m vamos desenhar e fazer gr\u00e1ficos utilizando Tikz.<\/p>\n\n\n<blockquote class=\"wp-block-quote is-layout-flow wp-block-quote-is-layout-flow\"><p>Al\u00e9m de listas de exerc\u00edcios para serem impressas, voc\u00ea pode fazer material para ser compartilhado e lido facilmente em dispositivos m\u00f3veis.<\/p><\/blockquote>\n\n\n\n<h2 class=\"wp-block-heading\">Modelos<\/h2>\n\n\n\n<p>Clique nas setas no rodap\u00e9 do PDF para navegar entre as p\u00e1ginas do documento inteiramente feito em XeLaTeX no Overleaf.<\/p>\n\n\n<a href=\"https:\/\/cadernosdematematica.com.br\/curoslatex\/wp-content\/uploads\/2020\/04\/Cadernos_de_Matem_tica-9.pdf\" class=\"pdfemb-viewer\" style=\"\" data-width=\"max\" data-height=\"max\" data-toolbar=\"bottom\" data-toolbar-fixed=\"off\">Cadernos_de_Matem_tica-9<\/a>\n<p class=\"wp-block-pdfemb-pdf-embedder-viewer\"><\/p>\n\n\n<a href=\"https:\/\/cadernosdematematica.com.br\/curoslatex\/wp-content\/uploads\/2020\/04\/CCMBR-66.pdf\" class=\"pdfemb-viewer\" style=\"\" data-width=\"max\" data-height=\"max\" data-toolbar=\"bottom\" data-toolbar-fixed=\"off\">CCMBR-66<\/a>\n<p class=\"wp-block-pdfemb-pdf-embedder-viewer\"><\/p>\n\n\n<a href=\"https:\/\/cadernosdematematica.com.br\/curoslatex\/wp-content\/uploads\/2020\/04\/CCMBR-68.pdf\" class=\"pdfemb-viewer\" style=\"\" data-width=\"max\" data-height=\"max\" data-toolbar=\"bottom\" data-toolbar-fixed=\"off\">CCMBR-68<\/a>\n<p class=\"wp-block-pdfemb-pdf-embedder-viewer\"><\/p>\n\n\n\n<h2 class=\"wp-block-heading\">Ferramentas<\/h2>\n\n\n\n<ul class=\"wp-block-list\"><li>Os encontros ser\u00e3o transmitidos pelo  <strong>Google Meet\/Hangouts<\/strong> e cada participante dever\u00e1 fazer suas atividades em tempo real no Overleaf, que \u00e9 um site LaTeX gratuito que pode ser acessado em qualquer<strong> computador<\/strong>.  N\u00e3o recomendamos a participa\u00e7\u00e3o em celulares.<\/li><\/ul>\n\n\n\n<h3 class=\"wp-block-heading\">Programa\u00e7\u00e3o:<\/h3>\n\n\n\n<ul class=\"wp-block-list\"><li>17\/4: Vis\u00e3o Geral do Mundo TeX e Primeiras Atividades B\u00e1sicas no <a rel=\"noreferrer noopener\" href=\"http:\/\/www.overleaf.com\" target=\"_blank\">Overleaf<\/a>.<\/li><li>20\/4: Criando material atrativo para o Ensino B\u00e1sico usando XeLaTeX.<\/li><li>22\/4: Criando macros para agilizar e padronizar as rotinas.<\/li><li>24\/4: Fazendo apresenta\u00e7\u00f5es em LaTeX.<\/li><li>27\/4: Desenhando e plotando gr\u00e1ficos com TikZ.<\/li><li>29\/4: (Opcional) Mostra do Projeto Final dos Alunos<\/li><\/ul>\n\n\n\n<h2 class=\"wp-block-heading\">Condi\u00e7\u00f5es de Participa\u00e7\u00e3o<\/h2>\n\n\n\n<ul class=\"wp-block-list\"><li>O curso \u00e9 inteiramente<strong> gratuito<\/strong>.<\/li><li>Emiss\u00e3o de Certificado de 10h\/aula mediante 80% de frequ\u00eancia e pagamento da taxa de R$ 10,00.<\/li><li>Emiss\u00e3o de Certificado de 30h\/aula mediante 80% de frequ\u00eancia, apresenta\u00e7\u00e3o do Projeto Final e pagamento da taxa de R$ 20,00.<\/li><li>O Projeto Final ser\u00e1 preferencialmente a apresenta\u00e7\u00e3o de um resumo de conte\u00fado do ensino b\u00e1sico.<\/li><\/ul>\n\n\n\n<div class=\"wp-block-buttons is-layout-flex wp-block-buttons-is-layout-flex\">\n<div class=\"wp-block-button\"><a class=\"wp-block-button__link\" href=\"https:\/\/cadernosdematematica.com.br\/curoslatex\/inscricoes\/\">Fa\u00e7a sua pr\u00e9-inscri\u00e7\u00e3o<\/a><\/div>\n<\/div>\n","protected":false},"excerpt":{"rendered":"<p>Informa\u00e7\u00f5es Aprenda a fazer documentos modernos com LaTeX, com apar\u00eancia profissional, de maneira f\u00e1cil. Neste curso, em 5 encontros, vamos aprender a fazer livros, artigos, listas de exerc\u00edcios, provas e apresenta\u00e7\u00f5es usando XeLaTeX. Tamb\u00e9m vamos desenhar e fazer gr\u00e1ficos utilizando Tikz. Al\u00e9m de listas de exerc\u00edcios para serem impressas, voc\u00ea pode fazer material para ser compartilhado e lido facilmente em<\/p>\n","protected":false},"author":1,"featured_media":0,"parent":0,"menu_order":0,"comment_status":"closed","ping_status":"open","template":"","meta":{"footnotes":""},"class_list":["post-2","page","type-page","status-publish","hentry"],"jetpack_sharing_enabled":true,"_links":{"self":[{"href":"https:\/\/cadernosdematematica.com.br\/curoslatex\/wp-json\/wp\/v2\/pages\/2","targetHints":{"allow":["GET"]}}],"collection":[{"href":"https:\/\/cadernosdematematica.com.br\/curoslatex\/wp-json\/wp\/v2\/pages"}],"about":[{"href":"https:\/\/cadernosdematematica.com.br\/curoslatex\/wp-json\/wp\/v2\/types\/page"}],"author":[{"embeddable":true,"href":"https:\/\/cadernosdematematica.com.br\/curoslatex\/wp-json\/wp\/v2\/users\/1"}],"replies":[{"embeddable":true,"href":"https:\/\/cadernosdematematica.com.br\/curoslatex\/wp-json\/wp\/v2\/comments?post=2"}],"version-history":[{"count":23,"href":"https:\/\/cadernosdematematica.com.br\/curoslatex\/wp-json\/wp\/v2\/pages\/2\/revisions"}],"predecessor-version":[{"id":235,"href":"https:\/\/cadernosdematematica.com.br\/curoslatex\/wp-json\/wp\/v2\/pages\/2\/revisions\/235"}],"wp:attachment":[{"href":"https:\/\/cadernosdematematica.com.br\/curoslatex\/wp-json\/wp\/v2\/media?parent=2"}],"curies":[{"name":"wp","href":"https:\/\/api.w.org\/{rel}","templated":true}]}}