{"id":393,"date":"2020-05-31T22:23:15","date_gmt":"2020-05-31T22:23:15","guid":{"rendered":"https:\/\/cadernosdematematica.com.br\/curoslatex\/?page_id=393"},"modified":"2023-03-07T13:28:53","modified_gmt":"2023-03-07T16:28:53","slug":"inscricao","status":"publish","type":"page","link":"https:\/\/cadernosdematematica.com.br\/curoslatex\/inscricao\/","title":{"rendered":"Secretaria"},"content":{"rendered":"\n<figure class=\"wp-block-image size-large is-resized\"><img loading=\"lazy\" decoding=\"async\" src=\"https:\/\/cadernosdematematica.com.br\/curoslatex\/wp-content\/uploads\/2020\/06\/folders.png\" alt=\"\" class=\"wp-image-907\" width=\"128\" height=\"128\" srcset=\"https:\/\/cadernosdematematica.com.br\/curoslatex\/wp-content\/uploads\/2020\/06\/folders.png 512w, https:\/\/cadernosdematematica.com.br\/curoslatex\/wp-content\/uploads\/2020\/06\/folders-300x300.png 300w, https:\/\/cadernosdematematica.com.br\/curoslatex\/wp-content\/uploads\/2020\/06\/folders-150x150.png 150w\" sizes=\"auto, (max-width: 128px) 100vw, 128px\" \/><\/figure>\n\n\n\n<p>Para realizar sua inscri\u00e7\u00e3o, escolha o curso na lista abaixo. Preencha o nome completo e o CPF com bastante aten\u00e7\u00e3o, pois os mesmos ser\u00e3o usados no Certificado.<\/p>\n\n\n\n<p> <strong>Ap\u00f3s o preenchimento do formul\u00e1rio, voc\u00ea ser\u00e1 redirecionado para a p\u00e1gina de pagamento<\/strong>. Se tiver qualquer dificuldade com a plataforma ou preferir fazer a inscri\u00e7\u00e3o por meio de transfer\u00eancia banc\u00e1ria (Banco do Brasil, Bradesco, Santander ou Nubank), por gentileza entre em contato pelo whatsapp<strong> 859809-8161<\/strong>.<\/p>\n\n\n\n<p>A sua inscri\u00e7\u00e3o s\u00f3 ser\u00e1 confirmada ap\u00f3s o pagamento. A confirma\u00e7\u00e3o da inscri\u00e7\u00e3o por boleto pode demorar 3 dias ap\u00f3s o pagamento. Se precisar de acesso imediato, por gentileza envie o comprovante de pagamento para o nosso whatsapp: <strong>859809-8161<\/strong><\/p>\n\n\n\n<figure class=\"wp-block-image size-full\"><a href=\"https:\/\/cadernosdematematica.com.br\/curoslatex\/inscricao-latex-para-iniciantes\/\"><img loading=\"lazy\" decoding=\"async\" width=\"960\" height=\"540\" src=\"https:\/\/cadernosdematematica.com.br\/curoslatex\/wp-content\/uploads\/2022\/04\/lpi.png\" alt=\"\" class=\"wp-image-1668\" srcset=\"https:\/\/cadernosdematematica.com.br\/curoslatex\/wp-content\/uploads\/2022\/04\/lpi.png 960w, https:\/\/cadernosdematematica.com.br\/curoslatex\/wp-content\/uploads\/2022\/04\/lpi-300x169.png 300w, https:\/\/cadernosdematematica.com.br\/curoslatex\/wp-content\/uploads\/2022\/04\/lpi-768x432.png 768w\" sizes=\"auto, (max-width: 960px) 100vw, 960px\" \/><\/a><\/figure>\n\n\n\n<figure class=\"wp-block-image size-full\"><a href=\"https:\/\/cadernosdematematica.com.br\/curoslatex\/graficos-no-latex-com-tikz\/\"><img loading=\"lazy\" decoding=\"async\" width=\"960\" height=\"540\" src=\"https:\/\/cadernosdematematica.com.br\/curoslatex\/wp-content\/uploads\/2022\/04\/tkz.png\" alt=\"\" class=\"wp-image-1671\" srcset=\"https:\/\/cadernosdematematica.com.br\/curoslatex\/wp-content\/uploads\/2022\/04\/tkz.png 960w, https:\/\/cadernosdematematica.com.br\/curoslatex\/wp-content\/uploads\/2022\/04\/tkz-300x169.png 300w, https:\/\/cadernosdematematica.com.br\/curoslatex\/wp-content\/uploads\/2022\/04\/tkz-768x432.png 768w\" sizes=\"auto, (max-width: 960px) 100vw, 960px\" \/><\/a><\/figure>\n\n\n\n<figure class=\"wp-block-image size-full\"><a href=\"https:\/\/cadernosdematematica.com.br\/curoslatex\/inscricao-latex-para-documentos-cientificos\/\"><img loading=\"lazy\" decoding=\"async\" width=\"960\" height=\"540\" src=\"https:\/\/cadernosdematematica.com.br\/curoslatex\/wp-content\/uploads\/2022\/04\/dtc.png\" alt=\"\" class=\"wp-image-1673\" srcset=\"https:\/\/cadernosdematematica.com.br\/curoslatex\/wp-content\/uploads\/2022\/04\/dtc.png 960w, https:\/\/cadernosdematematica.com.br\/curoslatex\/wp-content\/uploads\/2022\/04\/dtc-300x169.png 300w, https:\/\/cadernosdematematica.com.br\/curoslatex\/wp-content\/uploads\/2022\/04\/dtc-768x432.png 768w\" sizes=\"auto, (max-width: 960px) 100vw, 960px\" \/><\/a><\/figure>\n","protected":false},"excerpt":{"rendered":"<p>Para realizar sua inscri\u00e7\u00e3o, escolha o curso na lista abaixo. Preencha o nome completo e o CPF com bastante aten\u00e7\u00e3o, pois os mesmos ser\u00e3o usados no Certificado. Ap\u00f3s o preenchimento do formul\u00e1rio, voc\u00ea ser\u00e1 redirecionado para a p\u00e1gina de pagamento. Se tiver qualquer dificuldade com a plataforma ou preferir fazer a inscri\u00e7\u00e3o por meio de transfer\u00eancia banc\u00e1ria (Banco do Brasil,<\/p>\n","protected":false},"author":1,"featured_media":0,"parent":0,"menu_order":0,"comment_status":"closed","ping_status":"closed","template":"","meta":{"footnotes":""},"class_list":["post-393","page","type-page","status-publish","hentry"],"jetpack_sharing_enabled":true,"_links":{"self":[{"href":"https:\/\/cadernosdematematica.com.br\/curoslatex\/wp-json\/wp\/v2\/pages\/393","targetHints":{"allow":["GET"]}}],"collection":[{"href":"https:\/\/cadernosdematematica.com.br\/curoslatex\/wp-json\/wp\/v2\/pages"}],"about":[{"href":"https:\/\/cadernosdematematica.com.br\/curoslatex\/wp-json\/wp\/v2\/types\/page"}],"author":[{"embeddable":true,"href":"https:\/\/cadernosdematematica.com.br\/curoslatex\/wp-json\/wp\/v2\/users\/1"}],"replies":[{"embeddable":true,"href":"https:\/\/cadernosdematematica.com.br\/curoslatex\/wp-json\/wp\/v2\/comments?post=393"}],"version-history":[{"count":23,"href":"https:\/\/cadernosdematematica.com.br\/curoslatex\/wp-json\/wp\/v2\/pages\/393\/revisions"}],"predecessor-version":[{"id":1689,"href":"https:\/\/cadernosdematematica.com.br\/curoslatex\/wp-json\/wp\/v2\/pages\/393\/revisions\/1689"}],"wp:attachment":[{"href":"https:\/\/cadernosdematematica.com.br\/curoslatex\/wp-json\/wp\/v2\/media?parent=393"}],"curies":[{"name":"wp","href":"https:\/\/api.w.org\/{rel}","templated":true}]}}