{"id":479,"date":"2020-06-01T01:01:34","date_gmt":"2020-06-01T01:01:34","guid":{"rendered":"https:\/\/cadernosdematematica.com.br\/curoslatex\/?page_id=479"},"modified":"2020-06-16T15:49:24","modified_gmt":"2020-06-16T18:49:24","slug":"pagamento","status":"publish","type":"page","link":"https:\/\/cadernosdematematica.com.br\/curoslatex\/pagamento\/","title":{"rendered":"Pagamento"},"content":{"rendered":"\n<p>Se voc\u00ea j\u00e1 preencheu a ficha de inscri\u00e7\u00e3o, efetue o pagamento clicando no link abaixo. Em caso de d\u00favidas entre em contato pelo Whatsapp do Cadernos de Matem\u00e1tica<a href=\"https:\/\/api.whatsapp.com\/send?1=pt_BR&amp;phone=5585998098161\"> (85) 99809-8161<\/a>.<\/p>\n\n\n<p><!-- INICIO DO BOTAO PAGSEGURO --><a href=\"https:\/\/pag.ae\/7W7pBNoVo\/button\" target=\"_blank\" title=\"Pagar com PagSeguro\" rel=\"noopener noreferrer\"><img decoding=\"async\" src=\"\/\/assets.pagseguro.com.br\/ps-integration-assets\/botoes\/pagamentos\/205x30-pagar.gif\" alt=\"Pague com PagSeguro - \u00e9 r\u00e1pido, gr\u00e1tis e seguro!\"><\/a><!-- FIM DO BOTAO PAGSEGURO --><\/p>","protected":false},"excerpt":{"rendered":"<p>Se voc\u00ea j\u00e1 preencheu a ficha de inscri\u00e7\u00e3o, efetue o pagamento clicando no link abaixo. Em caso de d\u00favidas entre em contato pelo Whatsapp do Cadernos de Matem\u00e1tica (85) 99809-8161.<\/p>\n","protected":false},"author":1,"featured_media":0,"parent":0,"menu_order":0,"comment_status":"closed","ping_status":"closed","template":"","meta":{"footnotes":""},"class_list":["post-479","page","type-page","status-publish","hentry"],"jetpack_sharing_enabled":true,"_links":{"self":[{"href":"https:\/\/cadernosdematematica.com.br\/curoslatex\/wp-json\/wp\/v2\/pages\/479","targetHints":{"allow":["GET"]}}],"collection":[{"href":"https:\/\/cadernosdematematica.com.br\/curoslatex\/wp-json\/wp\/v2\/pages"}],"about":[{"href":"https:\/\/cadernosdematematica.com.br\/curoslatex\/wp-json\/wp\/v2\/types\/page"}],"author":[{"embeddable":true,"href":"https:\/\/cadernosdematematica.com.br\/curoslatex\/wp-json\/wp\/v2\/users\/1"}],"replies":[{"embeddable":true,"href":"https:\/\/cadernosdematematica.com.br\/curoslatex\/wp-json\/wp\/v2\/comments?post=479"}],"version-history":[{"count":4,"href":"https:\/\/cadernosdematematica.com.br\/curoslatex\/wp-json\/wp\/v2\/pages\/479\/revisions"}],"predecessor-version":[{"id":685,"href":"https:\/\/cadernosdematematica.com.br\/curoslatex\/wp-json\/wp\/v2\/pages\/479\/revisions\/685"}],"wp:attachment":[{"href":"https:\/\/cadernosdematematica.com.br\/curoslatex\/wp-json\/wp\/v2\/media?parent=479"}],"curies":[{"name":"wp","href":"https:\/\/api.w.org\/{rel}","templated":true}]}}