{"id":769,"date":"2020-06-19T08:42:10","date_gmt":"2020-06-19T11:42:10","guid":{"rendered":"https:\/\/cadernosdematematica.com.br\/curoslatex\/?page_id=769"},"modified":"2021-03-27T13:36:54","modified_gmt":"2021-03-27T16:36:54","slug":"curso-latex-para-iniciantes-2","status":"publish","type":"page","link":"https:\/\/cadernosdematematica.com.br\/curoslatex\/curso-latex-para-iniciantes-2\/","title":{"rendered":"LaTeX para Iniciantes"},"content":{"rendered":"\n<figure class=\"wp-block-image size-large\"><img loading=\"lazy\" decoding=\"async\" width=\"1024\" height=\"682\" src=\"https:\/\/cadernosdematematica.com.br\/curoslatex\/wp-content\/uploads\/2020\/08\/smartmockups_kdeggiel-1024x682.jpg\" alt=\"\" class=\"wp-image-1275\" srcset=\"https:\/\/cadernosdematematica.com.br\/curoslatex\/wp-content\/uploads\/2020\/08\/smartmockups_kdeggiel-1024x682.jpg 1024w, https:\/\/cadernosdematematica.com.br\/curoslatex\/wp-content\/uploads\/2020\/08\/smartmockups_kdeggiel-300x200.jpg 300w, https:\/\/cadernosdematematica.com.br\/curoslatex\/wp-content\/uploads\/2020\/08\/smartmockups_kdeggiel-768x512.jpg 768w, https:\/\/cadernosdematematica.com.br\/curoslatex\/wp-content\/uploads\/2020\/08\/smartmockups_kdeggiel.jpg 1280w\" sizes=\"auto, (max-width: 1024px) 100vw, 1024px\" \/><\/figure>\n\n\n\n<p>O presente curso \u00e9 voltado para professores e estudantes que desejam conhecer o mundo TeX e come\u00e7ar a preparar documentos de forma pr\u00e1tica. <strong>O curso foi gravado com a participa\u00e7\u00e3o de alunos em tempo real e agora est\u00e1 dispon\u00edvel para ser assistido a qualquer momento, por tempo indeterminado<\/strong>. Al\u00e9m das aulas gravadas do curso, o participante ter\u00e1 acesso a novos conte\u00fados que est\u00e3o sendo publicados semanalmente.<\/p>\n\n\n\n<h2 class=\"wp-block-heading\">O que \u00e9 LaTeX?<\/h2>\n\n\n\n<p>LaTeX \u00e9 um software concebido para a digita\u00e7\u00e3o de documentos cient\u00edficos e educacionais, sendo o padr\u00e3o internacional na publica\u00e7\u00e3o de artigos e livros cient\u00edficos. \u00c9 100% gratuito e expans\u00edvel atrav\u00e9s dos milhares de pacotes criados para atender demandas espec\u00edficas. Utilizando LaTeX, voc\u00ea vai conseguir criar documentos (provas, materiais, artigos, livros) com formata\u00e7\u00e3o autom\u00e1tica, economizando tempo e obtendo documentos com alta qualidade.<\/p>\n\n\n\n<h2 class=\"wp-block-heading\">Conte\u00fado do Curso<\/h2>\n\n\n\n<ul class=\"wp-block-list\"><li>Introdu\u00e7\u00e3o ao LaTeX e a plataforma Overleaf.<\/li><li>Hist\u00f3ria do TeX e LaTeX.<\/li><li>Primeiros documentos e primeiros comandos em LaTeX (pot\u00eancias, fra\u00e7\u00f5es, ra\u00edzes quadradas, raiz n-\u00e9sima, etc)<\/li><li>Classes LaTeX b\u00e1sicas: Article e Book.<\/li><li>Pacotes essenciais no LaTeX<\/li><li>Documentos com partes com duas ou mais colunas.<\/li><li>Configura\u00e7\u00e3o de p\u00e1gina: margens, margem lateral, configurando de forma r\u00e1pida; visualiza\u00e7\u00e3o do design da p\u00e1gina.<\/li><li>Equa\u00e7\u00f5es com v\u00e1rias linhas; equa\u00e7\u00f5es com alinhamento, equa\u00e7\u00f5es numeradas.<\/li><li>Cria\u00e7\u00e3o de listas (enumeradas ou n\u00e3o).<\/li><li>Tamanhos de fonte, caixas de texto, cita\u00e7\u00f5es, inclus\u00e3o e manipula\u00e7\u00e3o de figuras (tamanho, rotacionar, espelhar, etc),  linhas e caixas.<\/li><li>Caracteres especiais, ligaduras, detalhes de tipografia.<\/li><li>Cria\u00e7\u00e3o de tabelas, personaliza\u00e7\u00e3o de cabe\u00e7alhos, cria\u00e7\u00e3o e opera\u00e7\u00e3o com contadores, cria\u00e7\u00e3o de comandos e ambientes.<\/li><li>Al\u00e9m das aulas, estou acrescentando aos poucos outros v\u00eddeos curtos, com dicas preciosas de LaTeX.<\/li><\/ul>\n\n\n\n<h2 class=\"wp-block-heading\">Requisitos<\/h2>\n\n\n\n<ul class=\"wp-block-list\"><li>Internet com capacidade para assistir as aulas (online).<\/li><li>Cria\u00e7\u00e3o de uma conta gratuita na plataforma Overleaf ou utiliza\u00e7\u00e3o de outra sistema LaTeX (para realiza\u00e7\u00e3o de atividades &#8211; opcional).<\/li><\/ul>\n\n\n\n<h2 class=\"wp-block-heading\">Tira-d\u00favidas<\/h2>\n\n\n\n<p>O professor Paulo estar\u00e1 dispon\u00edvel para tirar d\u00favidas por whatsapp.<\/p>\n\n\n\n<p>Recomendamos ainda que os alunos participem do grupo de discuss\u00e3o sobre LaTeX no whatsapp, mantido pelo professor Paulo. Ver no menu &#8211; Grupo de Discuss\u00e3o LaTeX. O grupo \u00e9 formado, em sua maioria, por ex-alunos deste e de outros cursos do site e est\u00e3o dispon\u00edveis para ajudar.<\/p>\n\n\n\n<h2 class=\"wp-block-heading\">Como os alunos avaliaram o \u00faltimo curso?<\/h2>\n\n\n\n<p>Em abril de 2020, realizamos o curso avan\u00e7ado&nbsp;<a href=\"https:\/\/cadernosdematematica.com.br\/curoslatex\/documentos-modernos-com-latex\/\">Documentos Modernos com LaTeX<\/a>.<br>Ao final do curso os alunos preencheram um&nbsp;<a href=\"https:\/\/cadernosdematematica.com.br\/curoslatex\/2020\/04\/28\/avalie-o-curso\/\">formul\u00e1rio an\u00f4nimo de avalia\u00e7\u00e3o do curso<\/a>.<br><strong>100% dos alunos concludentes avaliaram o curso como \u00d3timo ou Bom.<\/strong><\/p>\n\n\n\n<p>O que os alunos disseram ao final do curso:<\/p>\n\n\n\n<ul class=\"wp-block-list\"><li>\u201cMuito bem explicado. E tirando d\u00favidas em tempo real.\u201d<\/li><li>\u201cO curso foi ministrado de forma excelente.\u201d<\/li><li>\u201cExcelente abordagem geral dos conte\u00fados e incentivo a aprendizagem continuada a partir das orienta\u00e7\u00f5es iniciais.\u201d<\/li><li>\u201cBom, pois o professor demostrava a maior aten\u00e7\u00e3o com todos que tinham d\u00favidas.\u201d<\/li><li>\u201cEstou fazendo uma disciplina do mestrado na qual aprendemos LaTeX para a escrita da disserta\u00e7\u00e3o. O curso foi de grande valia pois aprendi muitas coisas e macetes bacanas. Foi meu primeiro contato com o Overleaf e gostei demais.\u201d<\/li><li>\u201cO curso me fez conhecer recursos de LaTeX at\u00e9 ent\u00e3o desconhecidos para mim. O professor foi sempre muito acess\u00edvel tanto nas aulas quanto fora delas ao sanar d\u00favidas e sempre disponibilizar excelentes materiais de apoio.\u201d<\/li><\/ul>\n\n\n\n<h2 class=\"wp-block-heading\">Certificados<\/h2>\n\n\n\n<ul class=\"wp-block-list\"><li>O curso tem 5 atividades e a realiza\u00e7\u00e3o de pelo menos 3 atividades d\u00e1 direito a certificado. 3 atividades &#8211; 10 horas\/, 4 atividades &#8211; 15 horas e 5 atividades &#8211; 20 horas.<\/li><\/ul>\n\n\n\n<h2 class=\"wp-block-heading\">Inscri\u00e7\u00f5es <\/h2>\n\n\n\n<div class=\"wp-block-buttons is-layout-flex wp-block-buttons-is-layout-flex\">\n<div class=\"wp-block-button\"><a class=\"wp-block-button__link has-very-dark-gray-color has-pale-cyan-blue-background-color has-text-color has-background\" href=\"https:\/\/cadernosdematematica.com.br\/curoslatex\/inscricao\/\">Acesse a p\u00e1gina da Secretaria<\/a><\/div>\n<\/div>\n\n\n\n<p><\/p>\n","protected":false},"excerpt":{"rendered":"<p>O presente curso \u00e9 voltado para professores e estudantes que desejam conhecer o mundo TeX e come\u00e7ar a preparar documentos de forma pr\u00e1tica. O curso foi gravado com a participa\u00e7\u00e3o de alunos em tempo real e agora est\u00e1 dispon\u00edvel para ser assistido a qualquer momento, por tempo indeterminado. Al\u00e9m das aulas gravadas do curso, o participante ter\u00e1 acesso a novos<\/p>\n","protected":false},"author":1,"featured_media":752,"parent":0,"menu_order":0,"comment_status":"closed","ping_status":"closed","template":"template-parts\/full-width.php","meta":{"footnotes":""},"class_list":["post-769","page","type-page","status-publish","has-post-thumbnail","hentry"],"jetpack_sharing_enabled":true,"_links":{"self":[{"href":"https:\/\/cadernosdematematica.com.br\/curoslatex\/wp-json\/wp\/v2\/pages\/769","targetHints":{"allow":["GET"]}}],"collection":[{"href":"https:\/\/cadernosdematematica.com.br\/curoslatex\/wp-json\/wp\/v2\/pages"}],"about":[{"href":"https:\/\/cadernosdematematica.com.br\/curoslatex\/wp-json\/wp\/v2\/types\/page"}],"author":[{"embeddable":true,"href":"https:\/\/cadernosdematematica.com.br\/curoslatex\/wp-json\/wp\/v2\/users\/1"}],"replies":[{"embeddable":true,"href":"https:\/\/cadernosdematematica.com.br\/curoslatex\/wp-json\/wp\/v2\/comments?post=769"}],"version-history":[{"count":24,"href":"https:\/\/cadernosdematematica.com.br\/curoslatex\/wp-json\/wp\/v2\/pages\/769\/revisions"}],"predecessor-version":[{"id":1604,"href":"https:\/\/cadernosdematematica.com.br\/curoslatex\/wp-json\/wp\/v2\/pages\/769\/revisions\/1604"}],"wp:featuredmedia":[{"embeddable":true,"href":"https:\/\/cadernosdematematica.com.br\/curoslatex\/wp-json\/wp\/v2\/media\/752"}],"wp:attachment":[{"href":"https:\/\/cadernosdematematica.com.br\/curoslatex\/wp-json\/wp\/v2\/media?parent=769"}],"curies":[{"name":"wp","href":"https:\/\/api.w.org\/{rel}","templated":true}]}}