{"id":790,"date":"2020-06-19T18:55:08","date_gmt":"2020-06-19T21:55:08","guid":{"rendered":"https:\/\/cadernosdematematica.com.br\/curoslatex\/?page_id=790"},"modified":"2022-04-23T12:49:16","modified_gmt":"2022-04-23T15:49:16","slug":"tikz-graficos-em-latex-para-iniciantes","status":"publish","type":"page","link":"https:\/\/cadernosdematematica.com.br\/curoslatex\/tikz-graficos-em-latex-para-iniciantes\/","title":{"rendered":"TikZ \u2014 Gr\u00e1ficos em LaTeX para Iniciantes"},"content":{"rendered":"<p><\/p>\n\n\n<div class=\"wp-block-image\"><figure class=\"aligncenter size-large\"><img loading=\"lazy\" decoding=\"async\" width=\"600\" height=\"420\" src=\"https:\/\/cadernosdematematica.com.br\/curoslatex\/wp-content\/uploads\/2020\/09\/smartmockups_kffhubi0.jpg\" alt=\"\" class=\"wp-image-1495\" srcset=\"https:\/\/cadernosdematematica.com.br\/curoslatex\/wp-content\/uploads\/2020\/09\/smartmockups_kffhubi0.jpg 600w, https:\/\/cadernosdematematica.com.br\/curoslatex\/wp-content\/uploads\/2020\/09\/smartmockups_kffhubi0-300x210.jpg 300w\" sizes=\"auto, (max-width: 600px) 100vw, 600px\" \/><\/figure><\/div>\n\n\n\n<h2 class=\"wp-block-heading\">Apresenta\u00e7\u00e3o<\/h2>\n\n\n\n<p>Neste curso aprenderemos a construir gr\u00e1ficos em LaTeX com a poderosa ferramenta TikZ. Voc\u00ea aprender a construir gr\u00e1ficos com qualidade profissional e integrados ao seu documento LaTeX.<\/p>\n\n\n\n<h2 class=\"wp-block-heading\">Datas<\/h2>\n\n\n\n<p>O curso ser\u00e1 realizada em tempo real pelo Google Meet nos dias 07, 14, 21 e 28 de Outubro, de 17h \u00e0s 18h 30 min.<\/p>\n\n\n\n<h2 class=\"wp-block-heading\">Tipos de Gr\u00e1ficos<\/h2>\n\n\n\n<p>Com Tikz \u00e9 poss\u00edvel desenhar qualquer tipo de gr\u00e1fico t\u00e9cnico: figuras geom\u00e9tricas, gr\u00e1ficos de fun\u00e7\u00f5es, \u00e1rvores, grafos, desenhos em 3D e tudo o que a sua criatividade imaginar!<\/p>\n\n\n<p><p class=\"ql-center-picture\"><img loading=\"lazy\" decoding=\"async\" src=\"https:\/\/cadernosdematematica.com.br\/curoslatex\/wp-content\/ql-cache\/quicklatex.com-31499b5c92755a2c7f57d746b6b99375_l3.png\" height=\"240\" width=\"269\" class=\"ql-img-picture quicklatex-auto-format\" alt=\"Rendered by QuickLaTeX.com\" title=\"Rendered by QuickLaTeX.com\"\/><\/p><\/p>\n<p><p class=\"ql-center-picture\"><img loading=\"lazy\" decoding=\"async\" src=\"https:\/\/cadernosdematematica.com.br\/curoslatex\/wp-content\/ql-cache\/quicklatex.com-dd7c12aa9ad499a2827cca8869490e0b_l3.png\" height=\"146\" width=\"238\" class=\"ql-img-picture quicklatex-auto-format\" alt=\"Rendered by QuickLaTeX.com\" title=\"Rendered by QuickLaTeX.com\"\/><\/p><\/p>\n<p><p class=\"ql-center-picture\"><img loading=\"lazy\" decoding=\"async\" src=\"https:\/\/cadernosdematematica.com.br\/curoslatex\/wp-content\/ql-cache\/quicklatex.com-a191fa13bd93fca612d0285075358056_l3.png\" height=\"268\" width=\"281\" class=\"ql-img-picture quicklatex-auto-format\" alt=\"Rendered by QuickLaTeX.com\" title=\"Rendered by QuickLaTeX.com\"\/><\/p><\/p>\n<p><p class=\"ql-center-picture\"><img loading=\"lazy\" decoding=\"async\" src=\"https:\/\/cadernosdematematica.com.br\/curoslatex\/wp-content\/ql-cache\/quicklatex.com-f258354780071734bc6f2a296bbda52b_l3.png\" height=\"427\" width=\"431\" class=\"ql-img-picture quicklatex-auto-format\" alt=\"Rendered by QuickLaTeX.com\" title=\"Rendered by QuickLaTeX.com\"\/><\/p><\/p>\n\n\n<pre class=\"wp-block-preformatted\"><\/pre>\n\n\n\n<h2 class=\"wp-block-heading\">Conte\u00fado<\/h2>\n\n\n\n<ul class=\"wp-block-list\"><li>Figuras b\u00e1sicas no TikZ<\/li><li>Desenhando e preenchendo segmentos de reta, c\u00edrculos, arcos, curvas e pol\u00edgonos<\/li><li>Configurando estilos no TikZ<\/li><li>Trabalhando com cores e o pacote xcolor<\/li><li>Trabalhando com coordenadas cartesianas, polares e relativas<\/li><li>Cortando figuras com clip<\/li><li>Posicionando conte\u00fado em rela\u00e7\u00e3o a um n\u00f3 com \u00e2ncoras<\/li><li>Plotando gr\u00e1ficos diretamente com TikZ e com os pacotes pgfplot e tkz-fct.<\/li><li>Construindo figuras de geometria euclidiana com o pacote tkz-euclid.<\/li><\/ul>\n\n\n\n<h2 class=\"wp-block-heading\">Requisitos<\/h2>\n\n\n\n<ul class=\"wp-block-list\"><li>Utilizamos e recomendamos a plataforma Overleaf, mas voc\u00ea pode usar qualquer instala\u00e7\u00e3o LaTeX online ou offline.<\/li><li>Voc\u00ea poder\u00e1 assistir as aulas em tempo real pelo Google Meet e pode assistir as grava\u00e7\u00f5es a qualquer momennto.<\/li><\/ul>\n\n\n\n<h2 class=\"wp-block-heading\">Tira-d\u00favidas<\/h2>\n\n\n\n<p>A equipe  estar\u00e1 dispon\u00edvel para tirar d\u00favidas por whatsapp sobre o conte\u00fado deste curso;<\/p>\n\n\n\n<p>Recomendamos ainda que os alunos participem do grupo de discuss\u00e3o sobre LaTeX no whatsapp, mantido pelo professor Paulo.  Ver no menu &#8211; Grupo de Discuss\u00e3o LaTeX. O grupo \u00e9 formado, em sua maioria, por ex-alunos deste e de outros cursos do site e est\u00e3o dispon\u00edveis para ajudar.<\/p>\n\n\n\n<h2 class=\"wp-block-heading\">Como os alunos avaliaram meu \u00faltimo curso?<\/h2>\n\n\n\n<p>Em abril de 2020, realizamos o curso avan\u00e7ado&nbsp;<a href=\"https:\/\/cadernosdematematica.com.br\/curoslatex\/documentos-modernos-com-latex\/\">Documentos Modernos com LaTeX<\/a>.<br>Ao final do curso os alunos preencheram um&nbsp;<a href=\"https:\/\/cadernosdematematica.com.br\/curoslatex\/2020\/04\/28\/avalie-o-curso\/\">formul\u00e1rio an\u00f4nimo de avalia\u00e7\u00e3o do curso<\/a>.<br><strong>100% dos alunos concludentes avaliaram o curso como \u00d3timo ou Bom.<\/strong><\/p>\n\n\n\n<p>O que os alunos disseram ao final do curso:<\/p>\n\n\n\n<ul class=\"wp-block-list\"><li>\u201cMuito bem explicado. E tirando d\u00favidas em tempo real.\u201d<\/li><li>\u201cO curso foi ministrado de forma excelente.\u201d<\/li><li>\u201cExcelente abordagem geral dos conte\u00fados e incentivo a aprendizagem continuada a partir das orienta\u00e7\u00f5es iniciais.\u201d<\/li><li>\u201cBom, pois o professor demostrava a maior aten\u00e7\u00e3o com todos que tinham d\u00favidas.\u201d<\/li><li>\u201cEstou fazendo uma disciplina do mestrado na qual aprendemos LaTeX para a escrita da disserta\u00e7\u00e3o. O curso foi de grande valia pois aprendi muitas coisas e macetes bacanas. Foi meu primeiro contato com o Overleaf e gostei demais.\u201d<\/li><li>\u201cO curso me fez conhecer recursos de LaTeX at\u00e9 ent\u00e3o desconhecidos para mim. O professor foi sempre muito acess\u00edvel tanto nas aulas quanto fora delas ao sanar d\u00favidas e sempre disponibilizar excelentes materiais de apoio.\u201d<\/li><\/ul>\n\n\n\n<h2 class=\"wp-block-heading\">Certificado<\/h2>\n\n\n\n<ul class=\"wp-block-list\"><li>A realiza\u00e7\u00e3o de pelo menos tr\u00eas das quatro atividades propostas, d\u00e1 direito a certificado de 20 horas.<\/li><\/ul>\n\n\n\n<h2 class=\"wp-block-heading\">Investimento<\/h2>\n\n\n\n<p>R$ 79,90 a ser pago atrav\u00e9s da plataforma&nbsp;<strong>Cielo<\/strong>&nbsp;ap\u00f3s o preenchimento da ficha de inscri\u00e7\u00e3o. O pagamento pode ser feito por cart\u00e3o de cr\u00e9dito, d\u00e9bito ou por PIX. <\/p>\n\n\n\n<h2 class=\"wp-block-heading\">Inscri\u00e7\u00f5es<\/h2>\n\n\n\n<div class=\"wp-block-buttons is-layout-flex wp-block-buttons-is-layout-flex\">\n<div class=\"wp-block-button\"><a class=\"wp-block-button__link has-colibri-color-6-color has-text-color has-background\" href=\"https:\/\/cadernosdematematica.com.br\/curoslatex\/inscricao\/\" style=\"background-color:#c7233c\">Acesse a p\u00e1gina da Secretaria<\/a><\/div>\n<\/div>\n\n\n\n<p><\/p>\n","protected":false},"excerpt":{"rendered":"<p>Apresenta\u00e7\u00e3o Neste curso aprenderemos a construir gr\u00e1ficos em LaTeX com a poderosa ferramenta TikZ. Voc\u00ea aprender a construir gr\u00e1ficos com qualidade profissional e integrados ao seu documento LaTeX. Datas O curso ser\u00e1 realizada em tempo real pelo Google Meet nos dias 07, 14, 21 e 28 de Outubro, de 17h \u00e0s 18h 30 min. Tipos de Gr\u00e1ficos Com Tikz \u00e9<\/p>\n","protected":false},"author":1,"featured_media":1677,"parent":0,"menu_order":0,"comment_status":"closed","ping_status":"closed","template":"","meta":{"footnotes":""},"class_list":["post-790","page","type-page","status-publish","has-post-thumbnail","hentry"],"jetpack_sharing_enabled":true,"_links":{"self":[{"href":"https:\/\/cadernosdematematica.com.br\/curoslatex\/wp-json\/wp\/v2\/pages\/790","targetHints":{"allow":["GET"]}}],"collection":[{"href":"https:\/\/cadernosdematematica.com.br\/curoslatex\/wp-json\/wp\/v2\/pages"}],"about":[{"href":"https:\/\/cadernosdematematica.com.br\/curoslatex\/wp-json\/wp\/v2\/types\/page"}],"author":[{"embeddable":true,"href":"https:\/\/cadernosdematematica.com.br\/curoslatex\/wp-json\/wp\/v2\/users\/1"}],"replies":[{"embeddable":true,"href":"https:\/\/cadernosdematematica.com.br\/curoslatex\/wp-json\/wp\/v2\/comments?post=790"}],"version-history":[{"count":49,"href":"https:\/\/cadernosdematematica.com.br\/curoslatex\/wp-json\/wp\/v2\/pages\/790\/revisions"}],"predecessor-version":[{"id":1678,"href":"https:\/\/cadernosdematematica.com.br\/curoslatex\/wp-json\/wp\/v2\/pages\/790\/revisions\/1678"}],"wp:featuredmedia":[{"embeddable":true,"href":"https:\/\/cadernosdematematica.com.br\/curoslatex\/wp-json\/wp\/v2\/media\/1677"}],"wp:attachment":[{"href":"https:\/\/cadernosdematematica.com.br\/curoslatex\/wp-json\/wp\/v2\/media?parent=790"}],"curies":[{"name":"wp","href":"https:\/\/api.w.org\/{rel}","templated":true}]}}