{"id":1030,"date":"2021-12-21T07:38:24","date_gmt":"2021-12-21T10:38:24","guid":{"rendered":"https:\/\/cadernosdematematica.com.br\/profmat\/?page_id=1030"},"modified":"2023-02-22T17:24:07","modified_gmt":"2023-02-22T20:24:07","slug":"matematica-para-o-profmat-2022","status":"publish","type":"page","link":"https:\/\/cadernosdematematica.com.br\/profmat\/matematica-para-o-profmat-2022\/","title":{"rendered":"Matem\u00e1tica para o PROFMAT 2023"},"content":{"rendered":"<div id=\"metaslider-id-1655\" style=\"width: 100%;\" class=\"ml-slider-3-107-0 ml-slider-pro-2-48-0 metaslider metaslider-flex metaslider-1655 ml-slider has-dots-nav ms-theme-architekt\" role=\"region\" aria-label=\"New Slideshow\" data-height=\"250\" data-width=\"1340\">\n    <div id=\"metaslider_container_1655\">\n        <div id=\"metaslider_1655\" class=\"flexslider\">\n            <ul class='slides'>\n                <li style=\"display: block; width: 100%;\" class=\"slide-1909 ms-image \" aria-roledescription=\"slide\" data-date=\"2023-10-25 07:44:24\" data-filename=\"PROFDISC.png\" data-slide-type=\"image\"><a href=\"https:\/\/cadernosdematematica.com.br\/profmat\/matematica-para-o-profmat-2022\/\" target=\"_self\" aria-label=\"View Slide Details\" class=\"metaslider_image_link\"><img loading=\"lazy\" decoding=\"async\" src=\"https:\/\/cadernosdematematica.com.br\/profmat\/wp-content\/uploads\/2023\/10\/PROFDISC.png\" height=\"250\" width=\"1340\" alt=\"\" class=\"slider-1655 slide-1909 msDefaultImage\" title=\"PROFDISC\" \/><\/a><\/li>\n                <li style=\"display: none; width: 100%;\" class=\"slide-2984 ms-image \" aria-roledescription=\"slide\" data-date=\"2025-11-06 03:58:12\" data-filename=\"Prancheta-1.png\" data-slide-type=\"image\"><a href=\"https:\/\/cadernosdematematica.com.br\/curoslatex\/latex-e-inteligencia-artificial\/\" target=\"_self\" aria-label=\"View Slide Details\" class=\"metaslider_image_link\"><img loading=\"lazy\" decoding=\"async\" src=\"https:\/\/cadernosdematematica.com.br\/profmat\/wp-content\/uploads\/2025\/11\/Prancheta-1.png\" height=\"250\" width=\"1340\" alt=\"\" class=\"slider-1655 slide-2984 msDefaultImage\" title=\"Prancheta 1\" \/><\/a><\/li>\n                <li style=\"display: none; width: 100%;\" class=\"slide-2071 ms-image \" aria-roledescription=\"slide\" data-date=\"2023-11-04 13:50:34\" data-filename=\"cabGA.png\" data-slide-type=\"image\"><a href=\"https:\/\/cadernosdematematica.com.br\/profmat\/profmat-geometria-analitica\/\" target=\"_blank\" aria-label=\"View Slide Details\" class=\"metaslider_image_link\"><img loading=\"lazy\" decoding=\"async\" src=\"https:\/\/cadernosdematematica.com.br\/profmat\/wp-content\/uploads\/2023\/11\/cabGA.png\" height=\"250\" width=\"1340\" alt=\"\" class=\"slider-1655 slide-2071 msDefaultImage\" title=\"cabGA\" \/><\/a><\/li>\n                <li style=\"display: none; width: 100%;\" class=\"slide-2167 ms-image \" aria-roledescription=\"slide\" data-date=\"2023-12-01 16:21:05\" data-filename=\"2000.png\" data-slide-type=\"image\"><img loading=\"lazy\" decoding=\"async\" src=\"https:\/\/cadernosdematematica.com.br\/profmat\/wp-content\/uploads\/2023\/12\/2000.png\" height=\"250\" width=\"1340\" alt=\"\" class=\"slider-1655 slide-2167 msDefaultImage\" title=\"+2000\" \/><\/li>\n                <li style=\"display: none; width: 100%;\" class=\"slide-1659 ms-image \" aria-roledescription=\"slide\" data-date=\"2023-01-12 18:54:44\" data-filename=\"Calculo.png\" data-slide-type=\"image\"><a href=\"https:\/\/cadernosdematematica.com.br\/profmat\/fundamentos-de-calculo\/\" target=\"_self\" aria-label=\"View Slide Details\" class=\"metaslider_image_link\"><img loading=\"lazy\" decoding=\"async\" src=\"https:\/\/cadernosdematematica.com.br\/profmat\/wp-content\/uploads\/2023\/11\/Calculo.png\" height=\"250\" width=\"1340\" alt=\"\" class=\"slider-1655 slide-1659 msDefaultImage\" title=\"Calculo\" \/><\/a><\/li>\n                <li style=\"display: none; width: 100%;\" class=\"slide-1656 ms-image \" aria-roledescription=\"slide\" data-date=\"2023-01-12 18:54:20\" data-filename=\"144CabSite.png\" data-slide-type=\"image\"><a href=\"http:\/\/www.scrivi.xyz\" target=\"_blank\" aria-label=\"View Slide Details\" class=\"metaslider_image_link\"><img loading=\"lazy\" decoding=\"async\" src=\"https:\/\/cadernosdematematica.com.br\/profmat\/wp-content\/uploads\/2023\/10\/144CabSite.png\" height=\"250\" width=\"1340\" alt=\"\" class=\"slider-1655 slide-1656 msDefaultImage\" title=\"144CabSite\" \/><\/a><div class=\"caption-wrap\"><div class=\"caption\"><div>Livro<\/div><\/div><\/div><\/li>\n                <li style=\"display: none; width: 100%;\" class=\"slide-2807 ms-image \" aria-roledescription=\"slide\" data-date=\"2025-07-09 19:05:37\" data-filename=\"144CabSite.png\" data-slide-type=\"image\"><a href=\"http:\/\/www.scrivi.xyz\" target=\"_blank\" aria-label=\"View Slide Details\" class=\"metaslider_image_link\"><img loading=\"lazy\" decoding=\"async\" src=\"https:\/\/cadernosdematematica.com.br\/profmat\/wp-content\/uploads\/2023\/10\/144CabSite.png\" height=\"250\" width=\"1340\" alt=\"\" class=\"slider-1655 slide-2807 msDefaultImage\" title=\"144CabSite\" \/><\/a><div class=\"caption-wrap\"><div class=\"caption\"><div>Livro<\/div><\/div><\/div><\/li>\n                <li style=\"display: none; width: 100%;\" class=\"slide-1898 ms-image \" aria-roledescription=\"slide\" data-date=\"2023-10-23 08:59:34\" data-filename=\"cabecaSiteENA27.png\" data-slide-type=\"image\"><a href=\"https:\/\/cadernosdematematica.com.br\/profmat\/curso-integral-ena-profmat-2025\/\" target=\"_blank\" aria-label=\"View Slide Details\" class=\"metaslider_image_link\"><img loading=\"lazy\" decoding=\"async\" src=\"https:\/\/cadernosdematematica.com.br\/profmat\/wp-content\/uploads\/2025\/11\/cabecaSiteENA27.png\" height=\"250\" width=\"1340\" alt=\"\" class=\"slider-1655 slide-1898 msDefaultImage\" title=\"cabecaSiteENA27\" \/><\/a><\/li>\n            <\/ul>\n        <\/div>\n        \n    <\/div>\n<\/div>\n\n\n<figure class=\"wp-block-embed is-type-video is-provider-youtube wp-block-embed-youtube wp-embed-aspect-16-9 wp-has-aspect-ratio\"><div class=\"wp-block-embed__wrapper\">\n<div class=\"ast-oembed-container \" style=\"height: 100%;\"><iframe loading=\"lazy\" title=\"Lan\u00e7amento dos Cursos Cadernos de Matem\u00e1tica\" width=\"500\" height=\"281\" src=\"https:\/\/www.youtube.com\/embed\/IT7pcz1IBXw?start=2084&#038;feature=oembed\" frameborder=\"0\" allow=\"accelerometer; autoplay; clipboard-write; encrypted-media; gyroscope; picture-in-picture; web-share\" referrerpolicy=\"strict-origin-when-cross-origin\" allowfullscreen><\/iframe><\/div>\n<\/div><\/figure>\n\n\n\n<p>O curso consistir\u00e1 em (1) conte\u00fado gravado com as as disciplinas b\u00e1sicas do PROFMAT, (2) aulas ao vivo quinzenais de resolu\u00e7\u00e3o de exerc\u00edcios e d\u00favidas em grupo, (3) Exclusivo Grupo Telegram para intera\u00e7\u00e3o entre os participantes e (4) monitoria individual para d\u00favidas (contratada separadamente).<\/p>\n\n\n\n<p><\/p>\n\n\n\n<h1 class=\"wp-block-heading\" id=\"2-conteudo-gravado\">(1) Conte\u00fado Gravado<\/h1>\n\n\n\n<p><\/p>\n\n\n\n<h2 class=\"wp-block-heading\" id=\"numeros-e-funcoes\">N\u00fameros e Fun\u00e7\u00f5es<\/h2>\n\n\n\n<ul class=\"wp-block-list\">\n<li>Conjuntos<\/li>\n\n\n\n<li>N\u00fameros Naturais<\/li>\n\n\n\n<li>N\u00fameros Cardinais<\/li>\n\n\n\n<li>N\u00fameros Reais<\/li>\n\n\n\n<li>Fun\u00e7\u00f5es Afins<\/li>\n\n\n\n<li>Fun\u00e7\u00f5es Quadr\u00e1ticas<\/li>\n\n\n\n<li>Fun\u00e7\u00f5es Polinomiais<\/li>\n\n\n\n<li>Fun\u00e7\u00f5es Exponenciais e Logar\u00edtmicas<\/li>\n\n\n\n<li>Fun\u00e7\u00f5es Trigonom\u00e9tricas<\/li>\n<\/ul>\n\n\n\n<p><\/p>\n\n\n\n<h2 class=\"wp-block-heading\" id=\"matematica-discreta\">Matem\u00e1tica Discreta<\/h2>\n\n\n\n<ul class=\"wp-block-list\">\n<li>N\u00fameros Naturais<\/li>\n\n\n\n<li>M\u00e9todo da Indu\u00e7\u00e3o<\/li>\n\n\n\n<li>Progress\u00f5es<\/li>\n\n\n\n<li>Recorr\u00eancias<\/li>\n\n\n\n<li>Matem\u00e1tica Financeira<\/li>\n\n\n\n<li>An\u00e1lise Combinat\u00f3ria<\/li>\n\n\n\n<li>Probabilidade<\/li>\n\n\n\n<li>M\u00e9dias e Princ\u00edpio das Gavetas<\/li>\n<\/ul>\n\n\n\n<h2 class=\"wp-block-heading\" id=\"geometria\">Geometria<\/h2>\n\n\n\n<p><\/p>\n\n\n\n<ul class=\"wp-block-list\">\n<li>Conceitos Geom\u00e9tricos B\u00e1sicos<\/li>\n\n\n\n<li>Congru\u00eancia de Tri\u00e2ngulos<\/li>\n\n\n\n<li>Lugares Geom\u00e9tricos<\/li>\n\n\n\n<li>Proporcionalidade e Semelhan\u00e7a<\/li>\n\n\n\n<li>\u00c1reas de Figuras Planas<\/li>\n\n\n\n<li>Trigonometria e Geometria<\/li>\n\n\n\n<li>Conceitos B\u00e1sicos em Geometria Espacial<\/li>\n\n\n\n<li>Alguns s\u00f3lidos simples<\/li>\n\n\n\n<li>Poliedros Convexos<\/li>\n\n\n\n<li>Volumes de S\u00f3lidos<\/li>\n<\/ul>\n\n\n\n<h2 class=\"wp-block-heading\" id=\"aritmetica\">Aritm\u00e9tica<\/h2>\n\n\n\n<ul class=\"wp-block-list\">\n<li>Os n\u00fameros Inteiros<\/li>\n\n\n\n<li>Aplica\u00e7\u00e3o da Indu\u00e7\u00e3o<\/li>\n\n\n\n<li>Divis\u00e3o nos Inteiros<\/li>\n\n\n\n<li>Representa\u00e7\u00e3o dos N\u00fameros Inteiros<\/li>\n\n\n\n<li>Algoritmo de Euclides<\/li>\n\n\n\n<li>Aplica\u00e7\u00f5es do MDC<\/li>\n\n\n\n<li>N\u00fameros Primos<\/li>\n\n\n\n<li>N\u00fameros Especiais<\/li>\n\n\n\n<li>Congru\u00eancias<\/li>\n\n\n\n<li>Os Teoremas de Euler e Wilson<\/li>\n\n\n\n<li>Congru\u00eancias Lineares e Classes Residuais<\/li>\n\n\n\n<li>Congru\u00eancias Quadr\u00e1ticas<\/li>\n<\/ul>\n\n\n\n<h2 class=\"wp-block-heading\" id=\"observacoes\">Observa\u00e7\u00f5es<\/h2>\n\n\n\n<ul class=\"wp-block-list\">\n<li>Todas as aulas est\u00e3o gravadas e dispon\u00edveis na plataforma do curso e poder\u00e3o ser acessadas at\u00e9 31\/7\/24<\/li>\n\n\n\n<li>O curso \u00e9 baseada nos livros textos oficiais do PROFMAT<\/li>\n<\/ul>\n\n\n\n<h3 class=\"wp-block-heading\" id=\"extra-mini-curso-de-introducao-a-aritmetica-a-partir-do-livro-circulos-matematicos-a-experiencia-russa-8h\">Extra! \u2013 Mini-curso de Introdu\u00e7\u00e3o a Aritm\u00e9tica a partir do livro C\u00edrculos Matem\u00e1ticos \u2013 A Experi\u00eancia Russa (8h)<\/h3>\n\n\n\n<ul class=\"wp-block-list\">\n<li>N\u00fameros Primos e Compostos<\/li>\n\n\n\n<li>MDC e MMC<\/li>\n\n\n\n<li>Restos<\/li>\n\n\n\n<li>Algoritmo de Euclides<\/li>\n\n\n\n<li>Congru\u00eancias<\/li>\n\n\n\n<li>Representa\u00e7\u00e3o Decimal e Testes de Divisibilidade<\/li>\n\n\n\n<li>Equa\u00e7\u00f5es Diofantinas<\/li>\n\n\n\n<li>Pequeno Teorema de Fermat e Teorema de Wilson<\/li>\n<\/ul>\n\n\n\n<h2 class=\"wp-block-heading\" id=\"3-aulas-ao-vivo\">(2) Aulas ao vivo<\/h2>\n\n\n\n<p>As aulas ao vivo acontecer\u00e3o em segundas alternadas, de 20h \u00e0s 21h 40min (nos meses de Mar\u00e7o a Junho e de Agosto a Novembro). Nestas aulas abordaremos as principais d\u00favidas dos alunos e resolveremos exerc\u00edcios do livro texto. <\/p>\n\n\n\n<p><\/p>\n\n\n\n<h2 class=\"wp-block-heading\" id=\"4-grupo-telegram\">(3) Grupo Telegram<\/h2>\n\n\n\n<p>Exclusivo grupo no Telegram para os alunos tirarem d\u00favidas entre si e diretamente com o professor.<\/p>\n\n\n\n<h2 class=\"wp-block-heading\" id=\"5-monitoria\">(4) Monitoria (opcional &#8211; contratado separadamente)<\/h2>\n\n\n\n<p>A monitoria funcionar\u00e1 de ter\u00e7a a quinta, de 19h \u00e0s 21h. O aluno faz o agendamento de uma sess\u00e3o de 30 minutos e envia as d\u00favidas para o monitor. Na data e hor\u00e1rio agendados, pelo Google Meet, o monitor atender\u00e1 na sala da monitoria. Outros alunos podem assistir o atendimento.<\/p>\n\n\n\n<h2 class=\"wp-block-heading\" id=\"carga-horaria\">Carga Hor\u00e1ria <\/h2>\n\n\n\n<p>A carga hor\u00e1ria total do curso anual \u00e9 estimada em 200h\/a.<\/p>\n\n\n\n<h2 class=\"wp-block-heading\" id=\"acesso\">Acesso<\/h2>\n\n\n\n<p>A partir do dia \u00fatil seguinte a confirma\u00e7\u00e3o do pagamento da inscri\u00e7\u00e3o.<\/p>\n\n\n\n<h2 class=\"wp-block-heading\" id=\"investimento\">Investimento<\/h2>\n\n\n\n<figure class=\"wp-block-table is-style-stripes\"><table class=\"has-very-light-gray-to-cyan-bluish-gray-gradient-background has-background\"><tbody><tr><td><br><\/td><td class=\"has-text-align-center\" data-align=\"center\"><strong>2 disciplinas<\/strong><\/td><td class=\"has-text-align-center\" data-align=\"center\"><strong>4 disciplinas<\/strong><\/td><\/tr><tr><td><strong>Em at\u00e9 6x no cart\u00e3o<\/strong><\/td><td class=\"has-text-align-center\" data-align=\"center\">699<\/td><td class=\"has-text-align-center\" data-align=\"center\">1299<\/td><\/tr><tr><td><strong>PIX, Boleto ou transfer\u00eancia<\/strong><\/td><td class=\"has-text-align-center\" data-align=\"center\">649<\/td><td class=\"has-text-align-center\" data-align=\"center\">1199<\/td><\/tr><\/tbody><\/table><\/figure>\n\n\n\n<h2 class=\"wp-block-heading\">Promo\u00e7\u00e3o por tempo limitado<\/h2>\n\n\n\n<figure class=\"wp-block-embed is-type-video is-provider-vimeo wp-block-embed-vimeo wp-embed-aspect-16-9 wp-has-aspect-ratio\"><div class=\"wp-block-embed__wrapper\">\n<div class=\"ast-oembed-container \" style=\"height: 100%;\"><iframe loading=\"lazy\" src=\"https:\/\/player.vimeo.com\/video\/801353371?dnt=1&amp;app_id=122963\" width=\"500\" height=\"281\" frameborder=\"0\" allow=\"autoplay; fullscreen; picture-in-picture; clipboard-write\"><\/iframe><\/div>\n<\/div><\/figure>\n\n\n\n<h2 class=\"wp-block-heading\" id=\"matriculas\">Matr\u00edculas<\/h2>\n\n\n\n<div class=\"wp-block-buttons is-layout-flex wp-block-buttons-is-layout-flex\">\n<div class=\"wp-block-button has-custom-font-size has-medium-font-size\"><a class=\"wp-block-button__link has-black-color has-very-light-gray-to-cyan-bluish-gray-gradient-background has-text-color has-background wp-element-button\" href=\"https:\/\/cadernosdematematica.com.br\/profmat\/inscricao-matematica-para-o-profmat-2022\/\" style=\"border-radius:0px\">Fa\u00e7a a sua inscri\u00e7\u00e3o na secretaria <\/a><\/div>\n<\/div>\n\n\n\n<h2 class=\"wp-block-heading\" id=\"duvidas\">D\u00favidas<\/h2>\n\n\n\n<p>Entre em contato pelo WhatsApp abaixo.<\/p>\n\n\n\n<div class=\"wp-block-jetpack-send-a-message\">\n<div class=\"wp-block-jetpack-whatsapp-button aligncenter is-color-dark\"><a class=\"whatsapp-block__button\" href=\"https:\/\/api.whatsapp.com\/send?phone=5585998098161&amp;text=(escreva%20aqui%20em%20qual%20curso%20est%C3%A1%20interessado%20(1)%20Integral%20ENA%20(para%20entrar%20no%20PROFMAT)%20(2)%20Matem%C3%A1tica%20para%20o%20PROFMAT%20(para%20quem%20j%C3%A1%20est%C3%A1%20no%20PROFMAT)%20ou%20(3)%20ENQ%20PROFMAT)\" style=\"background-color:#25D366;color:#fff\" target=\"_self\" rel=\"noopener noreferrer\">Secretaria Cadernos de Matem\u00e1tica<\/a><\/div>\n<\/div>\n","protected":false},"excerpt":{"rendered":"<p>O curso consistir\u00e1 em (1) conte\u00fado gravado com as as disciplinas b\u00e1sicas do PROFMAT, (2) aulas ao vivo quinzenais de [&hellip;]<\/p>\n","protected":false},"author":1,"featured_media":0,"parent":0,"menu_order":0,"comment_status":"closed","ping_status":"closed","template":"template-fullwidth.php","meta":{"site-sidebar-layout":"default","site-content-layout":"","ast-site-content-layout":"default","site-content-style":"default","site-sidebar-style":"default","ast-global-header-display":"","ast-banner-title-visibility":"","ast-main-header-display":"","ast-hfb-above-header-display":"","ast-hfb-below-header-display":"","ast-hfb-mobile-header-display":"","site-post-title":"","ast-breadcrumbs-content":"","ast-featured-img":"","footer-sml-layout":"","theme-transparent-header-meta":"","adv-header-id-meta":"","stick-header-meta":"","header-above-stick-meta":"","header-main-stick-meta":"","header-below-stick-meta":"","astra-migrate-meta-layouts":"default","ast-page-background-enabled":"default","ast-page-background-meta":{"desktop":{"background-color":"var(--ast-global-color-4)","background-image":"","background-repeat":"repeat","background-position":"center center","background-size":"auto","background-attachment":"scroll","background-type":"","background-media":"","overlay-type":"","overlay-color":"","overlay-opacity":"","overlay-gradient":""},"tablet":{"background-color":"","background-image":"","background-repeat":"repeat","background-position":"center center","background-size":"auto","background-attachment":"scroll","background-type":"","background-media":"","overlay-type":"","overlay-color":"","overlay-opacity":"","overlay-gradient":""},"mobile":{"background-color":"","background-image":"","background-repeat":"repeat","background-position":"center center","background-size":"auto","background-attachment":"scroll","background-type":"","background-media":"","overlay-type":"","overlay-color":"","overlay-opacity":"","overlay-gradient":""}},"ast-content-background-meta":{"desktop":{"background-color":"var(--ast-global-color-5)","background-image":"","background-repeat":"repeat","background-position":"center center","background-size":"auto","background-attachment":"scroll","background-type":"","background-media":"","overlay-type":"","overlay-color":"","overlay-opacity":"","overlay-gradient":""},"tablet":{"background-color":"var(--ast-global-color-5)","background-image":"","background-repeat":"repeat","background-position":"center center","background-size":"auto","background-attachment":"scroll","background-type":"","background-media":"","overlay-type":"","overlay-color":"","overlay-opacity":"","overlay-gradient":""},"mobile":{"background-color":"var(--ast-global-color-5)","background-image":"","background-repeat":"repeat","background-position":"center center","background-size":"auto","background-attachment":"scroll","background-type":"","background-media":"","overlay-type":"","overlay-color":"","overlay-opacity":"","overlay-gradient":""}},"footnotes":""},"class_list":["post-1030","page","type-page","status-publish","hentry"],"yoast_head":"<!-- This site is optimized with the Yoast SEO plugin v27.3 - https:\/\/yoast.com\/product\/yoast-seo-wordpress\/ -->\n<title>Matem\u00e1tica para o PROFMAT 2023 &#8211; Cadernos de Matem\u00e1tica - PROFMAT<\/title>\n<meta name=\"robots\" content=\"index, follow, max-snippet:-1, max-image-preview:large, max-video-preview:-1\" \/>\n<link rel=\"canonical\" href=\"https:\/\/cadernosdematematica.com.br\/profmat\/matematica-para-o-profmat-2022\/\" \/>\n<meta property=\"og:locale\" content=\"pt_PT\" \/>\n<meta property=\"og:type\" content=\"article\" \/>\n<meta property=\"og:title\" content=\"Matem\u00e1tica para o PROFMAT 2023 &#8211; Cadernos de Matem\u00e1tica - PROFMAT\" \/>\n<meta property=\"og:description\" content=\"O curso consistir\u00e1 em (1) conte\u00fado gravado com as as disciplinas b\u00e1sicas do PROFMAT, (2) aulas ao vivo quinzenais de [&hellip;]\" \/>\n<meta property=\"og:url\" content=\"https:\/\/cadernosdematematica.com.br\/profmat\/matematica-para-o-profmat-2022\/\" \/>\n<meta property=\"og:site_name\" content=\"Cadernos de Matem\u00e1tica - PROFMAT\" \/>\n<meta property=\"article:publisher\" content=\"https:\/\/www.facebook.com\/matematicacadernos\" \/>\n<meta property=\"article:modified_time\" content=\"2023-02-22T20:24:07+00:00\" \/>\n<meta name=\"twitter:card\" content=\"summary_large_image\" \/>\n<meta name=\"twitter:label1\" content=\"Tempo estimado de leitura\" \/>\n\t<meta name=\"twitter:data1\" content=\"3 minutos\" \/>\n<script type=\"application\/ld+json\" class=\"yoast-schema-graph\">{\"@context\":\"https:\\\/\\\/schema.org\",\"@graph\":[{\"@type\":\"WebPage\",\"@id\":\"https:\\\/\\\/cadernosdematematica.com.br\\\/profmat\\\/matematica-para-o-profmat-2022\\\/\",\"url\":\"https:\\\/\\\/cadernosdematematica.com.br\\\/profmat\\\/matematica-para-o-profmat-2022\\\/\",\"name\":\"Matem\u00e1tica para o PROFMAT 2023 &#8211; Cadernos de Matem\u00e1tica - PROFMAT\",\"isPartOf\":{\"@id\":\"https:\\\/\\\/cadernosdematematica.com.br\\\/profmat\\\/#website\"},\"datePublished\":\"2021-12-21T10:38:24+00:00\",\"dateModified\":\"2023-02-22T20:24:07+00:00\",\"breadcrumb\":{\"@id\":\"https:\\\/\\\/cadernosdematematica.com.br\\\/profmat\\\/matematica-para-o-profmat-2022\\\/#breadcrumb\"},\"inLanguage\":\"pt-PT\",\"potentialAction\":[{\"@type\":\"ReadAction\",\"target\":[\"https:\\\/\\\/cadernosdematematica.com.br\\\/profmat\\\/matematica-para-o-profmat-2022\\\/\"]}]},{\"@type\":\"BreadcrumbList\",\"@id\":\"https:\\\/\\\/cadernosdematematica.com.br\\\/profmat\\\/matematica-para-o-profmat-2022\\\/#breadcrumb\",\"itemListElement\":[{\"@type\":\"ListItem\",\"position\":1,\"name\":\"In\u00edcio\",\"item\":\"https:\\\/\\\/cadernosdematematica.com.br\\\/profmat\\\/\"},{\"@type\":\"ListItem\",\"position\":2,\"name\":\"Matem\u00e1tica para o PROFMAT 2023\"}]},{\"@type\":\"WebSite\",\"@id\":\"https:\\\/\\\/cadernosdematematica.com.br\\\/profmat\\\/#website\",\"url\":\"https:\\\/\\\/cadernosdematematica.com.br\\\/profmat\\\/\",\"name\":\"Cadernos de Matem\u00e1tica - PROFMAT\",\"description\":\"Matem\u00e1tica e LaTeX\",\"publisher\":{\"@id\":\"https:\\\/\\\/cadernosdematematica.com.br\\\/profmat\\\/#organization\"},\"alternateName\":\"cadmat\",\"potentialAction\":[{\"@type\":\"SearchAction\",\"target\":{\"@type\":\"EntryPoint\",\"urlTemplate\":\"https:\\\/\\\/cadernosdematematica.com.br\\\/profmat\\\/?s={search_term_string}\"},\"query-input\":{\"@type\":\"PropertyValueSpecification\",\"valueRequired\":true,\"valueName\":\"search_term_string\"}}],\"inLanguage\":\"pt-PT\"},{\"@type\":\"Organization\",\"@id\":\"https:\\\/\\\/cadernosdematematica.com.br\\\/profmat\\\/#organization\",\"name\":\"Cadernos de Matem\u00e1tica\",\"url\":\"https:\\\/\\\/cadernosdematematica.com.br\\\/profmat\\\/\",\"logo\":{\"@type\":\"ImageObject\",\"inLanguage\":\"pt-PT\",\"@id\":\"https:\\\/\\\/cadernosdematematica.com.br\\\/profmat\\\/#\\\/schema\\\/logo\\\/image\\\/\",\"url\":\"https:\\\/\\\/cadernosdematematica.com.br\\\/profmat\\\/wp-content\\\/uploads\\\/2020\\\/10\\\/cropped-logoasdf-1.png\",\"contentUrl\":\"https:\\\/\\\/cadernosdematematica.com.br\\\/profmat\\\/wp-content\\\/uploads\\\/2020\\\/10\\\/cropped-logoasdf-1.png\",\"width\":99,\"height\":99,\"caption\":\"Cadernos de Matem\u00e1tica\"},\"image\":{\"@id\":\"https:\\\/\\\/cadernosdematematica.com.br\\\/profmat\\\/#\\\/schema\\\/logo\\\/image\\\/\"},\"sameAs\":[\"https:\\\/\\\/www.facebook.com\\\/matematicacadernos\",\"https:\\\/\\\/www.youtube.com\\\/cadernosdematematica\"]}]}<\/script>\n<!-- \/ Yoast SEO plugin. -->","yoast_head_json":{"title":"Matem\u00e1tica para o PROFMAT 2023 &#8211; Cadernos de Matem\u00e1tica - PROFMAT","robots":{"index":"index","follow":"follow","max-snippet":"max-snippet:-1","max-image-preview":"max-image-preview:large","max-video-preview":"max-video-preview:-1"},"canonical":"https:\/\/cadernosdematematica.com.br\/profmat\/matematica-para-o-profmat-2022\/","og_locale":"pt_PT","og_type":"article","og_title":"Matem\u00e1tica para o PROFMAT 2023 &#8211; Cadernos de Matem\u00e1tica - PROFMAT","og_description":"O curso consistir\u00e1 em (1) conte\u00fado gravado com as as disciplinas b\u00e1sicas do PROFMAT, (2) aulas ao vivo quinzenais de [&hellip;]","og_url":"https:\/\/cadernosdematematica.com.br\/profmat\/matematica-para-o-profmat-2022\/","og_site_name":"Cadernos de Matem\u00e1tica - PROFMAT","article_publisher":"https:\/\/www.facebook.com\/matematicacadernos","article_modified_time":"2023-02-22T20:24:07+00:00","twitter_card":"summary_large_image","twitter_misc":{"Tempo estimado de leitura":"3 minutos"},"schema":{"@context":"https:\/\/schema.org","@graph":[{"@type":"WebPage","@id":"https:\/\/cadernosdematematica.com.br\/profmat\/matematica-para-o-profmat-2022\/","url":"https:\/\/cadernosdematematica.com.br\/profmat\/matematica-para-o-profmat-2022\/","name":"Matem\u00e1tica para o PROFMAT 2023 &#8211; Cadernos de Matem\u00e1tica - PROFMAT","isPartOf":{"@id":"https:\/\/cadernosdematematica.com.br\/profmat\/#website"},"datePublished":"2021-12-21T10:38:24+00:00","dateModified":"2023-02-22T20:24:07+00:00","breadcrumb":{"@id":"https:\/\/cadernosdematematica.com.br\/profmat\/matematica-para-o-profmat-2022\/#breadcrumb"},"inLanguage":"pt-PT","potentialAction":[{"@type":"ReadAction","target":["https:\/\/cadernosdematematica.com.br\/profmat\/matematica-para-o-profmat-2022\/"]}]},{"@type":"BreadcrumbList","@id":"https:\/\/cadernosdematematica.com.br\/profmat\/matematica-para-o-profmat-2022\/#breadcrumb","itemListElement":[{"@type":"ListItem","position":1,"name":"In\u00edcio","item":"https:\/\/cadernosdematematica.com.br\/profmat\/"},{"@type":"ListItem","position":2,"name":"Matem\u00e1tica para o PROFMAT 2023"}]},{"@type":"WebSite","@id":"https:\/\/cadernosdematematica.com.br\/profmat\/#website","url":"https:\/\/cadernosdematematica.com.br\/profmat\/","name":"Cadernos de Matem\u00e1tica - PROFMAT","description":"Matem\u00e1tica e LaTeX","publisher":{"@id":"https:\/\/cadernosdematematica.com.br\/profmat\/#organization"},"alternateName":"cadmat","potentialAction":[{"@type":"SearchAction","target":{"@type":"EntryPoint","urlTemplate":"https:\/\/cadernosdematematica.com.br\/profmat\/?s={search_term_string}"},"query-input":{"@type":"PropertyValueSpecification","valueRequired":true,"valueName":"search_term_string"}}],"inLanguage":"pt-PT"},{"@type":"Organization","@id":"https:\/\/cadernosdematematica.com.br\/profmat\/#organization","name":"Cadernos de Matem\u00e1tica","url":"https:\/\/cadernosdematematica.com.br\/profmat\/","logo":{"@type":"ImageObject","inLanguage":"pt-PT","@id":"https:\/\/cadernosdematematica.com.br\/profmat\/#\/schema\/logo\/image\/","url":"https:\/\/cadernosdematematica.com.br\/profmat\/wp-content\/uploads\/2020\/10\/cropped-logoasdf-1.png","contentUrl":"https:\/\/cadernosdematematica.com.br\/profmat\/wp-content\/uploads\/2020\/10\/cropped-logoasdf-1.png","width":99,"height":99,"caption":"Cadernos de Matem\u00e1tica"},"image":{"@id":"https:\/\/cadernosdematematica.com.br\/profmat\/#\/schema\/logo\/image\/"},"sameAs":["https:\/\/www.facebook.com\/matematicacadernos","https:\/\/www.youtube.com\/cadernosdematematica"]}]}},"jetpack_sharing_enabled":true,"_links":{"self":[{"href":"https:\/\/cadernosdematematica.com.br\/profmat\/wp-json\/wp\/v2\/pages\/1030","targetHints":{"allow":["GET"]}}],"collection":[{"href":"https:\/\/cadernosdematematica.com.br\/profmat\/wp-json\/wp\/v2\/pages"}],"about":[{"href":"https:\/\/cadernosdematematica.com.br\/profmat\/wp-json\/wp\/v2\/types\/page"}],"author":[{"embeddable":true,"href":"https:\/\/cadernosdematematica.com.br\/profmat\/wp-json\/wp\/v2\/users\/1"}],"replies":[{"embeddable":true,"href":"https:\/\/cadernosdematematica.com.br\/profmat\/wp-json\/wp\/v2\/comments?post=1030"}],"version-history":[{"count":37,"href":"https:\/\/cadernosdematematica.com.br\/profmat\/wp-json\/wp\/v2\/pages\/1030\/revisions"}],"predecessor-version":[{"id":1703,"href":"https:\/\/cadernosdematematica.com.br\/profmat\/wp-json\/wp\/v2\/pages\/1030\/revisions\/1703"}],"wp:attachment":[{"href":"https:\/\/cadernosdematematica.com.br\/profmat\/wp-json\/wp\/v2\/media?parent=1030"}],"curies":[{"name":"wp","href":"https:\/\/api.w.org\/{rel}","templated":true}]}}