{"id":1047,"date":"2021-12-21T20:32:29","date_gmt":"2021-12-21T23:32:29","guid":{"rendered":"https:\/\/cadernosdematematica.com.br\/profmat\/?page_id=1047"},"modified":"2022-12-13T17:29:15","modified_gmt":"2022-12-13T20:29:15","slug":"inscricao-matematica-para-o-profmat-2022","status":"publish","type":"page","link":"https:\/\/cadernosdematematica.com.br\/profmat\/inscricao-matematica-para-o-profmat-2022\/","title":{"rendered":"Inscri\u00e7\u00e3o Matem\u00e1tica para o PROFMAT"},"content":{"rendered":"<div class=\"everest-forms\"><p class=\"everst-forms-form-disable-notice everest-forms-notice everest-forms-notice--info\">This form is disabled.<\/p><\/div>\n","protected":false},"excerpt":{"rendered":"","protected":false},"author":1,"featured_media":0,"parent":0,"menu_order":0,"comment_status":"closed","ping_status":"closed","template":"template-fullwidth.php","meta":{"site-sidebar-layout":"default","site-content-layout":"","ast-site-content-layout":"default","site-content-style":"default","site-sidebar-style":"default","ast-global-header-display":"","ast-banner-title-visibility":"","ast-main-header-display":"","ast-hfb-above-header-display":"","ast-hfb-below-header-display":"","ast-hfb-mobile-header-display":"","site-post-title":"","ast-breadcrumbs-content":"","ast-featured-img":"","footer-sml-layout":"","theme-transparent-header-meta":"","adv-header-id-meta":"","stick-header-meta":"","header-above-stick-meta":"","header-main-stick-meta":"","header-below-stick-meta":"","astra-migrate-meta-layouts":"default","ast-page-background-enabled":"default","ast-page-background-meta":{"desktop":{"background-color":"var(--ast-global-color-4)","background-image":"","background-repeat":"repeat","background-position":"center center","background-size":"auto","background-attachment":"scroll","background-type":"","background-media":"","overlay-type":"","overlay-color":"","overlay-opacity":"","overlay-gradient":""},"tablet":{"background-color":"","background-image":"","background-repeat":"repeat","background-position":"center center","background-size":"auto","background-attachment":"scroll","background-type":"","background-media":"","overlay-type":"","overlay-color":"","overlay-opacity":"","overlay-gradient":""},"mobile":{"background-color":"","background-image":"","background-repeat":"repeat","background-position":"center center","background-size":"auto","background-attachment":"scroll","background-type":"","background-media":"","overlay-type":"","overlay-color":"","overlay-opacity":"","overlay-gradient":""}},"ast-content-background-meta":{"desktop":{"background-color":"var(--ast-global-color-5)","background-image":"","background-repeat":"repeat","background-position":"center center","background-size":"auto","background-attachment":"scroll","background-type":"","background-media":"","overlay-type":"","overlay-color":"","overlay-opacity":"","overlay-gradient":""},"tablet":{"background-color":"var(--ast-global-color-5)","background-image":"","background-repeat":"repeat","background-position":"center center","background-size":"auto","background-attachment":"scroll","background-type":"","background-media":"","overlay-type":"","overlay-color":"","overlay-opacity":"","overlay-gradient":""},"mobile":{"background-color":"var(--ast-global-color-5)","background-image":"","background-repeat":"repeat","background-position":"center center","background-size":"auto","background-attachment":"scroll","background-type":"","background-media":"","overlay-type":"","overlay-color":"","overlay-opacity":"","overlay-gradient":""}},"footnotes":""},"class_list":["post-1047","page","type-page","status-publish","hentry"],"yoast_head":"<!-- This site is optimized with the Yoast SEO plugin v27.3 - https:\/\/yoast.com\/product\/yoast-seo-wordpress\/ -->\n<title>Inscri\u00e7\u00e3o Matem\u00e1tica para o PROFMAT &#8211; Cadernos de Matem\u00e1tica - PROFMAT<\/title>\n<meta name=\"robots\" content=\"index, follow, max-snippet:-1, max-image-preview:large, max-video-preview:-1\" \/>\n<link rel=\"canonical\" href=\"https:\/\/cadernosdematematica.com.br\/profmat\/inscricao-matematica-para-o-profmat-2022\/\" \/>\n<meta property=\"og:locale\" content=\"pt_PT\" \/>\n<meta property=\"og:type\" content=\"article\" \/>\n<meta property=\"og:title\" content=\"Inscri\u00e7\u00e3o Matem\u00e1tica para o PROFMAT &#8211; Cadernos de Matem\u00e1tica - PROFMAT\" \/>\n<meta property=\"og:url\" content=\"https:\/\/cadernosdematematica.com.br\/profmat\/inscricao-matematica-para-o-profmat-2022\/\" \/>\n<meta property=\"og:site_name\" content=\"Cadernos de Matem\u00e1tica - PROFMAT\" \/>\n<meta property=\"article:publisher\" content=\"https:\/\/www.facebook.com\/matematicacadernos\" \/>\n<meta property=\"article:modified_time\" content=\"2022-12-13T20:29:15+00:00\" \/>\n<meta name=\"twitter:card\" content=\"summary_large_image\" \/>\n<script type=\"application\/ld+json\" class=\"yoast-schema-graph\">{\"@context\":\"https:\\\/\\\/schema.org\",\"@graph\":[{\"@type\":\"WebPage\",\"@id\":\"https:\\\/\\\/cadernosdematematica.com.br\\\/profmat\\\/inscricao-matematica-para-o-profmat-2022\\\/\",\"url\":\"https:\\\/\\\/cadernosdematematica.com.br\\\/profmat\\\/inscricao-matematica-para-o-profmat-2022\\\/\",\"name\":\"Inscri\u00e7\u00e3o Matem\u00e1tica para o PROFMAT &#8211; Cadernos de Matem\u00e1tica - PROFMAT\",\"isPartOf\":{\"@id\":\"https:\\\/\\\/cadernosdematematica.com.br\\\/profmat\\\/#website\"},\"datePublished\":\"2021-12-21T23:32:29+00:00\",\"dateModified\":\"2022-12-13T20:29:15+00:00\",\"breadcrumb\":{\"@id\":\"https:\\\/\\\/cadernosdematematica.com.br\\\/profmat\\\/inscricao-matematica-para-o-profmat-2022\\\/#breadcrumb\"},\"inLanguage\":\"pt-PT\",\"potentialAction\":[{\"@type\":\"ReadAction\",\"target\":[\"https:\\\/\\\/cadernosdematematica.com.br\\\/profmat\\\/inscricao-matematica-para-o-profmat-2022\\\/\"]}]},{\"@type\":\"BreadcrumbList\",\"@id\":\"https:\\\/\\\/cadernosdematematica.com.br\\\/profmat\\\/inscricao-matematica-para-o-profmat-2022\\\/#breadcrumb\",\"itemListElement\":[{\"@type\":\"ListItem\",\"position\":1,\"name\":\"In\u00edcio\",\"item\":\"https:\\\/\\\/cadernosdematematica.com.br\\\/profmat\\\/\"},{\"@type\":\"ListItem\",\"position\":2,\"name\":\"Inscri\u00e7\u00e3o Matem\u00e1tica para o PROFMAT\"}]},{\"@type\":\"WebSite\",\"@id\":\"https:\\\/\\\/cadernosdematematica.com.br\\\/profmat\\\/#website\",\"url\":\"https:\\\/\\\/cadernosdematematica.com.br\\\/profmat\\\/\",\"name\":\"Cadernos de Matem\u00e1tica - PROFMAT\",\"description\":\"Matem\u00e1tica e LaTeX\",\"publisher\":{\"@id\":\"https:\\\/\\\/cadernosdematematica.com.br\\\/profmat\\\/#organization\"},\"alternateName\":\"cadmat\",\"potentialAction\":[{\"@type\":\"SearchAction\",\"target\":{\"@type\":\"EntryPoint\",\"urlTemplate\":\"https:\\\/\\\/cadernosdematematica.com.br\\\/profmat\\\/?s={search_term_string}\"},\"query-input\":{\"@type\":\"PropertyValueSpecification\",\"valueRequired\":true,\"valueName\":\"search_term_string\"}}],\"inLanguage\":\"pt-PT\"},{\"@type\":\"Organization\",\"@id\":\"https:\\\/\\\/cadernosdematematica.com.br\\\/profmat\\\/#organization\",\"name\":\"Cadernos de Matem\u00e1tica\",\"url\":\"https:\\\/\\\/cadernosdematematica.com.br\\\/profmat\\\/\",\"logo\":{\"@type\":\"ImageObject\",\"inLanguage\":\"pt-PT\",\"@id\":\"https:\\\/\\\/cadernosdematematica.com.br\\\/profmat\\\/#\\\/schema\\\/logo\\\/image\\\/\",\"url\":\"https:\\\/\\\/cadernosdematematica.com.br\\\/profmat\\\/wp-content\\\/uploads\\\/2020\\\/10\\\/cropped-logoasdf-1.png\",\"contentUrl\":\"https:\\\/\\\/cadernosdematematica.com.br\\\/profmat\\\/wp-content\\\/uploads\\\/2020\\\/10\\\/cropped-logoasdf-1.png\",\"width\":99,\"height\":99,\"caption\":\"Cadernos de Matem\u00e1tica\"},\"image\":{\"@id\":\"https:\\\/\\\/cadernosdematematica.com.br\\\/profmat\\\/#\\\/schema\\\/logo\\\/image\\\/\"},\"sameAs\":[\"https:\\\/\\\/www.facebook.com\\\/matematicacadernos\",\"https:\\\/\\\/www.youtube.com\\\/cadernosdematematica\"]}]}<\/script>\n<!-- \/ Yoast SEO plugin. -->","yoast_head_json":{"title":"Inscri\u00e7\u00e3o Matem\u00e1tica para o PROFMAT &#8211; Cadernos de Matem\u00e1tica - PROFMAT","robots":{"index":"index","follow":"follow","max-snippet":"max-snippet:-1","max-image-preview":"max-image-preview:large","max-video-preview":"max-video-preview:-1"},"canonical":"https:\/\/cadernosdematematica.com.br\/profmat\/inscricao-matematica-para-o-profmat-2022\/","og_locale":"pt_PT","og_type":"article","og_title":"Inscri\u00e7\u00e3o Matem\u00e1tica para o PROFMAT &#8211; Cadernos de Matem\u00e1tica - PROFMAT","og_url":"https:\/\/cadernosdematematica.com.br\/profmat\/inscricao-matematica-para-o-profmat-2022\/","og_site_name":"Cadernos de Matem\u00e1tica - PROFMAT","article_publisher":"https:\/\/www.facebook.com\/matematicacadernos","article_modified_time":"2022-12-13T20:29:15+00:00","twitter_card":"summary_large_image","schema":{"@context":"https:\/\/schema.org","@graph":[{"@type":"WebPage","@id":"https:\/\/cadernosdematematica.com.br\/profmat\/inscricao-matematica-para-o-profmat-2022\/","url":"https:\/\/cadernosdematematica.com.br\/profmat\/inscricao-matematica-para-o-profmat-2022\/","name":"Inscri\u00e7\u00e3o Matem\u00e1tica para o PROFMAT &#8211; Cadernos de Matem\u00e1tica - PROFMAT","isPartOf":{"@id":"https:\/\/cadernosdematematica.com.br\/profmat\/#website"},"datePublished":"2021-12-21T23:32:29+00:00","dateModified":"2022-12-13T20:29:15+00:00","breadcrumb":{"@id":"https:\/\/cadernosdematematica.com.br\/profmat\/inscricao-matematica-para-o-profmat-2022\/#breadcrumb"},"inLanguage":"pt-PT","potentialAction":[{"@type":"ReadAction","target":["https:\/\/cadernosdematematica.com.br\/profmat\/inscricao-matematica-para-o-profmat-2022\/"]}]},{"@type":"BreadcrumbList","@id":"https:\/\/cadernosdematematica.com.br\/profmat\/inscricao-matematica-para-o-profmat-2022\/#breadcrumb","itemListElement":[{"@type":"ListItem","position":1,"name":"In\u00edcio","item":"https:\/\/cadernosdematematica.com.br\/profmat\/"},{"@type":"ListItem","position":2,"name":"Inscri\u00e7\u00e3o Matem\u00e1tica para o PROFMAT"}]},{"@type":"WebSite","@id":"https:\/\/cadernosdematematica.com.br\/profmat\/#website","url":"https:\/\/cadernosdematematica.com.br\/profmat\/","name":"Cadernos de Matem\u00e1tica - PROFMAT","description":"Matem\u00e1tica e LaTeX","publisher":{"@id":"https:\/\/cadernosdematematica.com.br\/profmat\/#organization"},"alternateName":"cadmat","potentialAction":[{"@type":"SearchAction","target":{"@type":"EntryPoint","urlTemplate":"https:\/\/cadernosdematematica.com.br\/profmat\/?s={search_term_string}"},"query-input":{"@type":"PropertyValueSpecification","valueRequired":true,"valueName":"search_term_string"}}],"inLanguage":"pt-PT"},{"@type":"Organization","@id":"https:\/\/cadernosdematematica.com.br\/profmat\/#organization","name":"Cadernos de Matem\u00e1tica","url":"https:\/\/cadernosdematematica.com.br\/profmat\/","logo":{"@type":"ImageObject","inLanguage":"pt-PT","@id":"https:\/\/cadernosdematematica.com.br\/profmat\/#\/schema\/logo\/image\/","url":"https:\/\/cadernosdematematica.com.br\/profmat\/wp-content\/uploads\/2020\/10\/cropped-logoasdf-1.png","contentUrl":"https:\/\/cadernosdematematica.com.br\/profmat\/wp-content\/uploads\/2020\/10\/cropped-logoasdf-1.png","width":99,"height":99,"caption":"Cadernos de Matem\u00e1tica"},"image":{"@id":"https:\/\/cadernosdematematica.com.br\/profmat\/#\/schema\/logo\/image\/"},"sameAs":["https:\/\/www.facebook.com\/matematicacadernos","https:\/\/www.youtube.com\/cadernosdematematica"]}]}},"jetpack_sharing_enabled":true,"_links":{"self":[{"href":"https:\/\/cadernosdematematica.com.br\/profmat\/wp-json\/wp\/v2\/pages\/1047","targetHints":{"allow":["GET"]}}],"collection":[{"href":"https:\/\/cadernosdematematica.com.br\/profmat\/wp-json\/wp\/v2\/pages"}],"about":[{"href":"https:\/\/cadernosdematematica.com.br\/profmat\/wp-json\/wp\/v2\/types\/page"}],"author":[{"embeddable":true,"href":"https:\/\/cadernosdematematica.com.br\/profmat\/wp-json\/wp\/v2\/users\/1"}],"replies":[{"embeddable":true,"href":"https:\/\/cadernosdematematica.com.br\/profmat\/wp-json\/wp\/v2\/comments?post=1047"}],"version-history":[{"count":2,"href":"https:\/\/cadernosdematematica.com.br\/profmat\/wp-json\/wp\/v2\/pages\/1047\/revisions"}],"predecessor-version":[{"id":1610,"href":"https:\/\/cadernosdematematica.com.br\/profmat\/wp-json\/wp\/v2\/pages\/1047\/revisions\/1610"}],"wp:attachment":[{"href":"https:\/\/cadernosdematematica.com.br\/profmat\/wp-json\/wp\/v2\/media?parent=1047"}],"curies":[{"name":"wp","href":"https:\/\/api.w.org\/{rel}","templated":true}]}}