{"id":1927,"date":"2023-10-31T23:43:12","date_gmt":"2023-11-01T02:43:12","guid":{"rendered":"https:\/\/cadernosdematematica.com.br\/profmat\/?page_id=1927"},"modified":"2025-12-28T23:04:14","modified_gmt":"2025-12-29T02:04:14","slug":"curso-integral-ena-profmat-2025","status":"publish","type":"page","link":"https:\/\/cadernosdematematica.com.br\/profmat\/curso-integral-ena-profmat-2025\/","title":{"rendered":"Curso ENA PROFMAT 2026\/2027"},"content":{"rendered":"<div id=\"metaslider-id-1655\" style=\"width: 100%;\" class=\"ml-slider-3-107-0 ml-slider-pro-2-48-0 metaslider metaslider-flex metaslider-1655 ml-slider has-dots-nav ms-theme-architekt\" role=\"region\" aria-label=\"New Slideshow\" data-height=\"250\" data-width=\"1340\">\n    <div id=\"metaslider_container_1655\">\n        <div id=\"metaslider_1655\" class=\"flexslider\">\n            <ul class='slides'>\n                <li style=\"display: block; width: 100%;\" class=\"slide-1898 ms-image \" aria-roledescription=\"slide\" data-date=\"2023-10-23 08:59:34\" data-filename=\"cabecaSiteENA27.png\" data-slide-type=\"image\"><a href=\"https:\/\/cadernosdematematica.com.br\/profmat\/curso-integral-ena-profmat-2025\/\" target=\"_blank\" aria-label=\"View Slide Details\" class=\"metaslider_image_link\"><img loading=\"lazy\" decoding=\"async\" src=\"https:\/\/cadernosdematematica.com.br\/profmat\/wp-content\/uploads\/2025\/11\/cabecaSiteENA27.png\" height=\"250\" width=\"1340\" alt=\"\" class=\"slider-1655 slide-1898 msDefaultImage\" title=\"cabecaSiteENA27\" \/><\/a><\/li>\n                <li style=\"display: none; width: 100%;\" class=\"slide-2984 ms-image \" aria-roledescription=\"slide\" data-date=\"2025-11-06 03:58:12\" data-filename=\"Prancheta-1.png\" data-slide-type=\"image\"><a href=\"https:\/\/cadernosdematematica.com.br\/curoslatex\/latex-e-inteligencia-artificial\/\" target=\"_self\" aria-label=\"View Slide Details\" class=\"metaslider_image_link\"><img loading=\"lazy\" decoding=\"async\" src=\"https:\/\/cadernosdematematica.com.br\/profmat\/wp-content\/uploads\/2025\/11\/Prancheta-1.png\" height=\"250\" width=\"1340\" alt=\"\" class=\"slider-1655 slide-2984 msDefaultImage\" title=\"Prancheta 1\" \/><\/a><\/li>\n                <li style=\"display: none; width: 100%;\" class=\"slide-1656 ms-image \" aria-roledescription=\"slide\" data-date=\"2023-01-12 18:54:20\" data-filename=\"144CabSite.png\" data-slide-type=\"image\"><a href=\"http:\/\/www.scrivi.xyz\" target=\"_blank\" aria-label=\"View Slide Details\" class=\"metaslider_image_link\"><img loading=\"lazy\" decoding=\"async\" src=\"https:\/\/cadernosdematematica.com.br\/profmat\/wp-content\/uploads\/2023\/10\/144CabSite.png\" height=\"250\" width=\"1340\" alt=\"\" class=\"slider-1655 slide-1656 msDefaultImage\" title=\"144CabSite\" \/><\/a><div class=\"caption-wrap\"><div class=\"caption\"><div>Livro<\/div><\/div><\/div><\/li>\n                <li style=\"display: none; width: 100%;\" class=\"slide-1659 ms-image \" aria-roledescription=\"slide\" data-date=\"2023-01-12 18:54:44\" data-filename=\"Calculo.png\" data-slide-type=\"image\"><a href=\"https:\/\/cadernosdematematica.com.br\/profmat\/fundamentos-de-calculo\/\" target=\"_self\" aria-label=\"View Slide Details\" class=\"metaslider_image_link\"><img loading=\"lazy\" decoding=\"async\" src=\"https:\/\/cadernosdematematica.com.br\/profmat\/wp-content\/uploads\/2023\/11\/Calculo.png\" height=\"250\" width=\"1340\" alt=\"\" class=\"slider-1655 slide-1659 msDefaultImage\" title=\"Calculo\" \/><\/a><\/li>\n                <li style=\"display: none; width: 100%;\" class=\"slide-2167 ms-image \" aria-roledescription=\"slide\" data-date=\"2023-12-01 16:21:05\" data-filename=\"2000.png\" data-slide-type=\"image\"><img loading=\"lazy\" decoding=\"async\" src=\"https:\/\/cadernosdematematica.com.br\/profmat\/wp-content\/uploads\/2023\/12\/2000.png\" height=\"250\" width=\"1340\" alt=\"\" class=\"slider-1655 slide-2167 msDefaultImage\" title=\"+2000\" \/><\/li>\n                <li style=\"display: none; width: 100%;\" class=\"slide-2807 ms-image \" aria-roledescription=\"slide\" data-date=\"2025-07-09 19:05:37\" data-filename=\"144CabSite.png\" data-slide-type=\"image\"><a href=\"http:\/\/www.scrivi.xyz\" target=\"_blank\" aria-label=\"View Slide Details\" class=\"metaslider_image_link\"><img loading=\"lazy\" decoding=\"async\" src=\"https:\/\/cadernosdematematica.com.br\/profmat\/wp-content\/uploads\/2023\/10\/144CabSite.png\" height=\"250\" width=\"1340\" alt=\"\" class=\"slider-1655 slide-2807 msDefaultImage\" title=\"144CabSite\" \/><\/a><div class=\"caption-wrap\"><div class=\"caption\"><div>Livro<\/div><\/div><\/div><\/li>\n                <li style=\"display: none; width: 100%;\" class=\"slide-2071 ms-image \" aria-roledescription=\"slide\" data-date=\"2023-11-04 13:50:34\" data-filename=\"cabGA.png\" data-slide-type=\"image\"><a href=\"https:\/\/cadernosdematematica.com.br\/profmat\/profmat-geometria-analitica\/\" target=\"_blank\" aria-label=\"View Slide Details\" class=\"metaslider_image_link\"><img loading=\"lazy\" decoding=\"async\" src=\"https:\/\/cadernosdematematica.com.br\/profmat\/wp-content\/uploads\/2023\/11\/cabGA.png\" height=\"250\" width=\"1340\" alt=\"\" class=\"slider-1655 slide-2071 msDefaultImage\" title=\"cabGA\" \/><\/a><\/li>\n                <li style=\"display: none; width: 100%;\" class=\"slide-1909 ms-image \" aria-roledescription=\"slide\" data-date=\"2023-10-25 07:44:24\" data-filename=\"PROFDISC.png\" data-slide-type=\"image\"><a href=\"https:\/\/cadernosdematematica.com.br\/profmat\/matematica-para-o-profmat-2022\/\" target=\"_self\" aria-label=\"View Slide Details\" class=\"metaslider_image_link\"><img loading=\"lazy\" decoding=\"async\" src=\"https:\/\/cadernosdematematica.com.br\/profmat\/wp-content\/uploads\/2023\/10\/PROFDISC.png\" height=\"250\" width=\"1340\" alt=\"\" class=\"slider-1655 slide-1909 msDefaultImage\" title=\"PROFDISC\" \/><\/a><\/li>\n            <\/ul>\n        <\/div>\n        \n    <\/div>\n<\/div>\n\n\n<figure class=\"wp-block-embed is-type-video is-provider-youtube wp-block-embed-youtube wp-embed-aspect-16-9 wp-has-aspect-ratio\"><div class=\"wp-block-embed__wrapper\">\n<div class=\"ast-oembed-container \" style=\"height: 100%;\"><iframe loading=\"lazy\" title=\"(quase) Tudo que voc\u00ea precisa saber sobre o PROFMAT\" width=\"500\" height=\"281\" src=\"https:\/\/www.youtube.com\/embed\/1ecRLC1GgBQ?feature=oembed\" frameborder=\"0\" allow=\"accelerometer; autoplay; clipboard-write; encrypted-media; gyroscope; picture-in-picture; web-share\" referrerpolicy=\"strict-origin-when-cross-origin\" allowfullscreen><\/iframe><\/div>\n<\/div><\/figure>\n\n\n\n<h2 class=\"wp-block-heading\">Informa\u00e7\u00f5es<\/h2>\n\n\n\n<figure class=\"wp-block-image alignright size-full\"><img loading=\"lazy\" decoding=\"async\" width=\"480\" height=\"270\" src=\"https:\/\/cadernosdematematica.com.br\/profmat\/wp-content\/uploads\/2024\/02\/alvo.png\" alt=\"\" class=\"wp-image-2203\" srcset=\"https:\/\/cadernosdematematica.com.br\/profmat\/wp-content\/uploads\/2024\/02\/alvo.png 480w, https:\/\/cadernosdematematica.com.br\/profmat\/wp-content\/uploads\/2024\/02\/alvo-300x169.png 300w\" sizes=\"auto, (max-width: 480px) 100vw, 480px\" \/><\/figure>\n\n\n\n<ul class=\"wp-block-list\">\n<li>O curso cobre todos os t\u00f3picos do Exame de Acesso ao <a href=\"https:\/\/cadernosdematematica.com.br\/profmat\/o-que-e-o-profmat\/\">PROFMAT,<\/a> com garantia de atualiza\u00e7\u00e3o em caso de mudan\u00e7as no pr\u00f3ximo edital.<\/li>\n\n\n\n<li>Acesso exclusivo para um \u00fanico usu\u00e1rio, dispon\u00edvel em at\u00e9 dois dispositivos (limitado a uma tela por vez).<\/li>\n\n\n\n<li>Somos o \u00fanico curso que oferece simulados cronometrados na plataforma.<\/li>\n\n\n\n<li>Listas de Exerc\u00edcios em PDF para impress\u00e3o, Slides em PDF para visualiza\u00e7\u00e3o em tela.<\/li>\n\n\n\n<li>Todo o conte\u00fado do curso est\u00e1 dispon\u00edvel na plataforma, permitindo que o aluno estude no seu pr\u00f3prio ritmo.<\/li>\n\n\n\n<li>Acesso at\u00e9 o ENA 2027 (data prov\u00e1vel &#8211; outubro de 2026)<\/li>\n<\/ul>\n\n\n\n<p><\/p>\n\n\n\n<h2 class=\"wp-block-heading\">Curso ENA 2026\/2027 \u2022 Promo\u00e7\u00e3o de Lan\u00e7amento<\/h2>\n\n\n\n<p><\/p>\n\n\n\n<figure class=\"wp-block-table\"><table class=\"has-ast-global-color-5-color has-text-color has-background has-link-color has-fixed-layout\" style=\"background-color:#2e786e\"><thead><tr><th>CURSO ENA 2025<\/th><th class=\"has-text-align-center\" data-align=\"center\">VALOR REGULAR<\/th><th class=\"has-text-align-center\" data-align=\"center\">PROMO<\/th><\/tr><\/thead><tbody><tr><td>CART\u00c3O<\/td><td class=\"has-text-align-center\" data-align=\"center\"><s>R$ 749,00<\/s><\/td><td class=\"has-text-align-center\" data-align=\"center\">10xR$ 49,90<\/td><\/tr><tr><td>PIX<\/td><td class=\"has-text-align-center\" data-align=\"center\"><s>R$ 649,00<\/s><\/td><td class=\"has-text-align-center\" data-align=\"center\">R$ 449,00<\/td><\/tr><\/tbody><tfoot><tr><td>ACESSO AT\u00c9 O ENA 2027 \u2022 Inclui Simulados 2024, 2025, 2026<\/td><td class=\"has-text-align-center\" data-align=\"center\"><\/td><td class=\"has-text-align-center\" data-align=\"center\"><\/td><\/tr><\/tfoot><\/table><\/figure>\n\n\n\n<h2 class=\"wp-block-heading\">Curso ENA 2026\/2027 (Apostila Impressa)  \u2022 Promo\u00e7\u00e3o de Lan\u00e7amento <\/h2>\n\n\n\n<figure class=\"wp-block-table\"><table class=\"has-ast-global-color-5-color has-text-color has-background has-link-color has-fixed-layout\" style=\"background-color:#2e786e\"><thead><tr><th>CURSO ENA 2025<\/th><th class=\"has-text-align-center\" data-align=\"center\">VALOR REGULAR<\/th><th class=\"has-text-align-center\" data-align=\"center\">PROMO<\/th><\/tr><\/thead><tbody><tr><td>CART\u00c3O<\/td><td class=\"has-text-align-center\" data-align=\"center\"><s>R$ 949,00<\/s><\/td><td class=\"has-text-align-center\" data-align=\"center\">10xR$ 69,90<\/td><\/tr><tr><td>PIX<\/td><td class=\"has-text-align-center\" data-align=\"center\"><s>R$ 849,00<\/s><\/td><td class=\"has-text-align-center\" data-align=\"center\">R$ 649,00<\/td><\/tr><\/tbody><tfoot><tr><td>ACESSO AT\u00c9 O ENA 2027 \u2022 Inclui Simulados 2024, 2025, 2026<\/td><td class=\"has-text-align-center\" data-align=\"center\"><\/td><td class=\"has-text-align-center\" data-align=\"center\"><\/td><\/tr><\/tfoot><\/table><\/figure>\n\n\n\n<div class=\"wp-block-buttons is-layout-flex wp-block-buttons-is-layout-flex\">\n<div class=\"wp-block-button\"><a class=\"wp-block-button__link has-ast-global-color-5-color has-vivid-red-background-color has-text-color has-background has-link-color wp-element-button\" href=\"https:\/\/cadernosdematematica.com.br\/profmat\/ena-profmat-promo\/\">FAZER MATR\u00cdCULA<\/a><\/div>\n<\/div>\n\n\n\n<h2 class=\"wp-block-heading\">Apostila<\/h2>\n\n\n\n<p><a href=\"https:\/\/cadernosdematematica.com.br\/profmat\/apostila-ena\/\">Detalhes da apostila impressa<\/a><\/p>\n\n\n\n<h2 class=\"wp-block-heading\">Simulados<\/h2>\n\n\n\n<p>O Cadernos de Matem\u00e1tica \u00e9 o \u00fanico curso preparat\u00f3rio para o PROFMAT que oferece simulados cronometrados espec\u00edficos para o ENA. Disponibilizamos um simulado gratuito no link abaixo. Ap\u00f3s a realiza\u00e7\u00e3o, voc\u00ea receber\u00e1 o link para assistir aos v\u00eddeos com a resolu\u00e7\u00e3o das quest\u00f5es.<\/p>\n\n\n\n<div class=\"wp-block-buttons is-layout-flex wp-block-buttons-is-layout-flex\">\n<div class=\"wp-block-button\"><a class=\"wp-block-button__link has-white-color has-primary-background-color has-text-color has-background has-link-color wp-element-button\" href=\"https:\/\/www.flexiquiz.com\/SC\/N\/751778ef-dc3c-4533-9bdb-ab2dc383e03f\" style=\"border-radius:0px\">Fazer Simulado Gr\u00e1tis<\/a><\/div>\n<\/div>\n\n\n\n<h2 class=\"wp-block-heading\" id=\"duvidas\">D\u00favidas<\/h2>\n\n\n\n<p>Voc\u00ea tem alguma d\u00favida? Entre em contato com a secretaria.<\/p>\n\n\n\n<div class=\"wp-block-jetpack-send-a-message\">\n<div class=\"wp-block-jetpack-whatsapp-button is-color-dark\"><a class=\"whatsapp-block__button\" href=\"https:\/\/api.whatsapp.com\/send?phone=558530210570&amp;text=Ol%C3%A1%2C%20estou%20interessado%20no%20curso%20Integral%20ENA%20PROFMAT...\" style=\"background-color:#25D366;color:#fff\" target=\"_self\" rel=\"noopener noreferrer\">Atendimento Secretaria<\/a><\/div>\n<\/div>\n\n\n\n<p><\/p>\n","protected":false},"excerpt":{"rendered":"<p>Informa\u00e7\u00f5es Curso ENA 2026\/2027 \u2022 Promo\u00e7\u00e3o de Lan\u00e7amento CURSO ENA 2025 VALOR REGULAR PROMO CART\u00c3O R$ 749,00 10xR$ 49,90 PIX [&hellip;]<\/p>\n","protected":false},"author":1,"featured_media":0,"parent":0,"menu_order":0,"comment_status":"closed","ping_status":"closed","template":"","meta":{"site-sidebar-layout":"default","site-content-layout":"","ast-site-content-layout":"default","site-content-style":"default","site-sidebar-style":"default","ast-global-header-display":"","ast-banner-title-visibility":"","ast-main-header-display":"","ast-hfb-above-header-display":"","ast-hfb-below-header-display":"","ast-hfb-mobile-header-display":"","site-post-title":"","ast-breadcrumbs-content":"","ast-featured-img":"","footer-sml-layout":"","theme-transparent-header-meta":"","adv-header-id-meta":"","stick-header-meta":"","header-above-stick-meta":"","header-main-stick-meta":"","header-below-stick-meta":"","astra-migrate-meta-layouts":"default","ast-page-background-enabled":"default","ast-page-background-meta":{"desktop":{"background-color":"var(--ast-global-color-4)","background-image":"","background-repeat":"repeat","background-position":"center center","background-size":"auto","background-attachment":"scroll","background-type":"","background-media":"","overlay-type":"","overlay-color":"","overlay-opacity":"","overlay-gradient":""},"tablet":{"background-color":"","background-image":"","background-repeat":"repeat","background-position":"center center","background-size":"auto","background-attachment":"scroll","background-type":"","background-media":"","overlay-type":"","overlay-color":"","overlay-opacity":"","overlay-gradient":""},"mobile":{"background-color":"","background-image":"","background-repeat":"repeat","background-position":"center center","background-size":"auto","background-attachment":"scroll","background-type":"","background-media":"","overlay-type":"","overlay-color":"","overlay-opacity":"","overlay-gradient":""}},"ast-content-background-meta":{"desktop":{"background-color":"var(--ast-global-color-5)","background-image":"","background-repeat":"repeat","background-position":"center center","background-size":"auto","background-attachment":"scroll","background-type":"","background-media":"","overlay-type":"","overlay-color":"","overlay-opacity":"","overlay-gradient":""},"tablet":{"background-color":"var(--ast-global-color-5)","background-image":"","background-repeat":"repeat","background-position":"center center","background-size":"auto","background-attachment":"scroll","background-type":"","background-media":"","overlay-type":"","overlay-color":"","overlay-opacity":"","overlay-gradient":""},"mobile":{"background-color":"var(--ast-global-color-5)","background-image":"","background-repeat":"repeat","background-position":"center center","background-size":"auto","background-attachment":"scroll","background-type":"","background-media":"","overlay-type":"","overlay-color":"","overlay-opacity":"","overlay-gradient":""}},"footnotes":""},"class_list":["post-1927","page","type-page","status-publish","hentry"],"yoast_head":"<!-- This site is optimized with the Yoast SEO plugin v27.3 - https:\/\/yoast.com\/product\/yoast-seo-wordpress\/ -->\n<title>Curso ENA PROFMAT 2026\/2027 &#8211; Cadernos de Matem\u00e1tica - PROFMAT<\/title>\n<meta name=\"robots\" content=\"index, follow, max-snippet:-1, max-image-preview:large, max-video-preview:-1\" \/>\n<link rel=\"canonical\" href=\"https:\/\/cadernosdematematica.com.br\/profmat\/curso-integral-ena-profmat-2025\/\" \/>\n<meta property=\"og:locale\" content=\"pt_PT\" \/>\n<meta property=\"og:type\" content=\"article\" \/>\n<meta property=\"og:title\" content=\"Curso ENA PROFMAT 2026\/2027 &#8211; Cadernos de Matem\u00e1tica - PROFMAT\" \/>\n<meta property=\"og:description\" content=\"Informa\u00e7\u00f5es Curso ENA 2026\/2027 \u2022 Promo\u00e7\u00e3o de Lan\u00e7amento CURSO ENA 2025 VALOR REGULAR PROMO CART\u00c3O R$ 749,00 10xR$ 49,90 PIX [&hellip;]\" \/>\n<meta property=\"og:url\" content=\"https:\/\/cadernosdematematica.com.br\/profmat\/curso-integral-ena-profmat-2025\/\" \/>\n<meta property=\"og:site_name\" content=\"Cadernos de Matem\u00e1tica - PROFMAT\" \/>\n<meta property=\"article:publisher\" content=\"https:\/\/www.facebook.com\/matematicacadernos\" \/>\n<meta property=\"article:modified_time\" content=\"2025-12-29T02:04:14+00:00\" \/>\n<meta property=\"og:image\" content=\"https:\/\/cadernosdematematica.com.br\/profmat\/wp-content\/uploads\/2024\/02\/alvo.png\" \/>\n<meta name=\"twitter:card\" content=\"summary_large_image\" \/>\n<meta name=\"twitter:label1\" content=\"Tempo estimado de leitura\" \/>\n\t<meta name=\"twitter:data1\" content=\"2 minutos\" \/>\n<script type=\"application\/ld+json\" class=\"yoast-schema-graph\">{\"@context\":\"https:\\\/\\\/schema.org\",\"@graph\":[{\"@type\":\"WebPage\",\"@id\":\"https:\\\/\\\/cadernosdematematica.com.br\\\/profmat\\\/curso-integral-ena-profmat-2025\\\/\",\"url\":\"https:\\\/\\\/cadernosdematematica.com.br\\\/profmat\\\/curso-integral-ena-profmat-2025\\\/\",\"name\":\"Curso ENA PROFMAT 2026\\\/2027 &#8211; Cadernos de Matem\u00e1tica - PROFMAT\",\"isPartOf\":{\"@id\":\"https:\\\/\\\/cadernosdematematica.com.br\\\/profmat\\\/#website\"},\"primaryImageOfPage\":{\"@id\":\"https:\\\/\\\/cadernosdematematica.com.br\\\/profmat\\\/curso-integral-ena-profmat-2025\\\/#primaryimage\"},\"image\":{\"@id\":\"https:\\\/\\\/cadernosdematematica.com.br\\\/profmat\\\/curso-integral-ena-profmat-2025\\\/#primaryimage\"},\"thumbnailUrl\":\"https:\\\/\\\/cadernosdematematica.com.br\\\/profmat\\\/wp-content\\\/uploads\\\/2024\\\/02\\\/alvo.png\",\"datePublished\":\"2023-11-01T02:43:12+00:00\",\"dateModified\":\"2025-12-29T02:04:14+00:00\",\"breadcrumb\":{\"@id\":\"https:\\\/\\\/cadernosdematematica.com.br\\\/profmat\\\/curso-integral-ena-profmat-2025\\\/#breadcrumb\"},\"inLanguage\":\"pt-PT\",\"potentialAction\":[{\"@type\":\"ReadAction\",\"target\":[\"https:\\\/\\\/cadernosdematematica.com.br\\\/profmat\\\/curso-integral-ena-profmat-2025\\\/\"]}]},{\"@type\":\"ImageObject\",\"inLanguage\":\"pt-PT\",\"@id\":\"https:\\\/\\\/cadernosdematematica.com.br\\\/profmat\\\/curso-integral-ena-profmat-2025\\\/#primaryimage\",\"url\":\"https:\\\/\\\/cadernosdematematica.com.br\\\/profmat\\\/wp-content\\\/uploads\\\/2024\\\/02\\\/alvo.png\",\"contentUrl\":\"https:\\\/\\\/cadernosdematematica.com.br\\\/profmat\\\/wp-content\\\/uploads\\\/2024\\\/02\\\/alvo.png\",\"width\":480,\"height\":270},{\"@type\":\"BreadcrumbList\",\"@id\":\"https:\\\/\\\/cadernosdematematica.com.br\\\/profmat\\\/curso-integral-ena-profmat-2025\\\/#breadcrumb\",\"itemListElement\":[{\"@type\":\"ListItem\",\"position\":1,\"name\":\"In\u00edcio\",\"item\":\"https:\\\/\\\/cadernosdematematica.com.br\\\/profmat\\\/\"},{\"@type\":\"ListItem\",\"position\":2,\"name\":\"Curso ENA PROFMAT 2026\\\/2027\"}]},{\"@type\":\"WebSite\",\"@id\":\"https:\\\/\\\/cadernosdematematica.com.br\\\/profmat\\\/#website\",\"url\":\"https:\\\/\\\/cadernosdematematica.com.br\\\/profmat\\\/\",\"name\":\"Cadernos de Matem\u00e1tica - PROFMAT\",\"description\":\"Matem\u00e1tica e LaTeX\",\"publisher\":{\"@id\":\"https:\\\/\\\/cadernosdematematica.com.br\\\/profmat\\\/#organization\"},\"alternateName\":\"cadmat\",\"potentialAction\":[{\"@type\":\"SearchAction\",\"target\":{\"@type\":\"EntryPoint\",\"urlTemplate\":\"https:\\\/\\\/cadernosdematematica.com.br\\\/profmat\\\/?s={search_term_string}\"},\"query-input\":{\"@type\":\"PropertyValueSpecification\",\"valueRequired\":true,\"valueName\":\"search_term_string\"}}],\"inLanguage\":\"pt-PT\"},{\"@type\":\"Organization\",\"@id\":\"https:\\\/\\\/cadernosdematematica.com.br\\\/profmat\\\/#organization\",\"name\":\"Cadernos de Matem\u00e1tica\",\"url\":\"https:\\\/\\\/cadernosdematematica.com.br\\\/profmat\\\/\",\"logo\":{\"@type\":\"ImageObject\",\"inLanguage\":\"pt-PT\",\"@id\":\"https:\\\/\\\/cadernosdematematica.com.br\\\/profmat\\\/#\\\/schema\\\/logo\\\/image\\\/\",\"url\":\"https:\\\/\\\/cadernosdematematica.com.br\\\/profmat\\\/wp-content\\\/uploads\\\/2020\\\/10\\\/cropped-logoasdf-1.png\",\"contentUrl\":\"https:\\\/\\\/cadernosdematematica.com.br\\\/profmat\\\/wp-content\\\/uploads\\\/2020\\\/10\\\/cropped-logoasdf-1.png\",\"width\":99,\"height\":99,\"caption\":\"Cadernos de Matem\u00e1tica\"},\"image\":{\"@id\":\"https:\\\/\\\/cadernosdematematica.com.br\\\/profmat\\\/#\\\/schema\\\/logo\\\/image\\\/\"},\"sameAs\":[\"https:\\\/\\\/www.facebook.com\\\/matematicacadernos\",\"https:\\\/\\\/www.youtube.com\\\/cadernosdematematica\"]}]}<\/script>\n<!-- \/ Yoast SEO plugin. -->","yoast_head_json":{"title":"Curso ENA PROFMAT 2026\/2027 &#8211; Cadernos de Matem\u00e1tica - PROFMAT","robots":{"index":"index","follow":"follow","max-snippet":"max-snippet:-1","max-image-preview":"max-image-preview:large","max-video-preview":"max-video-preview:-1"},"canonical":"https:\/\/cadernosdematematica.com.br\/profmat\/curso-integral-ena-profmat-2025\/","og_locale":"pt_PT","og_type":"article","og_title":"Curso ENA PROFMAT 2026\/2027 &#8211; Cadernos de Matem\u00e1tica - PROFMAT","og_description":"Informa\u00e7\u00f5es Curso ENA 2026\/2027 \u2022 Promo\u00e7\u00e3o de Lan\u00e7amento CURSO ENA 2025 VALOR REGULAR PROMO CART\u00c3O R$ 749,00 10xR$ 49,90 PIX [&hellip;]","og_url":"https:\/\/cadernosdematematica.com.br\/profmat\/curso-integral-ena-profmat-2025\/","og_site_name":"Cadernos de Matem\u00e1tica - PROFMAT","article_publisher":"https:\/\/www.facebook.com\/matematicacadernos","article_modified_time":"2025-12-29T02:04:14+00:00","og_image":[{"url":"https:\/\/cadernosdematematica.com.br\/profmat\/wp-content\/uploads\/2024\/02\/alvo.png","type":"","width":"","height":""}],"twitter_card":"summary_large_image","twitter_misc":{"Tempo estimado de leitura":"2 minutos"},"schema":{"@context":"https:\/\/schema.org","@graph":[{"@type":"WebPage","@id":"https:\/\/cadernosdematematica.com.br\/profmat\/curso-integral-ena-profmat-2025\/","url":"https:\/\/cadernosdematematica.com.br\/profmat\/curso-integral-ena-profmat-2025\/","name":"Curso ENA PROFMAT 2026\/2027 &#8211; Cadernos de Matem\u00e1tica - PROFMAT","isPartOf":{"@id":"https:\/\/cadernosdematematica.com.br\/profmat\/#website"},"primaryImageOfPage":{"@id":"https:\/\/cadernosdematematica.com.br\/profmat\/curso-integral-ena-profmat-2025\/#primaryimage"},"image":{"@id":"https:\/\/cadernosdematematica.com.br\/profmat\/curso-integral-ena-profmat-2025\/#primaryimage"},"thumbnailUrl":"https:\/\/cadernosdematematica.com.br\/profmat\/wp-content\/uploads\/2024\/02\/alvo.png","datePublished":"2023-11-01T02:43:12+00:00","dateModified":"2025-12-29T02:04:14+00:00","breadcrumb":{"@id":"https:\/\/cadernosdematematica.com.br\/profmat\/curso-integral-ena-profmat-2025\/#breadcrumb"},"inLanguage":"pt-PT","potentialAction":[{"@type":"ReadAction","target":["https:\/\/cadernosdematematica.com.br\/profmat\/curso-integral-ena-profmat-2025\/"]}]},{"@type":"ImageObject","inLanguage":"pt-PT","@id":"https:\/\/cadernosdematematica.com.br\/profmat\/curso-integral-ena-profmat-2025\/#primaryimage","url":"https:\/\/cadernosdematematica.com.br\/profmat\/wp-content\/uploads\/2024\/02\/alvo.png","contentUrl":"https:\/\/cadernosdematematica.com.br\/profmat\/wp-content\/uploads\/2024\/02\/alvo.png","width":480,"height":270},{"@type":"BreadcrumbList","@id":"https:\/\/cadernosdematematica.com.br\/profmat\/curso-integral-ena-profmat-2025\/#breadcrumb","itemListElement":[{"@type":"ListItem","position":1,"name":"In\u00edcio","item":"https:\/\/cadernosdematematica.com.br\/profmat\/"},{"@type":"ListItem","position":2,"name":"Curso ENA PROFMAT 2026\/2027"}]},{"@type":"WebSite","@id":"https:\/\/cadernosdematematica.com.br\/profmat\/#website","url":"https:\/\/cadernosdematematica.com.br\/profmat\/","name":"Cadernos de Matem\u00e1tica - PROFMAT","description":"Matem\u00e1tica e LaTeX","publisher":{"@id":"https:\/\/cadernosdematematica.com.br\/profmat\/#organization"},"alternateName":"cadmat","potentialAction":[{"@type":"SearchAction","target":{"@type":"EntryPoint","urlTemplate":"https:\/\/cadernosdematematica.com.br\/profmat\/?s={search_term_string}"},"query-input":{"@type":"PropertyValueSpecification","valueRequired":true,"valueName":"search_term_string"}}],"inLanguage":"pt-PT"},{"@type":"Organization","@id":"https:\/\/cadernosdematematica.com.br\/profmat\/#organization","name":"Cadernos de Matem\u00e1tica","url":"https:\/\/cadernosdematematica.com.br\/profmat\/","logo":{"@type":"ImageObject","inLanguage":"pt-PT","@id":"https:\/\/cadernosdematematica.com.br\/profmat\/#\/schema\/logo\/image\/","url":"https:\/\/cadernosdematematica.com.br\/profmat\/wp-content\/uploads\/2020\/10\/cropped-logoasdf-1.png","contentUrl":"https:\/\/cadernosdematematica.com.br\/profmat\/wp-content\/uploads\/2020\/10\/cropped-logoasdf-1.png","width":99,"height":99,"caption":"Cadernos de Matem\u00e1tica"},"image":{"@id":"https:\/\/cadernosdematematica.com.br\/profmat\/#\/schema\/logo\/image\/"},"sameAs":["https:\/\/www.facebook.com\/matematicacadernos","https:\/\/www.youtube.com\/cadernosdematematica"]}]}},"jetpack_sharing_enabled":true,"_links":{"self":[{"href":"https:\/\/cadernosdematematica.com.br\/profmat\/wp-json\/wp\/v2\/pages\/1927","targetHints":{"allow":["GET"]}}],"collection":[{"href":"https:\/\/cadernosdematematica.com.br\/profmat\/wp-json\/wp\/v2\/pages"}],"about":[{"href":"https:\/\/cadernosdematematica.com.br\/profmat\/wp-json\/wp\/v2\/types\/page"}],"author":[{"embeddable":true,"href":"https:\/\/cadernosdematematica.com.br\/profmat\/wp-json\/wp\/v2\/users\/1"}],"replies":[{"embeddable":true,"href":"https:\/\/cadernosdematematica.com.br\/profmat\/wp-json\/wp\/v2\/comments?post=1927"}],"version-history":[{"count":98,"href":"https:\/\/cadernosdematematica.com.br\/profmat\/wp-json\/wp\/v2\/pages\/1927\/revisions"}],"predecessor-version":[{"id":3114,"href":"https:\/\/cadernosdematematica.com.br\/profmat\/wp-json\/wp\/v2\/pages\/1927\/revisions\/3114"}],"wp:attachment":[{"href":"https:\/\/cadernosdematematica.com.br\/profmat\/wp-json\/wp\/v2\/media?parent=1927"}],"curies":[{"name":"wp","href":"https:\/\/api.w.org\/{rel}","templated":true}]}}