{"id":2009,"date":"2023-11-04T11:18:16","date_gmt":"2023-11-04T14:18:16","guid":{"rendered":"https:\/\/cadernosdematematica.com.br\/profmat\/?page_id=2009"},"modified":"2025-03-22T20:20:01","modified_gmt":"2025-03-22T23:20:01","slug":"profmat-geometria-analitica","status":"publish","type":"page","link":"https:\/\/cadernosdematematica.com.br\/profmat\/profmat-geometria-analitica\/","title":{"rendered":"PROFMAT: Geometria Anal\u00edtica"},"content":{"rendered":"<div id=\"metaslider-id-1655\" style=\"width: 100%;\" class=\"ml-slider-3-107-0 ml-slider-pro-2-48-0 metaslider metaslider-flex metaslider-1655 ml-slider has-dots-nav ms-theme-architekt\" role=\"region\" aria-label=\"New Slideshow\" data-height=\"250\" data-width=\"1340\">\n    <div id=\"metaslider_container_1655\">\n        <div id=\"metaslider_1655\" class=\"flexslider\">\n            <ul class='slides'>\n                <li style=\"display: block; width: 100%;\" class=\"slide-1898 ms-image \" aria-roledescription=\"slide\" data-date=\"2023-10-23 08:59:34\" data-filename=\"cabecaSiteENA27.png\" data-slide-type=\"image\"><a href=\"https:\/\/cadernosdematematica.com.br\/profmat\/curso-integral-ena-profmat-2025\/\" target=\"_blank\" aria-label=\"View Slide Details\" class=\"metaslider_image_link\"><img loading=\"lazy\" decoding=\"async\" src=\"https:\/\/cadernosdematematica.com.br\/profmat\/wp-content\/uploads\/2025\/11\/cabecaSiteENA27.png\" height=\"250\" width=\"1340\" alt=\"\" class=\"slider-1655 slide-1898 msDefaultImage\" title=\"cabecaSiteENA27\" \/><\/a><\/li>\n                <li style=\"display: none; width: 100%;\" class=\"slide-1659 ms-image \" aria-roledescription=\"slide\" data-date=\"2023-01-12 18:54:44\" data-filename=\"Calculo.png\" data-slide-type=\"image\"><a href=\"https:\/\/cadernosdematematica.com.br\/profmat\/fundamentos-de-calculo\/\" target=\"_self\" aria-label=\"View Slide Details\" class=\"metaslider_image_link\"><img loading=\"lazy\" decoding=\"async\" src=\"https:\/\/cadernosdematematica.com.br\/profmat\/wp-content\/uploads\/2023\/11\/Calculo.png\" height=\"250\" width=\"1340\" alt=\"\" class=\"slider-1655 slide-1659 msDefaultImage\" title=\"Calculo\" \/><\/a><\/li>\n                <li style=\"display: none; width: 100%;\" class=\"slide-2071 ms-image \" aria-roledescription=\"slide\" data-date=\"2023-11-04 13:50:34\" data-filename=\"cabGA.png\" data-slide-type=\"image\"><a href=\"https:\/\/cadernosdematematica.com.br\/profmat\/profmat-geometria-analitica\/\" target=\"_blank\" aria-label=\"View Slide Details\" class=\"metaslider_image_link\"><img loading=\"lazy\" decoding=\"async\" src=\"https:\/\/cadernosdematematica.com.br\/profmat\/wp-content\/uploads\/2023\/11\/cabGA.png\" height=\"250\" width=\"1340\" alt=\"\" class=\"slider-1655 slide-2071 msDefaultImage\" title=\"cabGA\" \/><\/a><\/li>\n                <li style=\"display: none; width: 100%;\" class=\"slide-1909 ms-image \" aria-roledescription=\"slide\" data-date=\"2023-10-25 07:44:24\" data-filename=\"PROFDISC.png\" data-slide-type=\"image\"><a href=\"https:\/\/cadernosdematematica.com.br\/profmat\/matematica-para-o-profmat-2022\/\" target=\"_self\" aria-label=\"View Slide Details\" class=\"metaslider_image_link\"><img loading=\"lazy\" decoding=\"async\" src=\"https:\/\/cadernosdematematica.com.br\/profmat\/wp-content\/uploads\/2023\/10\/PROFDISC.png\" height=\"250\" width=\"1340\" alt=\"\" class=\"slider-1655 slide-1909 msDefaultImage\" title=\"PROFDISC\" \/><\/a><\/li>\n                <li style=\"display: none; width: 100%;\" class=\"slide-2167 ms-image \" aria-roledescription=\"slide\" data-date=\"2023-12-01 16:21:05\" data-filename=\"2000.png\" data-slide-type=\"image\"><img loading=\"lazy\" decoding=\"async\" src=\"https:\/\/cadernosdematematica.com.br\/profmat\/wp-content\/uploads\/2023\/12\/2000.png\" height=\"250\" width=\"1340\" alt=\"\" class=\"slider-1655 slide-2167 msDefaultImage\" title=\"+2000\" \/><\/li>\n                <li style=\"display: none; width: 100%;\" class=\"slide-2984 ms-image \" aria-roledescription=\"slide\" data-date=\"2025-11-06 03:58:12\" data-filename=\"Prancheta-1.png\" data-slide-type=\"image\"><a href=\"https:\/\/cadernosdematematica.com.br\/curoslatex\/latex-e-inteligencia-artificial\/\" target=\"_self\" aria-label=\"View Slide Details\" class=\"metaslider_image_link\"><img loading=\"lazy\" decoding=\"async\" src=\"https:\/\/cadernosdematematica.com.br\/profmat\/wp-content\/uploads\/2025\/11\/Prancheta-1.png\" height=\"250\" width=\"1340\" alt=\"\" class=\"slider-1655 slide-2984 msDefaultImage\" title=\"Prancheta 1\" \/><\/a><\/li>\n                <li style=\"display: none; width: 100%;\" class=\"slide-2807 ms-image \" aria-roledescription=\"slide\" data-date=\"2025-07-09 19:05:37\" data-filename=\"144CabSite.png\" data-slide-type=\"image\"><a href=\"http:\/\/www.scrivi.xyz\" target=\"_blank\" aria-label=\"View Slide Details\" class=\"metaslider_image_link\"><img loading=\"lazy\" decoding=\"async\" src=\"https:\/\/cadernosdematematica.com.br\/profmat\/wp-content\/uploads\/2023\/10\/144CabSite.png\" height=\"250\" width=\"1340\" alt=\"\" class=\"slider-1655 slide-2807 msDefaultImage\" title=\"144CabSite\" \/><\/a><div class=\"caption-wrap\"><div class=\"caption\"><div>Livro<\/div><\/div><\/div><\/li>\n                <li style=\"display: none; width: 100%;\" class=\"slide-1656 ms-image \" aria-roledescription=\"slide\" data-date=\"2023-01-12 18:54:20\" data-filename=\"144CabSite.png\" data-slide-type=\"image\"><a href=\"http:\/\/www.scrivi.xyz\" target=\"_blank\" aria-label=\"View Slide Details\" class=\"metaslider_image_link\"><img loading=\"lazy\" decoding=\"async\" src=\"https:\/\/cadernosdematematica.com.br\/profmat\/wp-content\/uploads\/2023\/10\/144CabSite.png\" height=\"250\" width=\"1340\" alt=\"\" class=\"slider-1655 slide-1656 msDefaultImage\" title=\"144CabSite\" \/><\/a><div class=\"caption-wrap\"><div class=\"caption\"><div>Livro<\/div><\/div><\/div><\/li>\n            <\/ul>\n        <\/div>\n        \n    <\/div>\n<\/div>\n\n\n<h2 class=\"wp-block-heading\">Apresenta\u00e7\u00e3o<\/h2>\n\n\n\n<p>Neste novo curso Cadernos de Matem\u00e1tica, o<strong> Prof. Igor Souza<\/strong> apresenta os caminhos para a disciplina de Geometria Anal\u00edtica, seguindo o livro \u201cGeometria Anal\u00edtica\u201d do PROFMAT.<\/p>\n\n\n\n<p>O curso apresentar\u00e1 aulas ao vivo semanais (principalmente para discuss\u00e3o de exerc\u00edcios) e conte\u00fado gravado.<\/p>\n\n\n\n<h2 class=\"wp-block-heading\">Detalhes<\/h2>\n\n\n\n<ul class=\"wp-block-list\">\n<li>Acesso ao curso na plataforma at\u00e9 31\/12.<\/li>\n\n\n\n<li>Aulas ao vivo de mar\u00e7o a junho de 2025 (S\u00e1bados, de 14h \u00e0s 14h 30min). As aulas ficam gravadas.<\/li>\n\n\n\n<li>\u00c9 permitido um \u00fanico acesso simult\u00e2neo por usu\u00e1rio.<\/li>\n<\/ul>\n\n\n\n<h2 class=\"wp-block-heading\">Investimento<\/h2>\n\n\n\n<figure class=\"wp-block-table\"><table class=\"has-white-color has-text-color has-background\" style=\"background-color:#00a89d\"><tbody><tr><td><\/td><td class=\"has-text-align-center\" data-align=\"center\">Cart\u00e3o<\/td><td class=\"has-text-align-center\" data-align=\"center\">PIX ou Boleto<\/td><\/tr><tr><td>Valor Regular<\/td><td class=\"has-text-align-center\" data-align=\"center\"><s>R$ 449,00<\/s><\/td><td class=\"has-text-align-center\" data-align=\"center\"><s>R$ 399<\/s><\/td><\/tr><tr><td>Valor Promocional<\/td><td class=\"has-text-align-center\" data-align=\"center\">6 x R$ 66,50<\/td><td class=\"has-text-align-center\" data-align=\"center\">R$ 349,00<\/td><\/tr><\/tbody><\/table><\/figure>\n\n\n\n<div class=\"wp-block-buttons is-layout-flex wp-block-buttons-is-layout-flex\">\n<div class=\"wp-block-button is-style-fill\"><a class=\"wp-block-button__link has-white-color has-text-color has-background wp-element-button\" href=\"https:\/\/cadernosdematematica.com.br\/profmat\/inscricao-geometria-analitica\/\" style=\"border-radius:0px;background-color:#ff0000\">Inscri\u00e7\u00e3o no Curso de Geometria Anal\u00edtica<\/a><\/div>\n<\/div>\n\n\n\n<h2 class=\"wp-block-heading\">Combo Promocional C\u00e1lculo + Anal\u00edtica<\/h2>\n\n\n\n<figure class=\"wp-block-table\"><table class=\"has-white-color has-luminous-vivid-amber-to-luminous-vivid-orange-gradient-background has-text-color has-background\"><tbody><tr><td><\/td><td>Cart\u00e3o <\/td><td>PIX<\/td><\/tr><tr><td>Valor Regular<\/td><td><s>R$ 999,00<\/s><\/td><td><s>R$ 899,00<\/s><\/td><\/tr><tr><td>Valor Promocional<\/td><td>10 x R$ 79,90<\/td><td>R$ 699<\/td><\/tr><\/tbody><\/table><\/figure>\n\n\n\n<div class=\"wp-block-buttons is-layout-flex wp-block-buttons-is-layout-flex\">\n<div class=\"wp-block-button is-style-fill\"><a class=\"wp-block-button__link has-white-color has-text-color has-background wp-element-button\" href=\"https:\/\/cadernosdematematica.com.br\/profmat\/inscricao-calculo-analitica\/\" style=\"border-radius:0px;background-color:#ff0000\">Inscri\u00e7\u00e3o no Combo C\u00e1lculo + Anal\u00edtica<\/a><\/div>\n<\/div>\n\n\n\n<h2 class=\"wp-block-heading\" id=\"duvidas\">D\u00favidas<\/h2>\n\n\n\n<p>Voc\u00ea tem alguma d\u00favida? Entre em contato com a secretaria.<\/p>\n\n\n\n<div class=\"wp-block-jetpack-send-a-message\">\n<div class=\"wp-block-jetpack-whatsapp-button is-color-dark\"><a class=\"whatsapp-block__button\" href=\"https:\/\/api.whatsapp.com\/send?phone=558530210570&amp;text=Ol%C3%A1%2C%20estou%20interessado%20no%20curso....\" style=\"background-color:#25D366;color:#fff\" target=\"_self\" rel=\"noopener noreferrer\">Atendimento Secretaria<\/a><\/div>\n<\/div>\n","protected":false},"excerpt":{"rendered":"<p>Apresenta\u00e7\u00e3o Neste novo curso Cadernos de Matem\u00e1tica, o Prof. Igor Souza apresenta os caminhos para a disciplina de Geometria Anal\u00edtica, [&hellip;]<\/p>\n","protected":false},"author":1,"featured_media":0,"parent":0,"menu_order":0,"comment_status":"closed","ping_status":"closed","template":"","meta":{"site-sidebar-layout":"default","site-content-layout":"","ast-site-content-layout":"default","site-content-style":"default","site-sidebar-style":"default","ast-global-header-display":"","ast-banner-title-visibility":"","ast-main-header-display":"","ast-hfb-above-header-display":"","ast-hfb-below-header-display":"","ast-hfb-mobile-header-display":"","site-post-title":"","ast-breadcrumbs-content":"","ast-featured-img":"","footer-sml-layout":"","theme-transparent-header-meta":"","adv-header-id-meta":"","stick-header-meta":"","header-above-stick-meta":"","header-main-stick-meta":"","header-below-stick-meta":"","astra-migrate-meta-layouts":"default","ast-page-background-enabled":"default","ast-page-background-meta":{"desktop":{"background-color":"var(--ast-global-color-4)","background-image":"","background-repeat":"repeat","background-position":"center center","background-size":"auto","background-attachment":"scroll","background-type":"","background-media":"","overlay-type":"","overlay-color":"","overlay-opacity":"","overlay-gradient":""},"tablet":{"background-color":"","background-image":"","background-repeat":"repeat","background-position":"center center","background-size":"auto","background-attachment":"scroll","background-type":"","background-media":"","overlay-type":"","overlay-color":"","overlay-opacity":"","overlay-gradient":""},"mobile":{"background-color":"","background-image":"","background-repeat":"repeat","background-position":"center center","background-size":"auto","background-attachment":"scroll","background-type":"","background-media":"","overlay-type":"","overlay-color":"","overlay-opacity":"","overlay-gradient":""}},"ast-content-background-meta":{"desktop":{"background-color":"var(--ast-global-color-5)","background-image":"","background-repeat":"repeat","background-position":"center center","background-size":"auto","background-attachment":"scroll","background-type":"","background-media":"","overlay-type":"","overlay-color":"","overlay-opacity":"","overlay-gradient":""},"tablet":{"background-color":"var(--ast-global-color-5)","background-image":"","background-repeat":"repeat","background-position":"center center","background-size":"auto","background-attachment":"scroll","background-type":"","background-media":"","overlay-type":"","overlay-color":"","overlay-opacity":"","overlay-gradient":""},"mobile":{"background-color":"var(--ast-global-color-5)","background-image":"","background-repeat":"repeat","background-position":"center center","background-size":"auto","background-attachment":"scroll","background-type":"","background-media":"","overlay-type":"","overlay-color":"","overlay-opacity":"","overlay-gradient":""}},"footnotes":""},"class_list":["post-2009","page","type-page","status-publish","hentry"],"yoast_head":"<!-- This site is optimized with the Yoast SEO plugin v27.3 - https:\/\/yoast.com\/product\/yoast-seo-wordpress\/ -->\n<title>PROFMAT: Geometria Anal\u00edtica &#8211; Cadernos de Matem\u00e1tica - PROFMAT<\/title>\n<meta name=\"robots\" content=\"index, follow, max-snippet:-1, max-image-preview:large, max-video-preview:-1\" \/>\n<link rel=\"canonical\" href=\"https:\/\/cadernosdematematica.com.br\/profmat\/profmat-geometria-analitica\/\" \/>\n<meta property=\"og:locale\" content=\"pt_PT\" \/>\n<meta property=\"og:type\" content=\"article\" \/>\n<meta property=\"og:title\" content=\"PROFMAT: Geometria Anal\u00edtica &#8211; Cadernos de Matem\u00e1tica - PROFMAT\" \/>\n<meta property=\"og:description\" content=\"Apresenta\u00e7\u00e3o Neste novo curso Cadernos de Matem\u00e1tica, o Prof. Igor Souza apresenta os caminhos para a disciplina de Geometria Anal\u00edtica, [&hellip;]\" \/>\n<meta property=\"og:url\" content=\"https:\/\/cadernosdematematica.com.br\/profmat\/profmat-geometria-analitica\/\" \/>\n<meta property=\"og:site_name\" content=\"Cadernos de Matem\u00e1tica - PROFMAT\" \/>\n<meta property=\"article:publisher\" content=\"https:\/\/www.facebook.com\/matematicacadernos\" \/>\n<meta property=\"article:modified_time\" content=\"2025-03-22T23:20:01+00:00\" \/>\n<meta name=\"twitter:card\" content=\"summary_large_image\" \/>\n<meta name=\"twitter:label1\" content=\"Tempo estimado de leitura\" \/>\n\t<meta name=\"twitter:data1\" content=\"1 minuto\" \/>\n<script type=\"application\/ld+json\" class=\"yoast-schema-graph\">{\"@context\":\"https:\\\/\\\/schema.org\",\"@graph\":[{\"@type\":\"WebPage\",\"@id\":\"https:\\\/\\\/cadernosdematematica.com.br\\\/profmat\\\/profmat-geometria-analitica\\\/\",\"url\":\"https:\\\/\\\/cadernosdematematica.com.br\\\/profmat\\\/profmat-geometria-analitica\\\/\",\"name\":\"PROFMAT: Geometria Anal\u00edtica &#8211; Cadernos de Matem\u00e1tica - PROFMAT\",\"isPartOf\":{\"@id\":\"https:\\\/\\\/cadernosdematematica.com.br\\\/profmat\\\/#website\"},\"datePublished\":\"2023-11-04T14:18:16+00:00\",\"dateModified\":\"2025-03-22T23:20:01+00:00\",\"breadcrumb\":{\"@id\":\"https:\\\/\\\/cadernosdematematica.com.br\\\/profmat\\\/profmat-geometria-analitica\\\/#breadcrumb\"},\"inLanguage\":\"pt-PT\",\"potentialAction\":[{\"@type\":\"ReadAction\",\"target\":[\"https:\\\/\\\/cadernosdematematica.com.br\\\/profmat\\\/profmat-geometria-analitica\\\/\"]}]},{\"@type\":\"BreadcrumbList\",\"@id\":\"https:\\\/\\\/cadernosdematematica.com.br\\\/profmat\\\/profmat-geometria-analitica\\\/#breadcrumb\",\"itemListElement\":[{\"@type\":\"ListItem\",\"position\":1,\"name\":\"In\u00edcio\",\"item\":\"https:\\\/\\\/cadernosdematematica.com.br\\\/profmat\\\/\"},{\"@type\":\"ListItem\",\"position\":2,\"name\":\"PROFMAT: Geometria Anal\u00edtica\"}]},{\"@type\":\"WebSite\",\"@id\":\"https:\\\/\\\/cadernosdematematica.com.br\\\/profmat\\\/#website\",\"url\":\"https:\\\/\\\/cadernosdematematica.com.br\\\/profmat\\\/\",\"name\":\"Cadernos de Matem\u00e1tica - PROFMAT\",\"description\":\"Matem\u00e1tica e LaTeX\",\"publisher\":{\"@id\":\"https:\\\/\\\/cadernosdematematica.com.br\\\/profmat\\\/#organization\"},\"alternateName\":\"cadmat\",\"potentialAction\":[{\"@type\":\"SearchAction\",\"target\":{\"@type\":\"EntryPoint\",\"urlTemplate\":\"https:\\\/\\\/cadernosdematematica.com.br\\\/profmat\\\/?s={search_term_string}\"},\"query-input\":{\"@type\":\"PropertyValueSpecification\",\"valueRequired\":true,\"valueName\":\"search_term_string\"}}],\"inLanguage\":\"pt-PT\"},{\"@type\":\"Organization\",\"@id\":\"https:\\\/\\\/cadernosdematematica.com.br\\\/profmat\\\/#organization\",\"name\":\"Cadernos de Matem\u00e1tica\",\"url\":\"https:\\\/\\\/cadernosdematematica.com.br\\\/profmat\\\/\",\"logo\":{\"@type\":\"ImageObject\",\"inLanguage\":\"pt-PT\",\"@id\":\"https:\\\/\\\/cadernosdematematica.com.br\\\/profmat\\\/#\\\/schema\\\/logo\\\/image\\\/\",\"url\":\"https:\\\/\\\/cadernosdematematica.com.br\\\/profmat\\\/wp-content\\\/uploads\\\/2020\\\/10\\\/cropped-logoasdf-1.png\",\"contentUrl\":\"https:\\\/\\\/cadernosdematematica.com.br\\\/profmat\\\/wp-content\\\/uploads\\\/2020\\\/10\\\/cropped-logoasdf-1.png\",\"width\":99,\"height\":99,\"caption\":\"Cadernos de Matem\u00e1tica\"},\"image\":{\"@id\":\"https:\\\/\\\/cadernosdematematica.com.br\\\/profmat\\\/#\\\/schema\\\/logo\\\/image\\\/\"},\"sameAs\":[\"https:\\\/\\\/www.facebook.com\\\/matematicacadernos\",\"https:\\\/\\\/www.youtube.com\\\/cadernosdematematica\"]}]}<\/script>\n<!-- \/ Yoast SEO plugin. -->","yoast_head_json":{"title":"PROFMAT: Geometria Anal\u00edtica &#8211; Cadernos de Matem\u00e1tica - PROFMAT","robots":{"index":"index","follow":"follow","max-snippet":"max-snippet:-1","max-image-preview":"max-image-preview:large","max-video-preview":"max-video-preview:-1"},"canonical":"https:\/\/cadernosdematematica.com.br\/profmat\/profmat-geometria-analitica\/","og_locale":"pt_PT","og_type":"article","og_title":"PROFMAT: Geometria Anal\u00edtica &#8211; Cadernos de Matem\u00e1tica - PROFMAT","og_description":"Apresenta\u00e7\u00e3o Neste novo curso Cadernos de Matem\u00e1tica, o Prof. Igor Souza apresenta os caminhos para a disciplina de Geometria Anal\u00edtica, [&hellip;]","og_url":"https:\/\/cadernosdematematica.com.br\/profmat\/profmat-geometria-analitica\/","og_site_name":"Cadernos de Matem\u00e1tica - PROFMAT","article_publisher":"https:\/\/www.facebook.com\/matematicacadernos","article_modified_time":"2025-03-22T23:20:01+00:00","twitter_card":"summary_large_image","twitter_misc":{"Tempo estimado de leitura":"1 minuto"},"schema":{"@context":"https:\/\/schema.org","@graph":[{"@type":"WebPage","@id":"https:\/\/cadernosdematematica.com.br\/profmat\/profmat-geometria-analitica\/","url":"https:\/\/cadernosdematematica.com.br\/profmat\/profmat-geometria-analitica\/","name":"PROFMAT: Geometria Anal\u00edtica &#8211; Cadernos de Matem\u00e1tica - PROFMAT","isPartOf":{"@id":"https:\/\/cadernosdematematica.com.br\/profmat\/#website"},"datePublished":"2023-11-04T14:18:16+00:00","dateModified":"2025-03-22T23:20:01+00:00","breadcrumb":{"@id":"https:\/\/cadernosdematematica.com.br\/profmat\/profmat-geometria-analitica\/#breadcrumb"},"inLanguage":"pt-PT","potentialAction":[{"@type":"ReadAction","target":["https:\/\/cadernosdematematica.com.br\/profmat\/profmat-geometria-analitica\/"]}]},{"@type":"BreadcrumbList","@id":"https:\/\/cadernosdematematica.com.br\/profmat\/profmat-geometria-analitica\/#breadcrumb","itemListElement":[{"@type":"ListItem","position":1,"name":"In\u00edcio","item":"https:\/\/cadernosdematematica.com.br\/profmat\/"},{"@type":"ListItem","position":2,"name":"PROFMAT: Geometria Anal\u00edtica"}]},{"@type":"WebSite","@id":"https:\/\/cadernosdematematica.com.br\/profmat\/#website","url":"https:\/\/cadernosdematematica.com.br\/profmat\/","name":"Cadernos de Matem\u00e1tica - PROFMAT","description":"Matem\u00e1tica e LaTeX","publisher":{"@id":"https:\/\/cadernosdematematica.com.br\/profmat\/#organization"},"alternateName":"cadmat","potentialAction":[{"@type":"SearchAction","target":{"@type":"EntryPoint","urlTemplate":"https:\/\/cadernosdematematica.com.br\/profmat\/?s={search_term_string}"},"query-input":{"@type":"PropertyValueSpecification","valueRequired":true,"valueName":"search_term_string"}}],"inLanguage":"pt-PT"},{"@type":"Organization","@id":"https:\/\/cadernosdematematica.com.br\/profmat\/#organization","name":"Cadernos de Matem\u00e1tica","url":"https:\/\/cadernosdematematica.com.br\/profmat\/","logo":{"@type":"ImageObject","inLanguage":"pt-PT","@id":"https:\/\/cadernosdematematica.com.br\/profmat\/#\/schema\/logo\/image\/","url":"https:\/\/cadernosdematematica.com.br\/profmat\/wp-content\/uploads\/2020\/10\/cropped-logoasdf-1.png","contentUrl":"https:\/\/cadernosdematematica.com.br\/profmat\/wp-content\/uploads\/2020\/10\/cropped-logoasdf-1.png","width":99,"height":99,"caption":"Cadernos de Matem\u00e1tica"},"image":{"@id":"https:\/\/cadernosdematematica.com.br\/profmat\/#\/schema\/logo\/image\/"},"sameAs":["https:\/\/www.facebook.com\/matematicacadernos","https:\/\/www.youtube.com\/cadernosdematematica"]}]}},"jetpack_sharing_enabled":true,"_links":{"self":[{"href":"https:\/\/cadernosdematematica.com.br\/profmat\/wp-json\/wp\/v2\/pages\/2009","targetHints":{"allow":["GET"]}}],"collection":[{"href":"https:\/\/cadernosdematematica.com.br\/profmat\/wp-json\/wp\/v2\/pages"}],"about":[{"href":"https:\/\/cadernosdematematica.com.br\/profmat\/wp-json\/wp\/v2\/types\/page"}],"author":[{"embeddable":true,"href":"https:\/\/cadernosdematematica.com.br\/profmat\/wp-json\/wp\/v2\/users\/1"}],"replies":[{"embeddable":true,"href":"https:\/\/cadernosdematematica.com.br\/profmat\/wp-json\/wp\/v2\/comments?post=2009"}],"version-history":[{"count":27,"href":"https:\/\/cadernosdematematica.com.br\/profmat\/wp-json\/wp\/v2\/pages\/2009\/revisions"}],"predecessor-version":[{"id":2737,"href":"https:\/\/cadernosdematematica.com.br\/profmat\/wp-json\/wp\/v2\/pages\/2009\/revisions\/2737"}],"wp:attachment":[{"href":"https:\/\/cadernosdematematica.com.br\/profmat\/wp-json\/wp\/v2\/media?parent=2009"}],"curies":[{"name":"wp","href":"https:\/\/api.w.org\/{rel}","templated":true}]}}