{"id":2540,"date":"2024-11-02T07:24:49","date_gmt":"2024-11-02T10:24:49","guid":{"rendered":"https:\/\/cadernosdematematica.com.br\/profmat\/?page_id=2540"},"modified":"2025-03-29T13:18:03","modified_gmt":"2025-03-29T16:18:03","slug":"matematica-elementar-com-problemas-olimpicos","status":"publish","type":"page","link":"https:\/\/cadernosdematematica.com.br\/profmat\/matematica-elementar-com-problemas-olimpicos\/","title":{"rendered":"Matem\u00e1tica Elementar com Problemas Ol\u00edmpicos"},"content":{"rendered":"<div id=\"metaslider-id-1655\" style=\"width: 100%;\" class=\"ml-slider-3-107-0 ml-slider-pro-2-48-0 metaslider metaslider-flex metaslider-1655 ml-slider has-dots-nav ms-theme-architekt\" role=\"region\" aria-label=\"New Slideshow\" data-height=\"250\" data-width=\"1340\">\n    <div id=\"metaslider_container_1655\">\n        <div id=\"metaslider_1655\" class=\"flexslider\">\n            <ul class='slides'>\n                <li style=\"display: block; width: 100%;\" class=\"slide-2071 ms-image \" aria-roledescription=\"slide\" data-date=\"2023-11-04 13:50:34\" data-filename=\"cabGA.png\" data-slide-type=\"image\"><a href=\"https:\/\/cadernosdematematica.com.br\/profmat\/profmat-geometria-analitica\/\" target=\"_blank\" aria-label=\"View Slide Details\" class=\"metaslider_image_link\"><img loading=\"lazy\" decoding=\"async\" src=\"https:\/\/cadernosdematematica.com.br\/profmat\/wp-content\/uploads\/2023\/11\/cabGA.png\" height=\"250\" width=\"1340\" alt=\"\" class=\"slider-1655 slide-2071 msDefaultImage\" title=\"cabGA\" \/><\/a><\/li>\n                <li style=\"display: none; width: 100%;\" class=\"slide-2984 ms-image \" aria-roledescription=\"slide\" data-date=\"2025-11-06 03:58:12\" data-filename=\"Prancheta-1.png\" data-slide-type=\"image\"><a href=\"https:\/\/cadernosdematematica.com.br\/curoslatex\/latex-e-inteligencia-artificial\/\" target=\"_self\" aria-label=\"View Slide Details\" class=\"metaslider_image_link\"><img loading=\"lazy\" decoding=\"async\" src=\"https:\/\/cadernosdematematica.com.br\/profmat\/wp-content\/uploads\/2025\/11\/Prancheta-1.png\" height=\"250\" width=\"1340\" alt=\"\" class=\"slider-1655 slide-2984 msDefaultImage\" title=\"Prancheta 1\" \/><\/a><\/li>\n                <li style=\"display: none; width: 100%;\" class=\"slide-1659 ms-image \" aria-roledescription=\"slide\" data-date=\"2023-01-12 18:54:44\" data-filename=\"Calculo.png\" data-slide-type=\"image\"><a href=\"https:\/\/cadernosdematematica.com.br\/profmat\/fundamentos-de-calculo\/\" target=\"_self\" aria-label=\"View Slide Details\" class=\"metaslider_image_link\"><img loading=\"lazy\" decoding=\"async\" src=\"https:\/\/cadernosdematematica.com.br\/profmat\/wp-content\/uploads\/2023\/11\/Calculo.png\" height=\"250\" width=\"1340\" alt=\"\" class=\"slider-1655 slide-1659 msDefaultImage\" title=\"Calculo\" \/><\/a><\/li>\n                <li style=\"display: none; width: 100%;\" class=\"slide-1656 ms-image \" aria-roledescription=\"slide\" data-date=\"2023-01-12 18:54:20\" data-filename=\"144CabSite.png\" data-slide-type=\"image\"><a href=\"http:\/\/www.scrivi.xyz\" target=\"_blank\" aria-label=\"View Slide Details\" class=\"metaslider_image_link\"><img loading=\"lazy\" decoding=\"async\" src=\"https:\/\/cadernosdematematica.com.br\/profmat\/wp-content\/uploads\/2023\/10\/144CabSite.png\" height=\"250\" width=\"1340\" alt=\"\" class=\"slider-1655 slide-1656 msDefaultImage\" title=\"144CabSite\" \/><\/a><div class=\"caption-wrap\"><div class=\"caption\"><div>Livro<\/div><\/div><\/div><\/li>\n                <li style=\"display: none; width: 100%;\" class=\"slide-1909 ms-image \" aria-roledescription=\"slide\" data-date=\"2023-10-25 07:44:24\" data-filename=\"PROFDISC.png\" data-slide-type=\"image\"><a href=\"https:\/\/cadernosdematematica.com.br\/profmat\/matematica-para-o-profmat-2022\/\" target=\"_self\" aria-label=\"View Slide Details\" class=\"metaslider_image_link\"><img loading=\"lazy\" decoding=\"async\" src=\"https:\/\/cadernosdematematica.com.br\/profmat\/wp-content\/uploads\/2023\/10\/PROFDISC.png\" height=\"250\" width=\"1340\" alt=\"\" class=\"slider-1655 slide-1909 msDefaultImage\" title=\"PROFDISC\" \/><\/a><\/li>\n                <li style=\"display: none; width: 100%;\" class=\"slide-2807 ms-image \" aria-roledescription=\"slide\" data-date=\"2025-07-09 19:05:37\" data-filename=\"144CabSite.png\" data-slide-type=\"image\"><a href=\"http:\/\/www.scrivi.xyz\" target=\"_blank\" aria-label=\"View Slide Details\" class=\"metaslider_image_link\"><img loading=\"lazy\" decoding=\"async\" src=\"https:\/\/cadernosdematematica.com.br\/profmat\/wp-content\/uploads\/2023\/10\/144CabSite.png\" height=\"250\" width=\"1340\" alt=\"\" class=\"slider-1655 slide-2807 msDefaultImage\" title=\"144CabSite\" \/><\/a><div class=\"caption-wrap\"><div class=\"caption\"><div>Livro<\/div><\/div><\/div><\/li>\n                <li style=\"display: none; width: 100%;\" class=\"slide-1898 ms-image \" aria-roledescription=\"slide\" data-date=\"2023-10-23 08:59:34\" data-filename=\"cabecaSiteENA27.png\" data-slide-type=\"image\"><a href=\"https:\/\/cadernosdematematica.com.br\/profmat\/curso-integral-ena-profmat-2025\/\" target=\"_blank\" aria-label=\"View Slide Details\" class=\"metaslider_image_link\"><img loading=\"lazy\" decoding=\"async\" src=\"https:\/\/cadernosdematematica.com.br\/profmat\/wp-content\/uploads\/2025\/11\/cabecaSiteENA27.png\" height=\"250\" width=\"1340\" alt=\"\" class=\"slider-1655 slide-1898 msDefaultImage\" title=\"cabecaSiteENA27\" \/><\/a><\/li>\n                <li style=\"display: none; width: 100%;\" class=\"slide-2167 ms-image \" aria-roledescription=\"slide\" data-date=\"2023-12-01 16:21:05\" data-filename=\"2000.png\" data-slide-type=\"image\"><img loading=\"lazy\" decoding=\"async\" src=\"https:\/\/cadernosdematematica.com.br\/profmat\/wp-content\/uploads\/2023\/12\/2000.png\" height=\"250\" width=\"1340\" alt=\"\" class=\"slider-1655 slide-2167 msDefaultImage\" title=\"+2000\" \/><\/li>\n            <\/ul>\n        <\/div>\n        \n    <\/div>\n<\/div>\n\n\n<p><strong>P\u00fablico-Alvo:<\/strong><\/p>\n\n\n\n<ul class=\"wp-block-list\">\n<li><strong>Estudantes do Ensino M\u00e9dio: <\/strong>Ideal para aqueles que se preparam para Escolas Militares, como o IME e o ITA, e para competi\u00e7\u00f5es de Olimp\u00edadas de Matem\u00e1tica.<\/li>\n\n\n\n<li><strong>Professores:<\/strong> Destinado a educadores que desejam desenvolver e aprofundar habilidades na resolu\u00e7\u00e3o de problemas desafiadores.<\/li>\n<\/ul>\n\n\n\n<p><strong>Origem dos Problemas:<\/strong> Os problemas apresentados neste curso foram selecionados de Olimp\u00edadas renomadas, como a American Mathematics Competition (AMC) e a American Invitational Mathematics Examination (AIME), al\u00e9m de provas de institui\u00e7\u00f5es militares de refer\u00eancia (IME, ITA, entre outras).<\/p>\n\n\n\n<h4 class=\"wp-block-heading\">Conte\u00fado<\/h4>\n\n\n\n<p>Cada conte\u00fado apresenta uma s\u00e9rie de problemas com dificuldade progressiva, explorando temas pouco abordados no ensino b\u00e1sico, todos acompanhados de resolu\u00e7\u00f5es em v\u00eddeo. A quantidade de problemas em cada conte\u00fado varia entre 10 e 25. A programa\u00e7\u00e3o abaixo \u00e9 preliminar e poder\u00e1 sofrer altera\u00e7\u00f5es.<\/p>\n\n\n\n<figure class=\"wp-block-table is-style-stripes\"><table class=\"has-fixed-layout\"><tbody><tr><td><strong>Conte\u00fado<\/strong><\/td><td>Dispon\u00edvel a partir de<\/td><\/tr><tr><td>Produtos Not\u00e1veis<\/td><td>11\/24<\/td><\/tr><tr><td>Indu\u00e7\u00e3o<\/td><td>12\/24<\/td><\/tr><tr><td>Progress\u00f5es<\/td><td>02\/25<\/td><\/tr><tr><td>Recorr\u00eancias<\/td><td>03\/25<\/td><\/tr><tr><td>Fun\u00e7\u00f5es<\/td><td>04\/25<\/td><\/tr><tr><td>Fun\u00e7\u00e3o Afim<\/td><td>04\/25<\/td><\/tr><tr><td>Fun\u00e7\u00e3o Quadr\u00e1tica<\/td><td>05\/25<\/td><\/tr><tr><td>Fun\u00e7\u00e3o Modular<\/td><td>05\/25<\/td><\/tr><tr><td>Fun\u00e7\u00e3o Exponencial<\/td><td>06\/25<\/td><\/tr><tr><td>Fun\u00e7\u00e3o Logar\u00edtmica<\/td><td>06\/25<\/td><\/tr><tr><td>Trigonometria<\/td><td>07\/25<\/td><\/tr><tr><td>N\u00fameros Complexos<\/td><td>07\/25<\/td><\/tr><tr><td>Polin\u00f4mios<\/td><td>08\/25<\/td><\/tr><tr><td>Equa\u00e7\u00f5es Alg\u00e9bricas<\/td><td>08\/25<\/td><\/tr><tr><td>Contagem<\/td><td>09\/25<\/td><\/tr><tr><td>Bin\u00f4mio de Newton<\/td><td>09\/25<\/td><\/tr><tr><td>Geometria Anal\u00edtica<\/td><td>10\/25<\/td><\/tr><\/tbody><\/table><\/figure>\n\n\n\n<h4 class=\"wp-block-heading\">Certificado<\/h4>\n\n\n\n<p>Este curso oferecer\u00e1 um certificado de 120 horas, que ser\u00e1 emitido a partir de outubro de 2025, ap\u00f3s a conclus\u00e3o. Para obter o certificado, o aluno dever\u00e1 realizar uma avalia\u00e7\u00e3o final e alcan\u00e7ar uma nota m\u00ednima de 70% de aproveitamento.<\/p>\n\n\n\n<h4 class=\"wp-block-heading\">Investimento<\/h4>\n\n\n\n<figure class=\"wp-block-table\"><table class=\"has-ast-global-color-5-color has-text-color has-background has-link-color has-fixed-layout\" style=\"background-color:#b3a07c\"><tbody><tr><td><\/td><td>Cart\u00e3o de Cr\u00e9dito<\/td><td>PIX<\/td><\/tr><tr><td>Pre\u00e7o Regular<\/td><td><s>R$ 599,00<\/s><\/td><td><s>R$ 499,00<\/s><\/td><\/tr><tr><td>Pre\u00e7o Promocional de Lan\u00e7amento<\/td><td>10 x R$ 54,90<\/td><td>R$ 449,00<\/td><\/tr><\/tbody><\/table><\/figure>\n\n\n\n<h4 class=\"wp-block-heading\">Amostra do Material do M\u00f3dulo 1<\/h4>\n\n\n\n<p><\/p>\n\n\n<a href=\"https:\/\/cadernosdematematica.com.br\/profmat\/wp-content\/uploads\/2024\/11\/curso.pdf\" class=\"pdfemb-viewer\" style=\"width:720px;height:1280px;\" data-width=\"720\" data-height=\"1280\" data-toolbar=\"bottom\" data-toolbar-fixed=\"on\">curso<\/a>\n\n\n<p>Caros alunos,<\/p>\n\n\n\n<p>Estou compartilhando as notas do primeiro m\u00f3dulo do curso Matem\u00e1tica Elementar com Problemas Ol\u00edmpicos. Excepcionalmente, estou disponibilizando-as para todos, para que possam entender a abordagem e a profundidade do curso. As pr\u00f3ximas notas estar\u00e3o apenas na plataforma interna, e a tend\u00eancia \u00e9 que sejam um pouco mais compactas.<\/p>\n\n\n\n<p>Estou preparando e gravando cada aula com muito cuidado para oferecer o melhor conte\u00fado poss\u00edvel. A din\u00e2mica ser\u00e1 sempre a mesma: em uma semana, publicarei as notas, e na semana seguinte, os v\u00eddeos com as aulas e resolu\u00e7\u00f5es.<\/p>\n\n\n\n<p>Aos que realmente se dedicarem ao curso, posso garantir que o crescimento ser\u00e1 significativo, com resultados valiosos tanto para o PROFMAT quanto para concursos em geral.<\/p>\n\n\n\n<p>Um forte abra\u00e7o,<\/p>\n\n\n\n<p>Prof. Paulo Rodrigues<\/p>\n\n\n\n<div class=\"wp-block-buttons is-layout-flex wp-block-buttons-is-layout-flex\">\n<div class=\"wp-block-button\"><a class=\"wp-block-button__link has-ast-global-color-5-color has-text-color has-background has-link-color wp-element-button\" href=\"https:\/\/cadernosdematematica.com.br\/profmat\/matematica-elementar-com-problemas-olimpicos-2\/\" style=\"background-color:#ff0000\">Fazer Inscri\u00e7\u00e3o<\/a><\/div>\n<\/div>\n\n\n\n<h4 class=\"wp-block-heading\">Combo Promocional (ENA + MEPO)<\/h4>\n\n\n\n<p><a href=\"https:\/\/cadernosdematematica.com.br\/profmat\/curso-integral-ena-profmat-2025\/\">Curso para o Exame Nacional de Acesso ao PROFMAT <\/a>+ Curso Matem\u00e1tica Elementar com Problemas Ol\u00edmpicos<\/p>\n\n\n\n<figure class=\"wp-block-table\"><table class=\"has-ast-global-color-5-color has-text-color has-background has-link-color has-fixed-layout\" style=\"background-color:#84d2d7\"><tbody><tr><td><\/td><td class=\"has-text-align-center\" data-align=\"center\">DE<\/td><td class=\"has-text-align-center\" data-align=\"center\">POR<\/td><\/tr><tr><td>Cart\u00e3o de Cr\u00e9dito<\/td><td class=\"has-text-align-center\" data-align=\"center\"><s>R$ 998,00<\/s><\/td><td class=\"has-text-align-center\" data-align=\"center\">10 x R$ 89,00<\/td><\/tr><tr><td>PIX<\/td><td class=\"has-text-align-center\" data-align=\"center\"><s>R$ 898,00<\/s><\/td><td class=\"has-text-align-center\" data-align=\"center\">R$ 799,00<\/td><\/tr><\/tbody><\/table><\/figure>\n\n\n\n<h4 class=\"wp-block-heading\">Combo Promocional (ENA com Apostila + MEPO)<\/h4>\n\n\n\n<p><a href=\"https:\/\/cadernosdematematica.com.br\/profmat\/curso-integral-ena-profmat-2025\/\">Curso para o Exame Nacional de Acesso ao PROFMAT<\/a> com Apostila Impressa + Curso Matem\u00e1tica Elementar com Problemas Ol\u00edmpicos<\/p>\n\n\n\n<figure class=\"wp-block-table\"><table class=\"has-ast-global-color-5-color has-text-color has-background has-link-color has-fixed-layout\" style=\"background-color:#84d2d7\"><tbody><tr><td><\/td><td class=\"has-text-align-center\" data-align=\"center\">DE<\/td><td class=\"has-text-align-center\" data-align=\"center\">POR<\/td><\/tr><tr><td>Cart\u00e3o de Cr\u00e9dito<\/td><td class=\"has-text-align-center\" data-align=\"center\"><s>R$ 1098,00<\/s><\/td><td class=\"has-text-align-center\" data-align=\"center\">10 x R$ 99,90<\/td><\/tr><tr><td>PIX<\/td><td class=\"has-text-align-center\" data-align=\"center\"><s>R$ 998,00<\/s><\/td><td class=\"has-text-align-center\" data-align=\"center\">R$ 899,00<\/td><\/tr><\/tbody><\/table><\/figure>\n\n\n\n<div class=\"wp-block-buttons is-layout-flex wp-block-buttons-is-layout-flex\">\n<div class=\"wp-block-button\"><a class=\"wp-block-button__link has-ast-global-color-5-color has-text-color has-background has-link-color wp-element-button\" href=\"https:\/\/cadernosdematematica.com.br\/profmat\/inscricao-no-combo-ena-mepo\/\" style=\"background-color:#ff0000\">Inscri\u00e7\u00e3o no COMBO<\/a><\/div>\n<\/div>\n\n\n\n<p><\/p>\n","protected":false},"excerpt":{"rendered":"<p>P\u00fablico-Alvo: Origem dos Problemas: Os problemas apresentados neste curso foram selecionados de Olimp\u00edadas renomadas, como a American Mathematics Competition (AMC) [&hellip;]<\/p>\n","protected":false},"author":1,"featured_media":0,"parent":0,"menu_order":0,"comment_status":"closed","ping_status":"closed","template":"","meta":{"site-sidebar-layout":"default","site-content-layout":"","ast-site-content-layout":"default","site-content-style":"default","site-sidebar-style":"default","ast-global-header-display":"","ast-banner-title-visibility":"","ast-main-header-display":"","ast-hfb-above-header-display":"","ast-hfb-below-header-display":"","ast-hfb-mobile-header-display":"","site-post-title":"","ast-breadcrumbs-content":"","ast-featured-img":"","footer-sml-layout":"","theme-transparent-header-meta":"","adv-header-id-meta":"","stick-header-meta":"","header-above-stick-meta":"","header-main-stick-meta":"","header-below-stick-meta":"","astra-migrate-meta-layouts":"default","ast-page-background-enabled":"default","ast-page-background-meta":{"desktop":{"background-color":"var(--ast-global-color-4)","background-image":"","background-repeat":"repeat","background-position":"center center","background-size":"auto","background-attachment":"scroll","background-type":"","background-media":"","overlay-type":"","overlay-color":"","overlay-opacity":"","overlay-gradient":""},"tablet":{"background-color":"","background-image":"","background-repeat":"repeat","background-position":"center center","background-size":"auto","background-attachment":"scroll","background-type":"","background-media":"","overlay-type":"","overlay-color":"","overlay-opacity":"","overlay-gradient":""},"mobile":{"background-color":"","background-image":"","background-repeat":"repeat","background-position":"center center","background-size":"auto","background-attachment":"scroll","background-type":"","background-media":"","overlay-type":"","overlay-color":"","overlay-opacity":"","overlay-gradient":""}},"ast-content-background-meta":{"desktop":{"background-color":"var(--ast-global-color-5)","background-image":"","background-repeat":"repeat","background-position":"center center","background-size":"auto","background-attachment":"scroll","background-type":"","background-media":"","overlay-type":"","overlay-color":"","overlay-opacity":"","overlay-gradient":""},"tablet":{"background-color":"var(--ast-global-color-5)","background-image":"","background-repeat":"repeat","background-position":"center center","background-size":"auto","background-attachment":"scroll","background-type":"","background-media":"","overlay-type":"","overlay-color":"","overlay-opacity":"","overlay-gradient":""},"mobile":{"background-color":"var(--ast-global-color-5)","background-image":"","background-repeat":"repeat","background-position":"center center","background-size":"auto","background-attachment":"scroll","background-type":"","background-media":"","overlay-type":"","overlay-color":"","overlay-opacity":"","overlay-gradient":""}},"footnotes":""},"class_list":["post-2540","page","type-page","status-publish","hentry"],"yoast_head":"<!-- This site is optimized with the Yoast SEO plugin v27.3 - https:\/\/yoast.com\/product\/yoast-seo-wordpress\/ -->\n<title>Matem\u00e1tica Elementar com Problemas Ol\u00edmpicos &#8211; Cadernos de Matem\u00e1tica - PROFMAT<\/title>\n<meta name=\"robots\" content=\"index, follow, max-snippet:-1, max-image-preview:large, max-video-preview:-1\" \/>\n<link rel=\"canonical\" href=\"https:\/\/cadernosdematematica.com.br\/profmat\/matematica-elementar-com-problemas-olimpicos\/\" \/>\n<meta property=\"og:locale\" content=\"pt_PT\" \/>\n<meta property=\"og:type\" content=\"article\" \/>\n<meta property=\"og:title\" content=\"Matem\u00e1tica Elementar com Problemas Ol\u00edmpicos &#8211; Cadernos de Matem\u00e1tica - PROFMAT\" \/>\n<meta property=\"og:description\" content=\"P\u00fablico-Alvo: Origem dos Problemas: Os problemas apresentados neste curso foram selecionados de Olimp\u00edadas renomadas, como a American Mathematics Competition (AMC) [&hellip;]\" \/>\n<meta property=\"og:url\" content=\"https:\/\/cadernosdematematica.com.br\/profmat\/matematica-elementar-com-problemas-olimpicos\/\" \/>\n<meta property=\"og:site_name\" content=\"Cadernos de Matem\u00e1tica - PROFMAT\" \/>\n<meta property=\"article:publisher\" content=\"https:\/\/www.facebook.com\/matematicacadernos\" \/>\n<meta property=\"article:modified_time\" content=\"2025-03-29T16:18:03+00:00\" \/>\n<meta name=\"twitter:card\" content=\"summary_large_image\" \/>\n<meta name=\"twitter:label1\" content=\"Tempo estimado de leitura\" \/>\n\t<meta name=\"twitter:data1\" content=\"3 minutos\" \/>\n<script type=\"application\/ld+json\" class=\"yoast-schema-graph\">{\"@context\":\"https:\\\/\\\/schema.org\",\"@graph\":[{\"@type\":\"WebPage\",\"@id\":\"https:\\\/\\\/cadernosdematematica.com.br\\\/profmat\\\/matematica-elementar-com-problemas-olimpicos\\\/\",\"url\":\"https:\\\/\\\/cadernosdematematica.com.br\\\/profmat\\\/matematica-elementar-com-problemas-olimpicos\\\/\",\"name\":\"Matem\u00e1tica Elementar com Problemas Ol\u00edmpicos &#8211; Cadernos de Matem\u00e1tica - PROFMAT\",\"isPartOf\":{\"@id\":\"https:\\\/\\\/cadernosdematematica.com.br\\\/profmat\\\/#website\"},\"datePublished\":\"2024-11-02T10:24:49+00:00\",\"dateModified\":\"2025-03-29T16:18:03+00:00\",\"breadcrumb\":{\"@id\":\"https:\\\/\\\/cadernosdematematica.com.br\\\/profmat\\\/matematica-elementar-com-problemas-olimpicos\\\/#breadcrumb\"},\"inLanguage\":\"pt-PT\",\"potentialAction\":[{\"@type\":\"ReadAction\",\"target\":[\"https:\\\/\\\/cadernosdematematica.com.br\\\/profmat\\\/matematica-elementar-com-problemas-olimpicos\\\/\"]}]},{\"@type\":\"BreadcrumbList\",\"@id\":\"https:\\\/\\\/cadernosdematematica.com.br\\\/profmat\\\/matematica-elementar-com-problemas-olimpicos\\\/#breadcrumb\",\"itemListElement\":[{\"@type\":\"ListItem\",\"position\":1,\"name\":\"In\u00edcio\",\"item\":\"https:\\\/\\\/cadernosdematematica.com.br\\\/profmat\\\/\"},{\"@type\":\"ListItem\",\"position\":2,\"name\":\"Matem\u00e1tica Elementar com Problemas Ol\u00edmpicos\"}]},{\"@type\":\"WebSite\",\"@id\":\"https:\\\/\\\/cadernosdematematica.com.br\\\/profmat\\\/#website\",\"url\":\"https:\\\/\\\/cadernosdematematica.com.br\\\/profmat\\\/\",\"name\":\"Cadernos de Matem\u00e1tica - PROFMAT\",\"description\":\"Matem\u00e1tica e LaTeX\",\"publisher\":{\"@id\":\"https:\\\/\\\/cadernosdematematica.com.br\\\/profmat\\\/#organization\"},\"alternateName\":\"cadmat\",\"potentialAction\":[{\"@type\":\"SearchAction\",\"target\":{\"@type\":\"EntryPoint\",\"urlTemplate\":\"https:\\\/\\\/cadernosdematematica.com.br\\\/profmat\\\/?s={search_term_string}\"},\"query-input\":{\"@type\":\"PropertyValueSpecification\",\"valueRequired\":true,\"valueName\":\"search_term_string\"}}],\"inLanguage\":\"pt-PT\"},{\"@type\":\"Organization\",\"@id\":\"https:\\\/\\\/cadernosdematematica.com.br\\\/profmat\\\/#organization\",\"name\":\"Cadernos de Matem\u00e1tica\",\"url\":\"https:\\\/\\\/cadernosdematematica.com.br\\\/profmat\\\/\",\"logo\":{\"@type\":\"ImageObject\",\"inLanguage\":\"pt-PT\",\"@id\":\"https:\\\/\\\/cadernosdematematica.com.br\\\/profmat\\\/#\\\/schema\\\/logo\\\/image\\\/\",\"url\":\"https:\\\/\\\/cadernosdematematica.com.br\\\/profmat\\\/wp-content\\\/uploads\\\/2020\\\/10\\\/cropped-logoasdf-1.png\",\"contentUrl\":\"https:\\\/\\\/cadernosdematematica.com.br\\\/profmat\\\/wp-content\\\/uploads\\\/2020\\\/10\\\/cropped-logoasdf-1.png\",\"width\":99,\"height\":99,\"caption\":\"Cadernos de Matem\u00e1tica\"},\"image\":{\"@id\":\"https:\\\/\\\/cadernosdematematica.com.br\\\/profmat\\\/#\\\/schema\\\/logo\\\/image\\\/\"},\"sameAs\":[\"https:\\\/\\\/www.facebook.com\\\/matematicacadernos\",\"https:\\\/\\\/www.youtube.com\\\/cadernosdematematica\"]}]}<\/script>\n<!-- \/ Yoast SEO plugin. -->","yoast_head_json":{"title":"Matem\u00e1tica Elementar com Problemas Ol\u00edmpicos &#8211; Cadernos de Matem\u00e1tica - PROFMAT","robots":{"index":"index","follow":"follow","max-snippet":"max-snippet:-1","max-image-preview":"max-image-preview:large","max-video-preview":"max-video-preview:-1"},"canonical":"https:\/\/cadernosdematematica.com.br\/profmat\/matematica-elementar-com-problemas-olimpicos\/","og_locale":"pt_PT","og_type":"article","og_title":"Matem\u00e1tica Elementar com Problemas Ol\u00edmpicos &#8211; Cadernos de Matem\u00e1tica - PROFMAT","og_description":"P\u00fablico-Alvo: Origem dos Problemas: Os problemas apresentados neste curso foram selecionados de Olimp\u00edadas renomadas, como a American Mathematics Competition (AMC) [&hellip;]","og_url":"https:\/\/cadernosdematematica.com.br\/profmat\/matematica-elementar-com-problemas-olimpicos\/","og_site_name":"Cadernos de Matem\u00e1tica - PROFMAT","article_publisher":"https:\/\/www.facebook.com\/matematicacadernos","article_modified_time":"2025-03-29T16:18:03+00:00","twitter_card":"summary_large_image","twitter_misc":{"Tempo estimado de leitura":"3 minutos"},"schema":{"@context":"https:\/\/schema.org","@graph":[{"@type":"WebPage","@id":"https:\/\/cadernosdematematica.com.br\/profmat\/matematica-elementar-com-problemas-olimpicos\/","url":"https:\/\/cadernosdematematica.com.br\/profmat\/matematica-elementar-com-problemas-olimpicos\/","name":"Matem\u00e1tica Elementar com Problemas Ol\u00edmpicos &#8211; Cadernos de Matem\u00e1tica - PROFMAT","isPartOf":{"@id":"https:\/\/cadernosdematematica.com.br\/profmat\/#website"},"datePublished":"2024-11-02T10:24:49+00:00","dateModified":"2025-03-29T16:18:03+00:00","breadcrumb":{"@id":"https:\/\/cadernosdematematica.com.br\/profmat\/matematica-elementar-com-problemas-olimpicos\/#breadcrumb"},"inLanguage":"pt-PT","potentialAction":[{"@type":"ReadAction","target":["https:\/\/cadernosdematematica.com.br\/profmat\/matematica-elementar-com-problemas-olimpicos\/"]}]},{"@type":"BreadcrumbList","@id":"https:\/\/cadernosdematematica.com.br\/profmat\/matematica-elementar-com-problemas-olimpicos\/#breadcrumb","itemListElement":[{"@type":"ListItem","position":1,"name":"In\u00edcio","item":"https:\/\/cadernosdematematica.com.br\/profmat\/"},{"@type":"ListItem","position":2,"name":"Matem\u00e1tica Elementar com Problemas Ol\u00edmpicos"}]},{"@type":"WebSite","@id":"https:\/\/cadernosdematematica.com.br\/profmat\/#website","url":"https:\/\/cadernosdematematica.com.br\/profmat\/","name":"Cadernos de Matem\u00e1tica - PROFMAT","description":"Matem\u00e1tica e LaTeX","publisher":{"@id":"https:\/\/cadernosdematematica.com.br\/profmat\/#organization"},"alternateName":"cadmat","potentialAction":[{"@type":"SearchAction","target":{"@type":"EntryPoint","urlTemplate":"https:\/\/cadernosdematematica.com.br\/profmat\/?s={search_term_string}"},"query-input":{"@type":"PropertyValueSpecification","valueRequired":true,"valueName":"search_term_string"}}],"inLanguage":"pt-PT"},{"@type":"Organization","@id":"https:\/\/cadernosdematematica.com.br\/profmat\/#organization","name":"Cadernos de Matem\u00e1tica","url":"https:\/\/cadernosdematematica.com.br\/profmat\/","logo":{"@type":"ImageObject","inLanguage":"pt-PT","@id":"https:\/\/cadernosdematematica.com.br\/profmat\/#\/schema\/logo\/image\/","url":"https:\/\/cadernosdematematica.com.br\/profmat\/wp-content\/uploads\/2020\/10\/cropped-logoasdf-1.png","contentUrl":"https:\/\/cadernosdematematica.com.br\/profmat\/wp-content\/uploads\/2020\/10\/cropped-logoasdf-1.png","width":99,"height":99,"caption":"Cadernos de Matem\u00e1tica"},"image":{"@id":"https:\/\/cadernosdematematica.com.br\/profmat\/#\/schema\/logo\/image\/"},"sameAs":["https:\/\/www.facebook.com\/matematicacadernos","https:\/\/www.youtube.com\/cadernosdematematica"]}]}},"jetpack_sharing_enabled":true,"_links":{"self":[{"href":"https:\/\/cadernosdematematica.com.br\/profmat\/wp-json\/wp\/v2\/pages\/2540","targetHints":{"allow":["GET"]}}],"collection":[{"href":"https:\/\/cadernosdematematica.com.br\/profmat\/wp-json\/wp\/v2\/pages"}],"about":[{"href":"https:\/\/cadernosdematematica.com.br\/profmat\/wp-json\/wp\/v2\/types\/page"}],"author":[{"embeddable":true,"href":"https:\/\/cadernosdematematica.com.br\/profmat\/wp-json\/wp\/v2\/users\/1"}],"replies":[{"embeddable":true,"href":"https:\/\/cadernosdematematica.com.br\/profmat\/wp-json\/wp\/v2\/comments?post=2540"}],"version-history":[{"count":19,"href":"https:\/\/cadernosdematematica.com.br\/profmat\/wp-json\/wp\/v2\/pages\/2540\/revisions"}],"predecessor-version":[{"id":2747,"href":"https:\/\/cadernosdematematica.com.br\/profmat\/wp-json\/wp\/v2\/pages\/2540\/revisions\/2747"}],"wp:attachment":[{"href":"https:\/\/cadernosdematematica.com.br\/profmat\/wp-json\/wp\/v2\/media?parent=2540"}],"curies":[{"name":"wp","href":"https:\/\/api.w.org\/{rel}","templated":true}]}}