{"id":2576,"date":"2024-11-02T09:10:17","date_gmt":"2024-11-02T12:10:17","guid":{"rendered":"https:\/\/cadernosdematematica.com.br\/profmat\/?page_id=2576"},"modified":"2024-11-02T09:10:18","modified_gmt":"2024-11-02T12:10:18","slug":"combo-enq-fundamentos-de-calculo","status":"publish","type":"page","link":"https:\/\/cadernosdematematica.com.br\/profmat\/combo-enq-fundamentos-de-calculo\/","title":{"rendered":"Combo ENQ + Fundamentos de C\u00e1lculo"},"content":{"rendered":"<div class=\"everest-forms\"><div class=\"evf-container default\" id=\"evf-2575\"><form id=\"evf-form-2575\" class=\"everest-form\" data-formid=\"2575\" data-ajax_submission=\"0\" data-keyboard_friendly_form=\"0\" data-form_state_type=\"\" method=\"post\" enctype=\"multipart\/form-data\" action=\"\/profmat\/wp-json\/wp\/v2\/pages\/2576\"><div class=\"evf-field-container\"><input type=\"hidden\" id=\"_wpnonce2575\" name=\"_wpnonce2575\" value=\"0b6e2fbba2\" \/><input type=\"hidden\" name=\"_wp_http_referer\" value=\"\/profmat\/wp-json\/wp\/v2\/pages\/2576\" \/><div class=\"evf-frontend-row\" data-row=\"row_1\" conditional_rules=\"[]\"><div class=\"evf-frontend-grid evf-grid-1\" data-grid=\"grid_1\"><div id=\"evf-2575-field_uReLOs87aa-6-container\" class=\"evf-field evf-field-text form-row validate-required\" data-required-field-message=\"Campo Obrigat\u00f3rio\" data-field-id=\"uReLOs87aa-6\"><label class=\"evf-field-label\" for=\"evf-2575-field_uReLOs87aa-6\"><span class=\"evf-label\">Nome Completo sem abrevia\u00e7\u00f5es<\/span> <abbr class=\"required\" title=\"Required\">*<\/abbr><\/label><input type=\"text\" id=\"evf-2575-field_uReLOs87aa-6\" class=\"input-text\" name=\"everest_forms[form_fields][uReLOs87aa-6]\" required><\/div><div id=\"evf-2575-field_LbH5NxasXM-2-container\" class=\"evf-field evf-field-email form-row validate-required validate-email\" data-required-field-message=\"Please enter a valid email address.\" data-field-id=\"LbH5NxasXM-2\"><label class=\"evf-field-label\" for=\"evf-2575-field_LbH5NxasXM-2\"><span class=\"evf-label\">Conta Google<\/span> <abbr class=\"required\" title=\"Required\">*<\/abbr><\/label><input type=\"email\" id=\"evf-2575-field_LbH5NxasXM-2\" class=\"input-text\" name=\"everest_forms[form_fields][LbH5NxasXM-2]\" required ><\/div><div id=\"evf-2575-field_66FR384cge-3-container\" class=\"evf-field evf-field-text form-row validate-required\" data-required-field-message=\"Informe o CPF com 11 d\u00edgitos.\" data-field-id=\"66FR384cge-3\"><label class=\"evf-field-label\" for=\"evf-2575-field_66FR384cge-3\"><span class=\"evf-label\">CPF<\/span> <abbr class=\"required\" title=\"Required\">*<\/abbr><\/label><input type=\"text\" id=\"evf-2575-field_66FR384cge-3\" class=\"input-text\" name=\"everest_forms[form_fields][66FR384cge-3]\" required><\/div><div id=\"evf-2575-field_bmir6jUe0e-11-container\" class=\"evf-field evf-field-number form-row validate-required\" data-required-field-message=\"Obrigat\u00f3rio\" data-field-id=\"bmir6jUe0e-11\"><label class=\"evf-field-label\" for=\"evf-2575-field_bmir6jUe0e-11\"><span class=\"evf-label\">Whatsapp<\/span> <abbr class=\"required\" title=\"Required\">*<\/abbr><\/label><input type=\"number\" id=\"evf-2575-field_bmir6jUe0e-11\" class=\"input-text\" name=\"everest_forms[form_fields][bmir6jUe0e-11]\" placeholder=\"Somente n\u00fameros com DDD\" step=\"1\" required\/><\/div><div id=\"evf-2575-field_ys0GeZISRs-1-container\" class=\"evf-field evf-field-first-name form-row validate-required\" data-required-field-message=\"Obrigat\u00f3rio\" data-field-id=\"ys0GeZISRs-1\"><label class=\"evf-field-label\" for=\"evf-2575-field_ys0GeZISRs-1\"><span class=\"evf-label\">Logradouro<\/span> <abbr class=\"required\" title=\"Required\">*<\/abbr><\/label><input type=\"text\" id=\"evf-2575-field_ys0GeZISRs-1\" class=\"input-text\" name=\"everest_forms[form_fields][ys0GeZISRs-1]\" placeholder=\"Rua\" required><\/div><div id=\"evf-2575-field_TiyVeOHaDR-13-container\" class=\"evf-field evf-field-text form-row validate-required\" data-required-field-message=\"Campo Obrigat\u00f3rio\" data-field-id=\"TiyVeOHaDR-13\"><label class=\"evf-field-label\" for=\"evf-2575-field_TiyVeOHaDR-13\"><span class=\"evf-label\">N\u00famero<\/span> <abbr class=\"required\" title=\"Required\">*<\/abbr><\/label><input type=\"text\" id=\"evf-2575-field_TiyVeOHaDR-13\" class=\"input-text\" name=\"everest_forms[form_fields][TiyVeOHaDR-13]\" required><\/div><div id=\"evf-2575-field_YklS3GZNGo-8-container\" class=\"evf-field evf-field-text form-row\" data-field-id=\"YklS3GZNGo-8\"><label class=\"evf-field-label\" for=\"evf-2575-field_YklS3GZNGo-8\"><span class=\"evf-label\">Complemento<\/span> <\/label><input type=\"text\" id=\"evf-2575-field_YklS3GZNGo-8\" class=\"input-text\" name=\"everest_forms[form_fields][YklS3GZNGo-8]\" ><\/div><div id=\"evf-2575-field_DuQDTI4nEW-9-container\" class=\"evf-field evf-field-text form-row validate-required\" data-required-field-message=\"This field is required.\" data-field-id=\"DuQDTI4nEW-9\"><label class=\"evf-field-label\" for=\"evf-2575-field_DuQDTI4nEW-9\"><span class=\"evf-label\">Cidade<\/span> <abbr class=\"required\" title=\"Required\">*<\/abbr><\/label><input type=\"text\" id=\"evf-2575-field_DuQDTI4nEW-9\" class=\"input-text\" name=\"everest_forms[form_fields][DuQDTI4nEW-9]\" required><\/div><div id=\"evf-2575-field_e8sETfVgpP-10-container\" class=\"evf-field evf-field-number form-row validate-required\" data-required-field-message=\"Por favor digite um n\u00famero v\u00e1lido\" data-field-id=\"e8sETfVgpP-10\"><label class=\"evf-field-label\" for=\"evf-2575-field_e8sETfVgpP-10\"><span class=\"evf-label\">CEP<\/span> <abbr class=\"required\" title=\"Required\">*<\/abbr><\/label><input type=\"number\" id=\"evf-2575-field_e8sETfVgpP-10\" class=\"input-text\" name=\"everest_forms[form_fields][e8sETfVgpP-10]\" placeholder=\"xxxxxxxx\" step=\"1\" max=\"99999999\" required\/><\/div><div id=\"evf-2575-field_oFUDqvnqBG-5-container\" class=\"evf-field evf-field-select form-row validate-required\" data-required-field-message=\"Campo Obrigat\u00f3rio\" data-field-id=\"oFUDqvnqBG-5\"><label class=\"evf-field-label\" for=\"evf-2575-field_oFUDqvnqBG-5\"><span class=\"evf-label\">UF<\/span> <abbr class=\"required\" title=\"Required\">*<\/abbr><\/label><select id=\"evf-2575-field_oFUDqvnqBG-5\" class=\"input-text evf-field-required\" name=\"everest_forms[form_fields][oFUDqvnqBG-5]\" required=\"required\" ><option value=\"\" class=\"placeholder\" disabled  selected='selected'>Escolha<\/option><option value=\"Acre\" >Acre<\/option><option value=\"Alagoas\" >Alagoas<\/option><option value=\"Amap\u00e1\" >Amap\u00e1<\/option><option value=\"Amazonas\" >Amazonas<\/option><option value=\"Bahia\" >Bahia<\/option><option value=\"Cear\u00e1\" >Cear\u00e1<\/option><option value=\"Distrito Federal\" >Distrito Federal<\/option><option value=\"Esp\u00edrito Santo\" >Esp\u00edrito Santo<\/option><option value=\"Goi\u00e1s\" >Goi\u00e1s<\/option><option value=\"Maranh\u00e3o\" >Maranh\u00e3o<\/option><option value=\"Mato Grosso\" >Mato Grosso<\/option><option value=\"Mato Grosso do Sul\" >Mato Grosso do Sul<\/option><option value=\"Minas Gerais\" >Minas Gerais<\/option><option value=\"Par\u00e1\" >Par\u00e1<\/option><option value=\"Para\u00edba\" >Para\u00edba<\/option><option value=\"Paran\u00e1\" >Paran\u00e1<\/option><option value=\"Pernambuco\" >Pernambuco<\/option><option value=\"Piau\u00ed\" >Piau\u00ed<\/option><option value=\"Rio de Janeiro\" >Rio de Janeiro<\/option><option value=\"Rio Grande do Norte\" >Rio Grande do Norte<\/option><option value=\"Rio Grande do Sul\" >Rio Grande do Sul<\/option><option value=\"Rond\u00f4nia\" >Rond\u00f4nia<\/option><option value=\"Roraima\" >Roraima<\/option><option value=\"Santa Catarina\" >Santa Catarina<\/option><option value=\"S\u00e3o Paulo\" >S\u00e3o Paulo<\/option><option value=\"Sergipe\" >Sergipe<\/option><option value=\"Tocantins\" >Tocantins<\/option><\/select><\/div><div id=\"evf-2575-field_dJ5oHFcOr2-16-container\" class=\"evf-field evf-field-select form-row\" data-field-id=\"dJ5oHFcOr2-16\"><label class=\"evf-field-label\" for=\"evf-2575-field_dJ5oHFcOr2-16\"><span class=\"evf-label\">Op\u00e7\u00e3o do Curso ENQ<\/span> <\/label><select id=\"evf-2575-field_dJ5oHFcOr2-16\" class=\"input-text\" name=\"everest_forms[form_fields][dJ5oHFcOr2-16]\" ><option value=\"\" class=\"placeholder\" disabled  selected='selected'>Escolha<\/option><option value=\"Sem devolutiva dos simulados\" >Sem devolutiva dos simulados<\/option><option value=\"Com devolutiva dos simulados\" >Com devolutiva dos simulados<\/option><\/select><\/div><div id=\"evf-2575-field_9Q1Gar7R76-12-container\" class=\"evf-field evf-field-select form-row validate-required\" data-required-field-message=\"Campo Obrigat\u00f3rio\" data-field-id=\"9Q1Gar7R76-12\"><label class=\"evf-field-label\" for=\"evf-2575-field_9Q1Gar7R76-12\"><span class=\"evf-label\">Forma de Pagamento<\/span> <abbr class=\"required\" title=\"Required\">*<\/abbr><\/label><select id=\"evf-2575-field_9Q1Gar7R76-12\" class=\"input-text evf-field-required\" name=\"everest_forms[form_fields][9Q1Gar7R76-12]\" required=\"required\" ><option value=\"\" class=\"placeholder\" disabled  selected='selected'>Escolha<\/option><option value=\"PIX\" >PIX<\/option><option value=\"Cart\u00e3o de D\u00e9bito ou cr\u00e9dito\" >Cart\u00e3o de D\u00e9bito ou cr\u00e9dito<\/option><option value=\"Boleto\" >Boleto<\/option><option value=\"Transfer\u00eancia Nubank\" >Transfer\u00eancia Nubank<\/option><option value=\"Transfer\u00eancia Bradesco\" >Transfer\u00eancia Bradesco<\/option><option value=\"Transfer\u00eancia Banco do Brasil\" >Transfer\u00eancia Banco do Brasil<\/option><option value=\"Transfer\u00eancia Santander\" >Transfer\u00eancia Santander<\/option><\/select><\/div><\/div><\/div><div class=\"evf-frontend-row\" data-row=\"row_2\" conditional_rules=\"[]\"><div class=\"evf-frontend-grid evf-grid-1\" data-grid=\"grid_1\"><\/div><\/div><\/div><div class=\"evf-honeypot-container evf-field-hp\"><label for=\"evf-2575-field-hp\" class=\"evf-field-label\">Email<\/label><input type=\"text\" name=\"everest_forms[hp]\" id=\"evf-2575-field-hp\" class=\"input-text\"><\/div><div class=\"evf-submit-container \" ><input type=\"hidden\" name=\"everest_forms[id]\" value=\"2575\"><input type=\"hidden\" name=\"everest_forms[author]\" value=\"1\"><button type='submit' name='everest_forms[submit]' class='everest-forms-submit-button button evf-submit ' id='evf-submit-2575' value='evf-submit' data-process-text=\"Processando....\" conditional_rules='&quot;&quot;' conditional_id='evf-submit-2575'  id=\"evf-submit-2575\" aria-live=\"assertive\">Enviar<\/button><\/div><\/form><\/div><!-- .evf-container --><\/div>\n","protected":false},"excerpt":{"rendered":"","protected":false},"author":1,"featured_media":0,"parent":0,"menu_order":0,"comment_status":"closed","ping_status":"closed","template":"","meta":{"site-sidebar-layout":"default","site-content-layout":"","ast-site-content-layout":"default","site-content-style":"default","site-sidebar-style":"default","ast-global-header-display":"","ast-banner-title-visibility":"","ast-main-header-display":"","ast-hfb-above-header-display":"","ast-hfb-below-header-display":"","ast-hfb-mobile-header-display":"","site-post-title":"","ast-breadcrumbs-content":"","ast-featured-img":"","footer-sml-layout":"","theme-transparent-header-meta":"","adv-header-id-meta":"","stick-header-meta":"","header-above-stick-meta":"","header-main-stick-meta":"","header-below-stick-meta":"","astra-migrate-meta-layouts":"default","ast-page-background-enabled":"default","ast-page-background-meta":{"desktop":{"background-color":"var(--ast-global-color-4)","background-image":"","background-repeat":"repeat","background-position":"center center","background-size":"auto","background-attachment":"scroll","background-type":"","background-media":"","overlay-type":"","overlay-color":"","overlay-opacity":"","overlay-gradient":""},"tablet":{"background-color":"","background-image":"","background-repeat":"repeat","background-position":"center center","background-size":"auto","background-attachment":"scroll","background-type":"","background-media":"","overlay-type":"","overlay-color":"","overlay-opacity":"","overlay-gradient":""},"mobile":{"background-color":"","background-image":"","background-repeat":"repeat","background-position":"center center","background-size":"auto","background-attachment":"scroll","background-type":"","background-media":"","overlay-type":"","overlay-color":"","overlay-opacity":"","overlay-gradient":""}},"ast-content-background-meta":{"desktop":{"background-color":"var(--ast-global-color-5)","background-image":"","background-repeat":"repeat","background-position":"center center","background-size":"auto","background-attachment":"scroll","background-type":"","background-media":"","overlay-type":"","overlay-color":"","overlay-opacity":"","overlay-gradient":""},"tablet":{"background-color":"var(--ast-global-color-5)","background-image":"","background-repeat":"repeat","background-position":"center center","background-size":"auto","background-attachment":"scroll","background-type":"","background-media":"","overlay-type":"","overlay-color":"","overlay-opacity":"","overlay-gradient":""},"mobile":{"background-color":"var(--ast-global-color-5)","background-image":"","background-repeat":"repeat","background-position":"center center","background-size":"auto","background-attachment":"scroll","background-type":"","background-media":"","overlay-type":"","overlay-color":"","overlay-opacity":"","overlay-gradient":""}},"footnotes":""},"class_list":["post-2576","page","type-page","status-publish","hentry"],"yoast_head":"<!-- This site is optimized with the Yoast SEO plugin v27.3 - https:\/\/yoast.com\/product\/yoast-seo-wordpress\/ -->\n<title>Combo ENQ + Fundamentos de C\u00e1lculo &#8211; Cadernos de Matem\u00e1tica - PROFMAT<\/title>\n<meta name=\"robots\" content=\"index, follow, max-snippet:-1, max-image-preview:large, max-video-preview:-1\" \/>\n<link rel=\"canonical\" href=\"https:\/\/cadernosdematematica.com.br\/profmat\/combo-enq-fundamentos-de-calculo\/\" \/>\n<meta property=\"og:locale\" content=\"pt_PT\" \/>\n<meta property=\"og:type\" content=\"article\" \/>\n<meta property=\"og:title\" content=\"Combo ENQ + Fundamentos de C\u00e1lculo &#8211; Cadernos de Matem\u00e1tica - PROFMAT\" \/>\n<meta property=\"og:url\" content=\"https:\/\/cadernosdematematica.com.br\/profmat\/combo-enq-fundamentos-de-calculo\/\" \/>\n<meta property=\"og:site_name\" content=\"Cadernos de Matem\u00e1tica - PROFMAT\" \/>\n<meta property=\"article:publisher\" content=\"https:\/\/www.facebook.com\/matematicacadernos\" \/>\n<meta property=\"article:modified_time\" content=\"2024-11-02T12:10:18+00:00\" \/>\n<meta name=\"twitter:card\" content=\"summary_large_image\" \/>\n<meta name=\"twitter:label1\" content=\"Tempo estimado de leitura\" \/>\n\t<meta name=\"twitter:data1\" content=\"1 minuto\" \/>\n<script type=\"application\/ld+json\" class=\"yoast-schema-graph\">{\"@context\":\"https:\\\/\\\/schema.org\",\"@graph\":[{\"@type\":\"WebPage\",\"@id\":\"https:\\\/\\\/cadernosdematematica.com.br\\\/profmat\\\/combo-enq-fundamentos-de-calculo\\\/\",\"url\":\"https:\\\/\\\/cadernosdematematica.com.br\\\/profmat\\\/combo-enq-fundamentos-de-calculo\\\/\",\"name\":\"Combo ENQ + Fundamentos de C\u00e1lculo &#8211; Cadernos de Matem\u00e1tica - PROFMAT\",\"isPartOf\":{\"@id\":\"https:\\\/\\\/cadernosdematematica.com.br\\\/profmat\\\/#website\"},\"datePublished\":\"2024-11-02T12:10:17+00:00\",\"dateModified\":\"2024-11-02T12:10:18+00:00\",\"breadcrumb\":{\"@id\":\"https:\\\/\\\/cadernosdematematica.com.br\\\/profmat\\\/combo-enq-fundamentos-de-calculo\\\/#breadcrumb\"},\"inLanguage\":\"pt-PT\",\"potentialAction\":[{\"@type\":\"ReadAction\",\"target\":[\"https:\\\/\\\/cadernosdematematica.com.br\\\/profmat\\\/combo-enq-fundamentos-de-calculo\\\/\"]}]},{\"@type\":\"BreadcrumbList\",\"@id\":\"https:\\\/\\\/cadernosdematematica.com.br\\\/profmat\\\/combo-enq-fundamentos-de-calculo\\\/#breadcrumb\",\"itemListElement\":[{\"@type\":\"ListItem\",\"position\":1,\"name\":\"In\u00edcio\",\"item\":\"https:\\\/\\\/cadernosdematematica.com.br\\\/profmat\\\/\"},{\"@type\":\"ListItem\",\"position\":2,\"name\":\"Combo ENQ + Fundamentos de C\u00e1lculo\"}]},{\"@type\":\"WebSite\",\"@id\":\"https:\\\/\\\/cadernosdematematica.com.br\\\/profmat\\\/#website\",\"url\":\"https:\\\/\\\/cadernosdematematica.com.br\\\/profmat\\\/\",\"name\":\"Cadernos de Matem\u00e1tica - PROFMAT\",\"description\":\"Matem\u00e1tica e LaTeX\",\"publisher\":{\"@id\":\"https:\\\/\\\/cadernosdematematica.com.br\\\/profmat\\\/#organization\"},\"alternateName\":\"cadmat\",\"potentialAction\":[{\"@type\":\"SearchAction\",\"target\":{\"@type\":\"EntryPoint\",\"urlTemplate\":\"https:\\\/\\\/cadernosdematematica.com.br\\\/profmat\\\/?s={search_term_string}\"},\"query-input\":{\"@type\":\"PropertyValueSpecification\",\"valueRequired\":true,\"valueName\":\"search_term_string\"}}],\"inLanguage\":\"pt-PT\"},{\"@type\":\"Organization\",\"@id\":\"https:\\\/\\\/cadernosdematematica.com.br\\\/profmat\\\/#organization\",\"name\":\"Cadernos de Matem\u00e1tica\",\"url\":\"https:\\\/\\\/cadernosdematematica.com.br\\\/profmat\\\/\",\"logo\":{\"@type\":\"ImageObject\",\"inLanguage\":\"pt-PT\",\"@id\":\"https:\\\/\\\/cadernosdematematica.com.br\\\/profmat\\\/#\\\/schema\\\/logo\\\/image\\\/\",\"url\":\"https:\\\/\\\/cadernosdematematica.com.br\\\/profmat\\\/wp-content\\\/uploads\\\/2020\\\/10\\\/cropped-logoasdf-1.png\",\"contentUrl\":\"https:\\\/\\\/cadernosdematematica.com.br\\\/profmat\\\/wp-content\\\/uploads\\\/2020\\\/10\\\/cropped-logoasdf-1.png\",\"width\":99,\"height\":99,\"caption\":\"Cadernos de Matem\u00e1tica\"},\"image\":{\"@id\":\"https:\\\/\\\/cadernosdematematica.com.br\\\/profmat\\\/#\\\/schema\\\/logo\\\/image\\\/\"},\"sameAs\":[\"https:\\\/\\\/www.facebook.com\\\/matematicacadernos\",\"https:\\\/\\\/www.youtube.com\\\/cadernosdematematica\"]}]}<\/script>\n<!-- \/ Yoast SEO plugin. -->","yoast_head_json":{"title":"Combo ENQ + Fundamentos de C\u00e1lculo &#8211; Cadernos de Matem\u00e1tica - PROFMAT","robots":{"index":"index","follow":"follow","max-snippet":"max-snippet:-1","max-image-preview":"max-image-preview:large","max-video-preview":"max-video-preview:-1"},"canonical":"https:\/\/cadernosdematematica.com.br\/profmat\/combo-enq-fundamentos-de-calculo\/","og_locale":"pt_PT","og_type":"article","og_title":"Combo ENQ + Fundamentos de C\u00e1lculo &#8211; Cadernos de Matem\u00e1tica - PROFMAT","og_url":"https:\/\/cadernosdematematica.com.br\/profmat\/combo-enq-fundamentos-de-calculo\/","og_site_name":"Cadernos de Matem\u00e1tica - PROFMAT","article_publisher":"https:\/\/www.facebook.com\/matematicacadernos","article_modified_time":"2024-11-02T12:10:18+00:00","twitter_card":"summary_large_image","twitter_misc":{"Tempo estimado de leitura":"1 minuto"},"schema":{"@context":"https:\/\/schema.org","@graph":[{"@type":"WebPage","@id":"https:\/\/cadernosdematematica.com.br\/profmat\/combo-enq-fundamentos-de-calculo\/","url":"https:\/\/cadernosdematematica.com.br\/profmat\/combo-enq-fundamentos-de-calculo\/","name":"Combo ENQ + Fundamentos de C\u00e1lculo &#8211; Cadernos de Matem\u00e1tica - PROFMAT","isPartOf":{"@id":"https:\/\/cadernosdematematica.com.br\/profmat\/#website"},"datePublished":"2024-11-02T12:10:17+00:00","dateModified":"2024-11-02T12:10:18+00:00","breadcrumb":{"@id":"https:\/\/cadernosdematematica.com.br\/profmat\/combo-enq-fundamentos-de-calculo\/#breadcrumb"},"inLanguage":"pt-PT","potentialAction":[{"@type":"ReadAction","target":["https:\/\/cadernosdematematica.com.br\/profmat\/combo-enq-fundamentos-de-calculo\/"]}]},{"@type":"BreadcrumbList","@id":"https:\/\/cadernosdematematica.com.br\/profmat\/combo-enq-fundamentos-de-calculo\/#breadcrumb","itemListElement":[{"@type":"ListItem","position":1,"name":"In\u00edcio","item":"https:\/\/cadernosdematematica.com.br\/profmat\/"},{"@type":"ListItem","position":2,"name":"Combo ENQ + Fundamentos de C\u00e1lculo"}]},{"@type":"WebSite","@id":"https:\/\/cadernosdematematica.com.br\/profmat\/#website","url":"https:\/\/cadernosdematematica.com.br\/profmat\/","name":"Cadernos de Matem\u00e1tica - PROFMAT","description":"Matem\u00e1tica e LaTeX","publisher":{"@id":"https:\/\/cadernosdematematica.com.br\/profmat\/#organization"},"alternateName":"cadmat","potentialAction":[{"@type":"SearchAction","target":{"@type":"EntryPoint","urlTemplate":"https:\/\/cadernosdematematica.com.br\/profmat\/?s={search_term_string}"},"query-input":{"@type":"PropertyValueSpecification","valueRequired":true,"valueName":"search_term_string"}}],"inLanguage":"pt-PT"},{"@type":"Organization","@id":"https:\/\/cadernosdematematica.com.br\/profmat\/#organization","name":"Cadernos de Matem\u00e1tica","url":"https:\/\/cadernosdematematica.com.br\/profmat\/","logo":{"@type":"ImageObject","inLanguage":"pt-PT","@id":"https:\/\/cadernosdematematica.com.br\/profmat\/#\/schema\/logo\/image\/","url":"https:\/\/cadernosdematematica.com.br\/profmat\/wp-content\/uploads\/2020\/10\/cropped-logoasdf-1.png","contentUrl":"https:\/\/cadernosdematematica.com.br\/profmat\/wp-content\/uploads\/2020\/10\/cropped-logoasdf-1.png","width":99,"height":99,"caption":"Cadernos de Matem\u00e1tica"},"image":{"@id":"https:\/\/cadernosdematematica.com.br\/profmat\/#\/schema\/logo\/image\/"},"sameAs":["https:\/\/www.facebook.com\/matematicacadernos","https:\/\/www.youtube.com\/cadernosdematematica"]}]}},"jetpack_sharing_enabled":true,"_links":{"self":[{"href":"https:\/\/cadernosdematematica.com.br\/profmat\/wp-json\/wp\/v2\/pages\/2576","targetHints":{"allow":["GET"]}}],"collection":[{"href":"https:\/\/cadernosdematematica.com.br\/profmat\/wp-json\/wp\/v2\/pages"}],"about":[{"href":"https:\/\/cadernosdematematica.com.br\/profmat\/wp-json\/wp\/v2\/types\/page"}],"author":[{"embeddable":true,"href":"https:\/\/cadernosdematematica.com.br\/profmat\/wp-json\/wp\/v2\/users\/1"}],"replies":[{"embeddable":true,"href":"https:\/\/cadernosdematematica.com.br\/profmat\/wp-json\/wp\/v2\/comments?post=2576"}],"version-history":[{"count":1,"href":"https:\/\/cadernosdematematica.com.br\/profmat\/wp-json\/wp\/v2\/pages\/2576\/revisions"}],"predecessor-version":[{"id":2577,"href":"https:\/\/cadernosdematematica.com.br\/profmat\/wp-json\/wp\/v2\/pages\/2576\/revisions\/2577"}],"wp:attachment":[{"href":"https:\/\/cadernosdematematica.com.br\/profmat\/wp-json\/wp\/v2\/media?parent=2576"}],"curies":[{"name":"wp","href":"https:\/\/api.w.org\/{rel}","templated":true}]}}