{"id":2926,"date":"2025-08-15T19:15:42","date_gmt":"2025-08-15T22:15:42","guid":{"rendered":"https:\/\/cadernosdematematica.com.br\/profmat\/?page_id=2926"},"modified":"2025-11-08T17:46:20","modified_gmt":"2025-11-08T20:46:20","slug":"apostila-ena","status":"publish","type":"page","link":"https:\/\/cadernosdematematica.com.br\/profmat\/apostila-ena\/","title":{"rendered":"Apostila ENA"},"content":{"rendered":"\n<p>A apostila impressa na vers\u00e3o 2026 tem 202 p\u00e1ginas. A impress\u00e3o colorida personalizada \u00e9 em tamanho A4 e em papel pol\u00e9n (que evita reflexos). A encaderna\u00e7\u00e3o em espiral do tipo wire-o.<\/p>\n\n\n\n<p>Utilize a barra de navega\u00e7\u00e3o no rodap\u00e9 da imagem para navegar nas p\u00e1ginas de amostra da apostila.<\/p>\n\n\n<div class=\"_df_book df-lite\" id=\"df_3025\"  _slug=\"3025\" data-title=\"\" wpoptions=\"true\" thumb=\"https:\/\/cadernosdematematica.com.br\/profmat\/wp-content\/uploads\/2024\/11\/AmostraApostila_Pagina_01.png\" thumbtype=\"\" ><\/div><script class=\"df-shortcode-script\" nowprocket type=\"application\/javascript\">window.option_df_3025 = {\"outline\":[],\"autoEnableOutline\":\"false\",\"autoEnableThumbnail\":\"false\",\"overwritePDFOutline\":\"false\",\"direction\":\"1\",\"pageSize\":\"0\",\"source\":\"https:\\\/\\\/cadernosdematematica.com.br\\\/profmat\\\/wp-content\\\/uploads\\\/2025\\\/11\\\/amotra2.pdf\",\"wpOptions\":\"true\"}; if(window.DFLIP && window.DFLIP.parseBooks){window.DFLIP.parseBooks();}<\/script>\n\n\n<p>(A Apostila n\u00e3o \u00e9 vendida separadamente e \u00e9 impressa personalizada, a partir da aquisi\u00e7\u00e3o do aluno. A apostila cont\u00e9m nome, cpf e data de nascimento do aluno em todas as p\u00e1ginas. )<\/p>\n","protected":false},"excerpt":{"rendered":"<p>A apostila impressa na vers\u00e3o 2026 tem 202 p\u00e1ginas. A impress\u00e3o colorida personalizada \u00e9 em tamanho A4 e em papel [&hellip;]<\/p>\n","protected":false},"author":1,"featured_media":0,"parent":0,"menu_order":0,"comment_status":"closed","ping_status":"closed","template":"","meta":{"site-sidebar-layout":"default","site-content-layout":"","ast-site-content-layout":"default","site-content-style":"default","site-sidebar-style":"default","ast-global-header-display":"","ast-banner-title-visibility":"","ast-main-header-display":"","ast-hfb-above-header-display":"","ast-hfb-below-header-display":"","ast-hfb-mobile-header-display":"","site-post-title":"","ast-breadcrumbs-content":"","ast-featured-img":"","footer-sml-layout":"","theme-transparent-header-meta":"","adv-header-id-meta":"","stick-header-meta":"","header-above-stick-meta":"","header-main-stick-meta":"","header-below-stick-meta":"","astra-migrate-meta-layouts":"default","ast-page-background-enabled":"default","ast-page-background-meta":{"desktop":{"background-color":"var(--ast-global-color-4)","background-image":"","background-repeat":"repeat","background-position":"center center","background-size":"auto","background-attachment":"scroll","background-type":"","background-media":"","overlay-type":"","overlay-color":"","overlay-opacity":"","overlay-gradient":""},"tablet":{"background-color":"","background-image":"","background-repeat":"repeat","background-position":"center center","background-size":"auto","background-attachment":"scroll","background-type":"","background-media":"","overlay-type":"","overlay-color":"","overlay-opacity":"","overlay-gradient":""},"mobile":{"background-color":"","background-image":"","background-repeat":"repeat","background-position":"center center","background-size":"auto","background-attachment":"scroll","background-type":"","background-media":"","overlay-type":"","overlay-color":"","overlay-opacity":"","overlay-gradient":""}},"ast-content-background-meta":{"desktop":{"background-color":"var(--ast-global-color-5)","background-image":"","background-repeat":"repeat","background-position":"center center","background-size":"auto","background-attachment":"scroll","background-type":"","background-media":"","overlay-type":"","overlay-color":"","overlay-opacity":"","overlay-gradient":""},"tablet":{"background-color":"var(--ast-global-color-5)","background-image":"","background-repeat":"repeat","background-position":"center center","background-size":"auto","background-attachment":"scroll","background-type":"","background-media":"","overlay-type":"","overlay-color":"","overlay-opacity":"","overlay-gradient":""},"mobile":{"background-color":"var(--ast-global-color-5)","background-image":"","background-repeat":"repeat","background-position":"center center","background-size":"auto","background-attachment":"scroll","background-type":"","background-media":"","overlay-type":"","overlay-color":"","overlay-opacity":"","overlay-gradient":""}},"footnotes":""},"class_list":["post-2926","page","type-page","status-publish","hentry"],"yoast_head":"<!-- This site is optimized with the Yoast SEO plugin v27.3 - https:\/\/yoast.com\/product\/yoast-seo-wordpress\/ -->\n<title>Apostila ENA &#8211; Cadernos de Matem\u00e1tica - PROFMAT<\/title>\n<meta name=\"robots\" content=\"index, follow, max-snippet:-1, max-image-preview:large, max-video-preview:-1\" \/>\n<link rel=\"canonical\" href=\"https:\/\/cadernosdematematica.com.br\/profmat\/apostila-ena\/\" \/>\n<meta property=\"og:locale\" content=\"pt_PT\" \/>\n<meta property=\"og:type\" content=\"article\" \/>\n<meta property=\"og:title\" content=\"Apostila ENA &#8211; Cadernos de Matem\u00e1tica - PROFMAT\" \/>\n<meta property=\"og:description\" content=\"A apostila impressa na vers\u00e3o 2026 tem 202 p\u00e1ginas. A impress\u00e3o colorida personalizada \u00e9 em tamanho A4 e em papel [&hellip;]\" \/>\n<meta property=\"og:url\" content=\"https:\/\/cadernosdematematica.com.br\/profmat\/apostila-ena\/\" \/>\n<meta property=\"og:site_name\" content=\"Cadernos de Matem\u00e1tica - PROFMAT\" \/>\n<meta property=\"article:publisher\" content=\"https:\/\/www.facebook.com\/matematicacadernos\" \/>\n<meta property=\"article:modified_time\" content=\"2025-11-08T20:46:20+00:00\" \/>\n<meta name=\"twitter:card\" content=\"summary_large_image\" \/>\n<meta name=\"twitter:label1\" content=\"Tempo estimado de leitura\" \/>\n\t<meta name=\"twitter:data1\" content=\"1 minuto\" \/>\n<script type=\"application\/ld+json\" class=\"yoast-schema-graph\">{\"@context\":\"https:\\\/\\\/schema.org\",\"@graph\":[{\"@type\":\"WebPage\",\"@id\":\"https:\\\/\\\/cadernosdematematica.com.br\\\/profmat\\\/apostila-ena\\\/\",\"url\":\"https:\\\/\\\/cadernosdematematica.com.br\\\/profmat\\\/apostila-ena\\\/\",\"name\":\"Apostila ENA &#8211; Cadernos de Matem\u00e1tica - PROFMAT\",\"isPartOf\":{\"@id\":\"https:\\\/\\\/cadernosdematematica.com.br\\\/profmat\\\/#website\"},\"datePublished\":\"2025-08-15T22:15:42+00:00\",\"dateModified\":\"2025-11-08T20:46:20+00:00\",\"breadcrumb\":{\"@id\":\"https:\\\/\\\/cadernosdematematica.com.br\\\/profmat\\\/apostila-ena\\\/#breadcrumb\"},\"inLanguage\":\"pt-PT\",\"potentialAction\":[{\"@type\":\"ReadAction\",\"target\":[\"https:\\\/\\\/cadernosdematematica.com.br\\\/profmat\\\/apostila-ena\\\/\"]}]},{\"@type\":\"BreadcrumbList\",\"@id\":\"https:\\\/\\\/cadernosdematematica.com.br\\\/profmat\\\/apostila-ena\\\/#breadcrumb\",\"itemListElement\":[{\"@type\":\"ListItem\",\"position\":1,\"name\":\"In\u00edcio\",\"item\":\"https:\\\/\\\/cadernosdematematica.com.br\\\/profmat\\\/\"},{\"@type\":\"ListItem\",\"position\":2,\"name\":\"Apostila ENA\"}]},{\"@type\":\"WebSite\",\"@id\":\"https:\\\/\\\/cadernosdematematica.com.br\\\/profmat\\\/#website\",\"url\":\"https:\\\/\\\/cadernosdematematica.com.br\\\/profmat\\\/\",\"name\":\"Cadernos de Matem\u00e1tica - PROFMAT\",\"description\":\"Matem\u00e1tica e LaTeX\",\"publisher\":{\"@id\":\"https:\\\/\\\/cadernosdematematica.com.br\\\/profmat\\\/#organization\"},\"alternateName\":\"cadmat\",\"potentialAction\":[{\"@type\":\"SearchAction\",\"target\":{\"@type\":\"EntryPoint\",\"urlTemplate\":\"https:\\\/\\\/cadernosdematematica.com.br\\\/profmat\\\/?s={search_term_string}\"},\"query-input\":{\"@type\":\"PropertyValueSpecification\",\"valueRequired\":true,\"valueName\":\"search_term_string\"}}],\"inLanguage\":\"pt-PT\"},{\"@type\":\"Organization\",\"@id\":\"https:\\\/\\\/cadernosdematematica.com.br\\\/profmat\\\/#organization\",\"name\":\"Cadernos de Matem\u00e1tica\",\"url\":\"https:\\\/\\\/cadernosdematematica.com.br\\\/profmat\\\/\",\"logo\":{\"@type\":\"ImageObject\",\"inLanguage\":\"pt-PT\",\"@id\":\"https:\\\/\\\/cadernosdematematica.com.br\\\/profmat\\\/#\\\/schema\\\/logo\\\/image\\\/\",\"url\":\"https:\\\/\\\/cadernosdematematica.com.br\\\/profmat\\\/wp-content\\\/uploads\\\/2020\\\/10\\\/cropped-logoasdf-1.png\",\"contentUrl\":\"https:\\\/\\\/cadernosdematematica.com.br\\\/profmat\\\/wp-content\\\/uploads\\\/2020\\\/10\\\/cropped-logoasdf-1.png\",\"width\":99,\"height\":99,\"caption\":\"Cadernos de Matem\u00e1tica\"},\"image\":{\"@id\":\"https:\\\/\\\/cadernosdematematica.com.br\\\/profmat\\\/#\\\/schema\\\/logo\\\/image\\\/\"},\"sameAs\":[\"https:\\\/\\\/www.facebook.com\\\/matematicacadernos\",\"https:\\\/\\\/www.youtube.com\\\/cadernosdematematica\"]}]}<\/script>\n<!-- \/ Yoast SEO plugin. -->","yoast_head_json":{"title":"Apostila ENA &#8211; Cadernos de Matem\u00e1tica - PROFMAT","robots":{"index":"index","follow":"follow","max-snippet":"max-snippet:-1","max-image-preview":"max-image-preview:large","max-video-preview":"max-video-preview:-1"},"canonical":"https:\/\/cadernosdematematica.com.br\/profmat\/apostila-ena\/","og_locale":"pt_PT","og_type":"article","og_title":"Apostila ENA &#8211; Cadernos de Matem\u00e1tica - PROFMAT","og_description":"A apostila impressa na vers\u00e3o 2026 tem 202 p\u00e1ginas. A impress\u00e3o colorida personalizada \u00e9 em tamanho A4 e em papel [&hellip;]","og_url":"https:\/\/cadernosdematematica.com.br\/profmat\/apostila-ena\/","og_site_name":"Cadernos de Matem\u00e1tica - PROFMAT","article_publisher":"https:\/\/www.facebook.com\/matematicacadernos","article_modified_time":"2025-11-08T20:46:20+00:00","twitter_card":"summary_large_image","twitter_misc":{"Tempo estimado de leitura":"1 minuto"},"schema":{"@context":"https:\/\/schema.org","@graph":[{"@type":"WebPage","@id":"https:\/\/cadernosdematematica.com.br\/profmat\/apostila-ena\/","url":"https:\/\/cadernosdematematica.com.br\/profmat\/apostila-ena\/","name":"Apostila ENA &#8211; Cadernos de Matem\u00e1tica - PROFMAT","isPartOf":{"@id":"https:\/\/cadernosdematematica.com.br\/profmat\/#website"},"datePublished":"2025-08-15T22:15:42+00:00","dateModified":"2025-11-08T20:46:20+00:00","breadcrumb":{"@id":"https:\/\/cadernosdematematica.com.br\/profmat\/apostila-ena\/#breadcrumb"},"inLanguage":"pt-PT","potentialAction":[{"@type":"ReadAction","target":["https:\/\/cadernosdematematica.com.br\/profmat\/apostila-ena\/"]}]},{"@type":"BreadcrumbList","@id":"https:\/\/cadernosdematematica.com.br\/profmat\/apostila-ena\/#breadcrumb","itemListElement":[{"@type":"ListItem","position":1,"name":"In\u00edcio","item":"https:\/\/cadernosdematematica.com.br\/profmat\/"},{"@type":"ListItem","position":2,"name":"Apostila ENA"}]},{"@type":"WebSite","@id":"https:\/\/cadernosdematematica.com.br\/profmat\/#website","url":"https:\/\/cadernosdematematica.com.br\/profmat\/","name":"Cadernos de Matem\u00e1tica - PROFMAT","description":"Matem\u00e1tica e LaTeX","publisher":{"@id":"https:\/\/cadernosdematematica.com.br\/profmat\/#organization"},"alternateName":"cadmat","potentialAction":[{"@type":"SearchAction","target":{"@type":"EntryPoint","urlTemplate":"https:\/\/cadernosdematematica.com.br\/profmat\/?s={search_term_string}"},"query-input":{"@type":"PropertyValueSpecification","valueRequired":true,"valueName":"search_term_string"}}],"inLanguage":"pt-PT"},{"@type":"Organization","@id":"https:\/\/cadernosdematematica.com.br\/profmat\/#organization","name":"Cadernos de Matem\u00e1tica","url":"https:\/\/cadernosdematematica.com.br\/profmat\/","logo":{"@type":"ImageObject","inLanguage":"pt-PT","@id":"https:\/\/cadernosdematematica.com.br\/profmat\/#\/schema\/logo\/image\/","url":"https:\/\/cadernosdematematica.com.br\/profmat\/wp-content\/uploads\/2020\/10\/cropped-logoasdf-1.png","contentUrl":"https:\/\/cadernosdematematica.com.br\/profmat\/wp-content\/uploads\/2020\/10\/cropped-logoasdf-1.png","width":99,"height":99,"caption":"Cadernos de Matem\u00e1tica"},"image":{"@id":"https:\/\/cadernosdematematica.com.br\/profmat\/#\/schema\/logo\/image\/"},"sameAs":["https:\/\/www.facebook.com\/matematicacadernos","https:\/\/www.youtube.com\/cadernosdematematica"]}]}},"jetpack_sharing_enabled":true,"_links":{"self":[{"href":"https:\/\/cadernosdematematica.com.br\/profmat\/wp-json\/wp\/v2\/pages\/2926","targetHints":{"allow":["GET"]}}],"collection":[{"href":"https:\/\/cadernosdematematica.com.br\/profmat\/wp-json\/wp\/v2\/pages"}],"about":[{"href":"https:\/\/cadernosdematematica.com.br\/profmat\/wp-json\/wp\/v2\/types\/page"}],"author":[{"embeddable":true,"href":"https:\/\/cadernosdematematica.com.br\/profmat\/wp-json\/wp\/v2\/users\/1"}],"replies":[{"embeddable":true,"href":"https:\/\/cadernosdematematica.com.br\/profmat\/wp-json\/wp\/v2\/comments?post=2926"}],"version-history":[{"count":4,"href":"https:\/\/cadernosdematematica.com.br\/profmat\/wp-json\/wp\/v2\/pages\/2926\/revisions"}],"predecessor-version":[{"id":3028,"href":"https:\/\/cadernosdematematica.com.br\/profmat\/wp-json\/wp\/v2\/pages\/2926\/revisions\/3028"}],"wp:attachment":[{"href":"https:\/\/cadernosdematematica.com.br\/profmat\/wp-json\/wp\/v2\/media?parent=2926"}],"curies":[{"name":"wp","href":"https:\/\/api.w.org\/{rel}","templated":true}]}}