{"id":304,"date":"2020-11-03T03:00:00","date_gmt":"2020-11-03T03:00:00","guid":{"rendered":"https:\/\/cadernosdematematica.com.br\/profmat\/?page_id=304"},"modified":"2021-09-11T16:49:47","modified_gmt":"2021-09-11T16:49:47","slug":"preparatorio-intensivo-profmat","status":"publish","type":"page","link":"https:\/\/cadernosdematematica.com.br\/profmat\/preparatorio-intensivo-profmat\/","title":{"rendered":"Preparat\u00f3rio Intensivo PROFMAT 2020"},"content":{"rendered":"\n<figure class=\"wp-block-embed is-type-video is-provider-youtube wp-block-embed-youtube wp-embed-aspect-16-9 wp-has-aspect-ratio\"><div class=\"wp-block-embed__wrapper\">\n<div class=\"ast-oembed-container \" style=\"height: 100%;\"><iframe loading=\"lazy\" title=\"finalmente Saiu o edital! Conhe\u00e7a a nosso proposta\" width=\"500\" height=\"281\" src=\"https:\/\/www.youtube.com\/embed\/ZuPLQItsDoY?feature=oembed\" frameborder=\"0\" allow=\"accelerometer; autoplay; clipboard-write; encrypted-media; gyroscope; picture-in-picture; web-share\" referrerpolicy=\"strict-origin-when-cross-origin\" allowfullscreen><\/iframe><\/div>\n<\/div><\/figure>\n\n\n\n<h2 class=\"wp-block-heading\">Qual o conte\u00fado do curso?<\/h2>\n\n\n\n<p><\/p>\n\n\n\n<ul class=\"wp-block-list\"><li>Este curso foi gravado ao vivo de Novembro de 2020 a Fevereiro de 20201<\/li><li>Tem 55 videoaulas com 2 horas\/aula cada (cada v\u00eddeo tem entre 80 e 100 minutos)<\/li><li>Cont\u00e9m todo o conte\u00fado do Exame Nacional de Admiss\u00e3o do PROFMAT<ol><li>Porcentagem<\/li><li>Propor\u00e7\u00e3o,<\/li><li>Equa\u00e7\u00e3o do 1o grau,<\/li><li>Equa\u00e7\u00e3o do 2o grau, <\/li><li>Congru\u00eancia e Semelhan\u00e7a, <\/li><li>Teorema de Pit\u00e1goras,<\/li><li>\u00c1reas,<\/li><li>M\u00e9todos de Contagem, <\/li><li>Probabilidade,<\/li><li>Estat\u00edstica, <\/li><li>L\u00f3gica<\/li><\/ol><\/li><li><span style=\"font-size: 1rem;\">Cont\u00e9m 12 simulados nos diversos formatos (cronometrado &#8211; 90 min, com dura\u00e7\u00e3o de 3h e dissertativo comm dura\u00e7\u00e3o de 90 minutos)<\/span><\/li><li>Aulas de coment\u00e1rio e corre\u00e7\u00e3o dos simulados objetivos<\/li><li>Aulas com problemas de racioc\u00ednio l\u00f3gico (novo conte\u00fado do ENA)<\/li><li>Participe do grupo exclusivo dos alunos e aprenda muito mais.<\/li><\/ul>\n\n\n\n<h2 class=\"wp-block-heading\">Assista quando quiser<\/h2>\n\n\n\n<p>Todas as aulas s\u00e3o gravadas e ficam dispon\u00edveis na <a href=\"http:\/\/www.cadernosdematematica.com.br\/cursos\/\">\u00e1rea  do aluno<\/a>.<\/p>\n\n\n\n<h2 class=\"wp-block-heading\">Veja um aula aberta<\/h2>\n\n\n\n<p>Em outubro o Prof. Paulo ofereceu um curso aberto no Youtube, com 4 aulas de prepara\u00e7\u00e3o para o PROFMAT. O v\u00eddeo abaixo \u00e9 de uma dessas aulas.<\/p>\n\n\n<p><iframe loading=\"lazy\" src=\"https:\/\/www.youtube.com\/embed\/xg4RSfhBA-M\" width=\"560\" height=\"315\" frameborder=\"0\" allowfullscreen=\"allowfullscreen\"><\/iframe><\/p>\n\n\n<div class=\"wp-block-buttons is-layout-flex wp-block-buttons-is-layout-flex\">\n<div class=\"wp-block-button\"><a class=\"wp-block-button__link has-background no-border-radius\" href=\"https:\/\/cadernosdematematica.com.br\/profmat\/\" style=\"background-color:#fb090d\">Veja informa\u00e7\u00f5es do curso atual<\/a><\/div>\n<\/div>\n\n\n\n<p><\/p>\n\n\n\n<h2 class=\"wp-block-heading\">D\u00favidas<\/h2>\n\n\n\n<p>Envie mensagem de whatsapp:<\/p>\n\n\n\n<div class=\"wp-block-buttons is-layout-flex wp-block-buttons-is-layout-flex\">\n<div class=\"wp-block-button\"><a class=\"wp-block-button__link has-background no-border-radius\" style=\"background-color:#25d366\">8599809-8161<\/a><\/div>\n<\/div>\n\n\n\n<p><\/p>\n","protected":false},"excerpt":{"rendered":"<p>Qual o conte\u00fado do curso? Este curso foi gravado ao vivo de Novembro de 2020 a Fevereiro de 20201 Tem [&hellip;]<\/p>\n","protected":false},"author":1,"featured_media":0,"parent":0,"menu_order":0,"comment_status":"closed","ping_status":"closed","template":"","meta":{"site-sidebar-layout":"default","site-content-layout":"","ast-site-content-layout":"default","site-content-style":"default","site-sidebar-style":"default","ast-global-header-display":"","ast-banner-title-visibility":"","ast-main-header-display":"","ast-hfb-above-header-display":"","ast-hfb-below-header-display":"","ast-hfb-mobile-header-display":"","site-post-title":"","ast-breadcrumbs-content":"","ast-featured-img":"","footer-sml-layout":"","theme-transparent-header-meta":"","adv-header-id-meta":"","stick-header-meta":"","header-above-stick-meta":"","header-main-stick-meta":"","header-below-stick-meta":"","astra-migrate-meta-layouts":"default","ast-page-background-enabled":"default","ast-page-background-meta":{"desktop":{"background-color":"var(--ast-global-color-4)","background-image":"","background-repeat":"repeat","background-position":"center center","background-size":"auto","background-attachment":"scroll","background-type":"","background-media":"","overlay-type":"","overlay-color":"","overlay-opacity":"","overlay-gradient":""},"tablet":{"background-color":"","background-image":"","background-repeat":"repeat","background-position":"center center","background-size":"auto","background-attachment":"scroll","background-type":"","background-media":"","overlay-type":"","overlay-color":"","overlay-opacity":"","overlay-gradient":""},"mobile":{"background-color":"","background-image":"","background-repeat":"repeat","background-position":"center center","background-size":"auto","background-attachment":"scroll","background-type":"","background-media":"","overlay-type":"","overlay-color":"","overlay-opacity":"","overlay-gradient":""}},"ast-content-background-meta":{"desktop":{"background-color":"var(--ast-global-color-5)","background-image":"","background-repeat":"repeat","background-position":"center center","background-size":"auto","background-attachment":"scroll","background-type":"","background-media":"","overlay-type":"","overlay-color":"","overlay-opacity":"","overlay-gradient":""},"tablet":{"background-color":"var(--ast-global-color-5)","background-image":"","background-repeat":"repeat","background-position":"center center","background-size":"auto","background-attachment":"scroll","background-type":"","background-media":"","overlay-type":"","overlay-color":"","overlay-opacity":"","overlay-gradient":""},"mobile":{"background-color":"var(--ast-global-color-5)","background-image":"","background-repeat":"repeat","background-position":"center center","background-size":"auto","background-attachment":"scroll","background-type":"","background-media":"","overlay-type":"","overlay-color":"","overlay-opacity":"","overlay-gradient":""}},"footnotes":""},"class_list":["post-304","page","type-page","status-publish","hentry"],"yoast_head":"<!-- This site is optimized with the Yoast SEO plugin v27.3 - https:\/\/yoast.com\/product\/yoast-seo-wordpress\/ -->\n<title>Preparat\u00f3rio Intensivo PROFMAT 2020 &#8211; Cadernos de Matem\u00e1tica - PROFMAT<\/title>\n<meta name=\"robots\" content=\"index, follow, max-snippet:-1, max-image-preview:large, max-video-preview:-1\" \/>\n<link rel=\"canonical\" href=\"https:\/\/cadernosdematematica.com.br\/profmat\/preparatorio-intensivo-profmat\/\" \/>\n<meta property=\"og:locale\" content=\"pt_PT\" \/>\n<meta property=\"og:type\" content=\"article\" \/>\n<meta property=\"og:title\" content=\"Preparat\u00f3rio Intensivo PROFMAT 2020 &#8211; Cadernos de Matem\u00e1tica - PROFMAT\" \/>\n<meta property=\"og:description\" content=\"Qual o conte\u00fado do curso? Este curso foi gravado ao vivo de Novembro de 2020 a Fevereiro de 20201 Tem [&hellip;]\" \/>\n<meta property=\"og:url\" content=\"https:\/\/cadernosdematematica.com.br\/profmat\/preparatorio-intensivo-profmat\/\" \/>\n<meta property=\"og:site_name\" content=\"Cadernos de Matem\u00e1tica - PROFMAT\" \/>\n<meta property=\"article:publisher\" content=\"https:\/\/www.facebook.com\/matematicacadernos\" \/>\n<meta property=\"article:modified_time\" content=\"2021-09-11T16:49:47+00:00\" \/>\n<meta name=\"twitter:card\" content=\"summary_large_image\" \/>\n<meta name=\"twitter:label1\" content=\"Tempo estimado de leitura\" \/>\n\t<meta name=\"twitter:data1\" content=\"1 minuto\" \/>\n<script type=\"application\/ld+json\" class=\"yoast-schema-graph\">{\"@context\":\"https:\\\/\\\/schema.org\",\"@graph\":[{\"@type\":\"WebPage\",\"@id\":\"https:\\\/\\\/cadernosdematematica.com.br\\\/profmat\\\/preparatorio-intensivo-profmat\\\/\",\"url\":\"https:\\\/\\\/cadernosdematematica.com.br\\\/profmat\\\/preparatorio-intensivo-profmat\\\/\",\"name\":\"Preparat\u00f3rio Intensivo PROFMAT 2020 &#8211; Cadernos de Matem\u00e1tica - PROFMAT\",\"isPartOf\":{\"@id\":\"https:\\\/\\\/cadernosdematematica.com.br\\\/profmat\\\/#website\"},\"datePublished\":\"2020-11-03T03:00:00+00:00\",\"dateModified\":\"2021-09-11T16:49:47+00:00\",\"breadcrumb\":{\"@id\":\"https:\\\/\\\/cadernosdematematica.com.br\\\/profmat\\\/preparatorio-intensivo-profmat\\\/#breadcrumb\"},\"inLanguage\":\"pt-PT\",\"potentialAction\":[{\"@type\":\"ReadAction\",\"target\":[\"https:\\\/\\\/cadernosdematematica.com.br\\\/profmat\\\/preparatorio-intensivo-profmat\\\/\"]}]},{\"@type\":\"BreadcrumbList\",\"@id\":\"https:\\\/\\\/cadernosdematematica.com.br\\\/profmat\\\/preparatorio-intensivo-profmat\\\/#breadcrumb\",\"itemListElement\":[{\"@type\":\"ListItem\",\"position\":1,\"name\":\"In\u00edcio\",\"item\":\"https:\\\/\\\/cadernosdematematica.com.br\\\/profmat\\\/\"},{\"@type\":\"ListItem\",\"position\":2,\"name\":\"Preparat\u00f3rio Intensivo PROFMAT 2020\"}]},{\"@type\":\"WebSite\",\"@id\":\"https:\\\/\\\/cadernosdematematica.com.br\\\/profmat\\\/#website\",\"url\":\"https:\\\/\\\/cadernosdematematica.com.br\\\/profmat\\\/\",\"name\":\"Cadernos de Matem\u00e1tica - PROFMAT\",\"description\":\"Matem\u00e1tica e LaTeX\",\"publisher\":{\"@id\":\"https:\\\/\\\/cadernosdematematica.com.br\\\/profmat\\\/#organization\"},\"alternateName\":\"cadmat\",\"potentialAction\":[{\"@type\":\"SearchAction\",\"target\":{\"@type\":\"EntryPoint\",\"urlTemplate\":\"https:\\\/\\\/cadernosdematematica.com.br\\\/profmat\\\/?s={search_term_string}\"},\"query-input\":{\"@type\":\"PropertyValueSpecification\",\"valueRequired\":true,\"valueName\":\"search_term_string\"}}],\"inLanguage\":\"pt-PT\"},{\"@type\":\"Organization\",\"@id\":\"https:\\\/\\\/cadernosdematematica.com.br\\\/profmat\\\/#organization\",\"name\":\"Cadernos de Matem\u00e1tica\",\"url\":\"https:\\\/\\\/cadernosdematematica.com.br\\\/profmat\\\/\",\"logo\":{\"@type\":\"ImageObject\",\"inLanguage\":\"pt-PT\",\"@id\":\"https:\\\/\\\/cadernosdematematica.com.br\\\/profmat\\\/#\\\/schema\\\/logo\\\/image\\\/\",\"url\":\"https:\\\/\\\/cadernosdematematica.com.br\\\/profmat\\\/wp-content\\\/uploads\\\/2020\\\/10\\\/cropped-logoasdf-1.png\",\"contentUrl\":\"https:\\\/\\\/cadernosdematematica.com.br\\\/profmat\\\/wp-content\\\/uploads\\\/2020\\\/10\\\/cropped-logoasdf-1.png\",\"width\":99,\"height\":99,\"caption\":\"Cadernos de Matem\u00e1tica\"},\"image\":{\"@id\":\"https:\\\/\\\/cadernosdematematica.com.br\\\/profmat\\\/#\\\/schema\\\/logo\\\/image\\\/\"},\"sameAs\":[\"https:\\\/\\\/www.facebook.com\\\/matematicacadernos\",\"https:\\\/\\\/www.youtube.com\\\/cadernosdematematica\"]}]}<\/script>\n<!-- \/ Yoast SEO plugin. -->","yoast_head_json":{"title":"Preparat\u00f3rio Intensivo PROFMAT 2020 &#8211; Cadernos de Matem\u00e1tica - PROFMAT","robots":{"index":"index","follow":"follow","max-snippet":"max-snippet:-1","max-image-preview":"max-image-preview:large","max-video-preview":"max-video-preview:-1"},"canonical":"https:\/\/cadernosdematematica.com.br\/profmat\/preparatorio-intensivo-profmat\/","og_locale":"pt_PT","og_type":"article","og_title":"Preparat\u00f3rio Intensivo PROFMAT 2020 &#8211; Cadernos de Matem\u00e1tica - PROFMAT","og_description":"Qual o conte\u00fado do curso? Este curso foi gravado ao vivo de Novembro de 2020 a Fevereiro de 20201 Tem [&hellip;]","og_url":"https:\/\/cadernosdematematica.com.br\/profmat\/preparatorio-intensivo-profmat\/","og_site_name":"Cadernos de Matem\u00e1tica - PROFMAT","article_publisher":"https:\/\/www.facebook.com\/matematicacadernos","article_modified_time":"2021-09-11T16:49:47+00:00","twitter_card":"summary_large_image","twitter_misc":{"Tempo estimado de leitura":"1 minuto"},"schema":{"@context":"https:\/\/schema.org","@graph":[{"@type":"WebPage","@id":"https:\/\/cadernosdematematica.com.br\/profmat\/preparatorio-intensivo-profmat\/","url":"https:\/\/cadernosdematematica.com.br\/profmat\/preparatorio-intensivo-profmat\/","name":"Preparat\u00f3rio Intensivo PROFMAT 2020 &#8211; Cadernos de Matem\u00e1tica - PROFMAT","isPartOf":{"@id":"https:\/\/cadernosdematematica.com.br\/profmat\/#website"},"datePublished":"2020-11-03T03:00:00+00:00","dateModified":"2021-09-11T16:49:47+00:00","breadcrumb":{"@id":"https:\/\/cadernosdematematica.com.br\/profmat\/preparatorio-intensivo-profmat\/#breadcrumb"},"inLanguage":"pt-PT","potentialAction":[{"@type":"ReadAction","target":["https:\/\/cadernosdematematica.com.br\/profmat\/preparatorio-intensivo-profmat\/"]}]},{"@type":"BreadcrumbList","@id":"https:\/\/cadernosdematematica.com.br\/profmat\/preparatorio-intensivo-profmat\/#breadcrumb","itemListElement":[{"@type":"ListItem","position":1,"name":"In\u00edcio","item":"https:\/\/cadernosdematematica.com.br\/profmat\/"},{"@type":"ListItem","position":2,"name":"Preparat\u00f3rio Intensivo PROFMAT 2020"}]},{"@type":"WebSite","@id":"https:\/\/cadernosdematematica.com.br\/profmat\/#website","url":"https:\/\/cadernosdematematica.com.br\/profmat\/","name":"Cadernos de Matem\u00e1tica - PROFMAT","description":"Matem\u00e1tica e LaTeX","publisher":{"@id":"https:\/\/cadernosdematematica.com.br\/profmat\/#organization"},"alternateName":"cadmat","potentialAction":[{"@type":"SearchAction","target":{"@type":"EntryPoint","urlTemplate":"https:\/\/cadernosdematematica.com.br\/profmat\/?s={search_term_string}"},"query-input":{"@type":"PropertyValueSpecification","valueRequired":true,"valueName":"search_term_string"}}],"inLanguage":"pt-PT"},{"@type":"Organization","@id":"https:\/\/cadernosdematematica.com.br\/profmat\/#organization","name":"Cadernos de Matem\u00e1tica","url":"https:\/\/cadernosdematematica.com.br\/profmat\/","logo":{"@type":"ImageObject","inLanguage":"pt-PT","@id":"https:\/\/cadernosdematematica.com.br\/profmat\/#\/schema\/logo\/image\/","url":"https:\/\/cadernosdematematica.com.br\/profmat\/wp-content\/uploads\/2020\/10\/cropped-logoasdf-1.png","contentUrl":"https:\/\/cadernosdematematica.com.br\/profmat\/wp-content\/uploads\/2020\/10\/cropped-logoasdf-1.png","width":99,"height":99,"caption":"Cadernos de Matem\u00e1tica"},"image":{"@id":"https:\/\/cadernosdematematica.com.br\/profmat\/#\/schema\/logo\/image\/"},"sameAs":["https:\/\/www.facebook.com\/matematicacadernos","https:\/\/www.youtube.com\/cadernosdematematica"]}]}},"jetpack_sharing_enabled":true,"_links":{"self":[{"href":"https:\/\/cadernosdematematica.com.br\/profmat\/wp-json\/wp\/v2\/pages\/304","targetHints":{"allow":["GET"]}}],"collection":[{"href":"https:\/\/cadernosdematematica.com.br\/profmat\/wp-json\/wp\/v2\/pages"}],"about":[{"href":"https:\/\/cadernosdematematica.com.br\/profmat\/wp-json\/wp\/v2\/types\/page"}],"author":[{"embeddable":true,"href":"https:\/\/cadernosdematematica.com.br\/profmat\/wp-json\/wp\/v2\/users\/1"}],"replies":[{"embeddable":true,"href":"https:\/\/cadernosdematematica.com.br\/profmat\/wp-json\/wp\/v2\/comments?post=304"}],"version-history":[{"count":24,"href":"https:\/\/cadernosdematematica.com.br\/profmat\/wp-json\/wp\/v2\/pages\/304\/revisions"}],"predecessor-version":[{"id":784,"href":"https:\/\/cadernosdematematica.com.br\/profmat\/wp-json\/wp\/v2\/pages\/304\/revisions\/784"}],"wp:attachment":[{"href":"https:\/\/cadernosdematematica.com.br\/profmat\/wp-json\/wp\/v2\/media?parent=304"}],"curies":[{"name":"wp","href":"https:\/\/api.w.org\/{rel}","templated":true}]}}