{"id":43,"date":"2020-10-04T14:40:10","date_gmt":"2020-10-04T14:40:10","guid":{"rendered":"https:\/\/cadernosdematematica.com.br\/profmat\/?page_id=43"},"modified":"2026-03-27T17:54:03","modified_gmt":"2026-03-27T20:54:03","slug":"cadernos-de-matematica","status":"publish","type":"page","link":"https:\/\/cadernosdematematica.com.br\/profmat\/cadernos-de-matematica\/","title":{"rendered":"Cadernos de Matem\u00e1tica"},"content":{"rendered":"<p>Cadernos de Matem\u00e1tica \u00e9 um curso online criado em 2020 pelo professor <strong>Paulo Rodrigues<\/strong>, com o objetivo de oferecer materiais e prepara\u00e7\u00e3o de alto n\u00edvel em diversas \u00e1reas da Matem\u00e1tica. Atualmente, s\u00e3o oferecidos cursos de <strong>LaTeX<\/strong> e de prepara\u00e7\u00e3o para o <strong>PROFMAT<\/strong>.<\/p>\n<p>Paulo Rodrigues possui 32 anos de experi\u00eancia como professor de Matem\u00e1tica, com \u00eanfase no ensino b\u00e1sico e na prepara\u00e7\u00e3o para Olimp\u00edadas. Foi premiado em diversas competi\u00e7\u00f5es nacionais e internacionais, sendo <strong>tricampe\u00e3o medalhista da Olimp\u00edada Brasileira de Matem\u00e1tica (OBM)<\/strong>. Conquistou <strong>men\u00e7\u00e3o honrosa na IMO 1993<\/strong>, realizada na Turquia, e na <strong>IMO 1994<\/strong>, realizada em Hong Kong. Al\u00e9m disso, foi medalha de prata na Olimp\u00edada Iberoamericana de Matem\u00e1tica, medalha de bronze na Olimp\u00edada de Matem\u00e1tica do Cone Sul e conquistou o <strong>1\u00ba lugar na Olimp\u00edada Cearense de Matem\u00e1tica<\/strong> em 1991 e 1992, dentre outros pr\u00eamios.<\/p>\n<p>Atuou como colaborador da <strong>OBMEP<\/strong> desde sua cria\u00e7\u00e3o e, por mais de uma d\u00e9cada, exerceu fun\u00e7\u00f5es como membro do Comit\u00ea de Provas e coordenador do <strong>PECI \u2013 Programa de Prepara\u00e7\u00e3o Especial para Competi\u00e7\u00f5es Internacionais<\/strong>.<\/p>\n<p>Al\u00e9m disso, foi membro da Comiss\u00e3o de Olimp\u00edadas da <strong>Sociedade Brasileira de Matem\u00e1tica (SBM)<\/strong> e integrou o j\u00fari de diversas competi\u00e7\u00f5es internacionais, como a Olimp\u00edada Ibero-Americana de Matem\u00e1tica, a Olimp\u00edada de Matem\u00e1tica do Cone Sul e a Olimp\u00edada Matem\u00e1tica Rioplatense. Tamb\u00e9m atuou como professor ol\u00edmpico em diversas escolas de Fortaleza e como palestrante em eventos nacionais e internacionais.<\/p>\n<p>\u00c9 autor do livro <a href=\"https:\/\/scrivi.xyz\/\"><em>144 Problemas de Matem\u00e1tica<\/em> (SCRIVI)<\/a>, coautor dos livros <em>Olimp\u00edadas de Matem\u00e1tica do Cone Sul \u2013 V a XII<\/em> e <em>Olimp\u00edadas Brasileiras de Matem\u00e1tica \u2013 Volumes 9 a 16<\/em> (SBM), al\u00e9m de <strong>coautor do Banco de Quest\u00f5es da OBMEP 2011<\/strong>.<\/p>\n<p>Atualmente, \u00e9 professor efetivo do <strong>Col\u00e9gio Militar do Corpo de Bombeiros<\/strong>, em Fortaleza\u2013CE, onde se dedica \u00e0s turmas <strong>Prepara ITA<\/strong> e \u00e0s aulas ol\u00edmpicas. \u00c9 graduado em Matem\u00e1tica pela <strong>Universidade Federal do Cear\u00e1 (UFC)<\/strong> e mestre pela <strong>Universidade Federal Rural do Semi-\u00c1rido (UFERSA)<\/strong>.<\/p>\n<p>Movido por sua paix\u00e3o pela Matem\u00e1tica, acredita que qualquer pessoa pode aprend\u00ea-la, desde que conte com a orienta\u00e7\u00e3o correta e materiais de qualidade.<\/p>\n\n\n<figure class=\"wp-block-image alignright size-full\"><img loading=\"lazy\" decoding=\"async\" width=\"256\" height=\"256\" src=\"https:\/\/cadernosdematematica.com.br\/profmat\/wp-content\/uploads\/2023\/08\/LOGOCANTO.png\" alt=\"\" class=\"wp-image-1837\" srcset=\"https:\/\/cadernosdematematica.com.br\/profmat\/wp-content\/uploads\/2023\/08\/LOGOCANTO.png 256w, https:\/\/cadernosdematematica.com.br\/profmat\/wp-content\/uploads\/2023\/08\/LOGOCANTO-150x150.png 150w, https:\/\/cadernosdematematica.com.br\/profmat\/wp-content\/uploads\/2023\/08\/LOGOCANTO-90x90.png 90w, https:\/\/cadernosdematematica.com.br\/profmat\/wp-content\/uploads\/2023\/08\/LOGOCANTO-75x75.png 75w\" sizes=\"auto, (max-width: 256px) 100vw, 256px\" \/><\/figure>\n","protected":false},"excerpt":{"rendered":"<p>Cadernos de Matem\u00e1tica \u00e9 um curso online criado em 2020 pelo professor Paulo Rodrigues, com o objetivo de oferecer materiais [&hellip;]<\/p>\n","protected":false},"author":1,"featured_media":0,"parent":0,"menu_order":0,"comment_status":"closed","ping_status":"closed","template":"","meta":{"site-sidebar-layout":"default","site-content-layout":"","ast-site-content-layout":"default","site-content-style":"default","site-sidebar-style":"default","ast-global-header-display":"","ast-banner-title-visibility":"","ast-main-header-display":"","ast-hfb-above-header-display":"","ast-hfb-below-header-display":"","ast-hfb-mobile-header-display":"","site-post-title":"","ast-breadcrumbs-content":"","ast-featured-img":"","footer-sml-layout":"","theme-transparent-header-meta":"","adv-header-id-meta":"","stick-header-meta":"","header-above-stick-meta":"","header-main-stick-meta":"","header-below-stick-meta":"","astra-migrate-meta-layouts":"default","ast-page-background-enabled":"default","ast-page-background-meta":{"desktop":{"background-color":"var(--ast-global-color-4)","background-image":"","background-repeat":"repeat","background-position":"center center","background-size":"auto","background-attachment":"scroll","background-type":"","background-media":"","overlay-type":"","overlay-color":"","overlay-opacity":"","overlay-gradient":""},"tablet":{"background-color":"","background-image":"","background-repeat":"repeat","background-position":"center center","background-size":"auto","background-attachment":"scroll","background-type":"","background-media":"","overlay-type":"","overlay-color":"","overlay-opacity":"","overlay-gradient":""},"mobile":{"background-color":"","background-image":"","background-repeat":"repeat","background-position":"center center","background-size":"auto","background-attachment":"scroll","background-type":"","background-media":"","overlay-type":"","overlay-color":"","overlay-opacity":"","overlay-gradient":""}},"ast-content-background-meta":{"desktop":{"background-color":"var(--ast-global-color-5)","background-image":"","background-repeat":"repeat","background-position":"center center","background-size":"auto","background-attachment":"scroll","background-type":"","background-media":"","overlay-type":"","overlay-color":"","overlay-opacity":"","overlay-gradient":""},"tablet":{"background-color":"var(--ast-global-color-5)","background-image":"","background-repeat":"repeat","background-position":"center center","background-size":"auto","background-attachment":"scroll","background-type":"","background-media":"","overlay-type":"","overlay-color":"","overlay-opacity":"","overlay-gradient":""},"mobile":{"background-color":"var(--ast-global-color-5)","background-image":"","background-repeat":"repeat","background-position":"center center","background-size":"auto","background-attachment":"scroll","background-type":"","background-media":"","overlay-type":"","overlay-color":"","overlay-opacity":"","overlay-gradient":""}},"footnotes":""},"class_list":["post-43","page","type-page","status-publish","hentry"],"yoast_head":"<!-- This site is optimized with the Yoast SEO plugin v27.3 - https:\/\/yoast.com\/product\/yoast-seo-wordpress\/ -->\n<title>Cadernos de Matem\u00e1tica &#8211; Cadernos de Matem\u00e1tica - PROFMAT<\/title>\n<meta name=\"robots\" content=\"index, follow, max-snippet:-1, max-image-preview:large, max-video-preview:-1\" \/>\n<link rel=\"canonical\" href=\"https:\/\/cadernosdematematica.com.br\/profmat\/cadernos-de-matematica\/\" \/>\n<meta property=\"og:locale\" content=\"pt_PT\" \/>\n<meta property=\"og:type\" content=\"article\" \/>\n<meta property=\"og:title\" content=\"Cadernos de Matem\u00e1tica &#8211; Cadernos de Matem\u00e1tica - PROFMAT\" \/>\n<meta property=\"og:description\" content=\"Cadernos de Matem\u00e1tica \u00e9 um curso online criado em 2020 pelo professor Paulo Rodrigues, com o objetivo de oferecer materiais [&hellip;]\" \/>\n<meta property=\"og:url\" content=\"https:\/\/cadernosdematematica.com.br\/profmat\/cadernos-de-matematica\/\" \/>\n<meta property=\"og:site_name\" content=\"Cadernos de Matem\u00e1tica - PROFMAT\" \/>\n<meta property=\"article:publisher\" content=\"https:\/\/www.facebook.com\/matematicacadernos\" \/>\n<meta property=\"article:modified_time\" content=\"2026-03-27T20:54:03+00:00\" \/>\n<meta property=\"og:image\" content=\"https:\/\/cadernosdematematica.com.br\/profmat\/wp-content\/uploads\/2023\/08\/LOGOCANTO.png\" \/>\n\t<meta property=\"og:image:width\" content=\"256\" \/>\n\t<meta property=\"og:image:height\" content=\"256\" \/>\n\t<meta property=\"og:image:type\" content=\"image\/png\" \/>\n<meta name=\"twitter:card\" content=\"summary_large_image\" \/>\n<meta name=\"twitter:label1\" content=\"Tempo estimado de leitura\" \/>\n\t<meta name=\"twitter:data1\" content=\"3 minutos\" \/>\n<script type=\"application\/ld+json\" class=\"yoast-schema-graph\">{\"@context\":\"https:\\\/\\\/schema.org\",\"@graph\":[{\"@type\":\"WebPage\",\"@id\":\"https:\\\/\\\/cadernosdematematica.com.br\\\/profmat\\\/cadernos-de-matematica\\\/\",\"url\":\"https:\\\/\\\/cadernosdematematica.com.br\\\/profmat\\\/cadernos-de-matematica\\\/\",\"name\":\"Cadernos de Matem\u00e1tica &#8211; Cadernos de Matem\u00e1tica - PROFMAT\",\"isPartOf\":{\"@id\":\"https:\\\/\\\/cadernosdematematica.com.br\\\/profmat\\\/#website\"},\"primaryImageOfPage\":{\"@id\":\"https:\\\/\\\/cadernosdematematica.com.br\\\/profmat\\\/cadernos-de-matematica\\\/#primaryimage\"},\"image\":{\"@id\":\"https:\\\/\\\/cadernosdematematica.com.br\\\/profmat\\\/cadernos-de-matematica\\\/#primaryimage\"},\"thumbnailUrl\":\"https:\\\/\\\/cadernosdematematica.com.br\\\/profmat\\\/wp-content\\\/uploads\\\/2023\\\/08\\\/LOGOCANTO.png\",\"datePublished\":\"2020-10-04T14:40:10+00:00\",\"dateModified\":\"2026-03-27T20:54:03+00:00\",\"breadcrumb\":{\"@id\":\"https:\\\/\\\/cadernosdematematica.com.br\\\/profmat\\\/cadernos-de-matematica\\\/#breadcrumb\"},\"inLanguage\":\"pt-PT\",\"potentialAction\":[{\"@type\":\"ReadAction\",\"target\":[\"https:\\\/\\\/cadernosdematematica.com.br\\\/profmat\\\/cadernos-de-matematica\\\/\"]}]},{\"@type\":\"ImageObject\",\"inLanguage\":\"pt-PT\",\"@id\":\"https:\\\/\\\/cadernosdematematica.com.br\\\/profmat\\\/cadernos-de-matematica\\\/#primaryimage\",\"url\":\"https:\\\/\\\/cadernosdematematica.com.br\\\/profmat\\\/wp-content\\\/uploads\\\/2023\\\/08\\\/LOGOCANTO.png\",\"contentUrl\":\"https:\\\/\\\/cadernosdematematica.com.br\\\/profmat\\\/wp-content\\\/uploads\\\/2023\\\/08\\\/LOGOCANTO.png\",\"width\":256,\"height\":256},{\"@type\":\"BreadcrumbList\",\"@id\":\"https:\\\/\\\/cadernosdematematica.com.br\\\/profmat\\\/cadernos-de-matematica\\\/#breadcrumb\",\"itemListElement\":[{\"@type\":\"ListItem\",\"position\":1,\"name\":\"In\u00edcio\",\"item\":\"https:\\\/\\\/cadernosdematematica.com.br\\\/profmat\\\/\"},{\"@type\":\"ListItem\",\"position\":2,\"name\":\"Cadernos de Matem\u00e1tica\"}]},{\"@type\":\"WebSite\",\"@id\":\"https:\\\/\\\/cadernosdematematica.com.br\\\/profmat\\\/#website\",\"url\":\"https:\\\/\\\/cadernosdematematica.com.br\\\/profmat\\\/\",\"name\":\"Cadernos de Matem\u00e1tica - PROFMAT\",\"description\":\"Matem\u00e1tica e LaTeX\",\"publisher\":{\"@id\":\"https:\\\/\\\/cadernosdematematica.com.br\\\/profmat\\\/#organization\"},\"alternateName\":\"cadmat\",\"potentialAction\":[{\"@type\":\"SearchAction\",\"target\":{\"@type\":\"EntryPoint\",\"urlTemplate\":\"https:\\\/\\\/cadernosdematematica.com.br\\\/profmat\\\/?s={search_term_string}\"},\"query-input\":{\"@type\":\"PropertyValueSpecification\",\"valueRequired\":true,\"valueName\":\"search_term_string\"}}],\"inLanguage\":\"pt-PT\"},{\"@type\":\"Organization\",\"@id\":\"https:\\\/\\\/cadernosdematematica.com.br\\\/profmat\\\/#organization\",\"name\":\"Cadernos de Matem\u00e1tica\",\"url\":\"https:\\\/\\\/cadernosdematematica.com.br\\\/profmat\\\/\",\"logo\":{\"@type\":\"ImageObject\",\"inLanguage\":\"pt-PT\",\"@id\":\"https:\\\/\\\/cadernosdematematica.com.br\\\/profmat\\\/#\\\/schema\\\/logo\\\/image\\\/\",\"url\":\"https:\\\/\\\/cadernosdematematica.com.br\\\/profmat\\\/wp-content\\\/uploads\\\/2020\\\/10\\\/cropped-logoasdf-1.png\",\"contentUrl\":\"https:\\\/\\\/cadernosdematematica.com.br\\\/profmat\\\/wp-content\\\/uploads\\\/2020\\\/10\\\/cropped-logoasdf-1.png\",\"width\":99,\"height\":99,\"caption\":\"Cadernos de Matem\u00e1tica\"},\"image\":{\"@id\":\"https:\\\/\\\/cadernosdematematica.com.br\\\/profmat\\\/#\\\/schema\\\/logo\\\/image\\\/\"},\"sameAs\":[\"https:\\\/\\\/www.facebook.com\\\/matematicacadernos\",\"https:\\\/\\\/www.youtube.com\\\/cadernosdematematica\"]}]}<\/script>\n<!-- \/ Yoast SEO plugin. -->","yoast_head_json":{"title":"Cadernos de Matem\u00e1tica &#8211; Cadernos de Matem\u00e1tica - PROFMAT","robots":{"index":"index","follow":"follow","max-snippet":"max-snippet:-1","max-image-preview":"max-image-preview:large","max-video-preview":"max-video-preview:-1"},"canonical":"https:\/\/cadernosdematematica.com.br\/profmat\/cadernos-de-matematica\/","og_locale":"pt_PT","og_type":"article","og_title":"Cadernos de Matem\u00e1tica &#8211; Cadernos de Matem\u00e1tica - PROFMAT","og_description":"Cadernos de Matem\u00e1tica \u00e9 um curso online criado em 2020 pelo professor Paulo Rodrigues, com o objetivo de oferecer materiais [&hellip;]","og_url":"https:\/\/cadernosdematematica.com.br\/profmat\/cadernos-de-matematica\/","og_site_name":"Cadernos de Matem\u00e1tica - PROFMAT","article_publisher":"https:\/\/www.facebook.com\/matematicacadernos","article_modified_time":"2026-03-27T20:54:03+00:00","og_image":[{"width":256,"height":256,"url":"https:\/\/cadernosdematematica.com.br\/profmat\/wp-content\/uploads\/2023\/08\/LOGOCANTO.png","type":"image\/png"}],"twitter_card":"summary_large_image","twitter_misc":{"Tempo estimado de leitura":"3 minutos"},"schema":{"@context":"https:\/\/schema.org","@graph":[{"@type":"WebPage","@id":"https:\/\/cadernosdematematica.com.br\/profmat\/cadernos-de-matematica\/","url":"https:\/\/cadernosdematematica.com.br\/profmat\/cadernos-de-matematica\/","name":"Cadernos de Matem\u00e1tica &#8211; Cadernos de Matem\u00e1tica - PROFMAT","isPartOf":{"@id":"https:\/\/cadernosdematematica.com.br\/profmat\/#website"},"primaryImageOfPage":{"@id":"https:\/\/cadernosdematematica.com.br\/profmat\/cadernos-de-matematica\/#primaryimage"},"image":{"@id":"https:\/\/cadernosdematematica.com.br\/profmat\/cadernos-de-matematica\/#primaryimage"},"thumbnailUrl":"https:\/\/cadernosdematematica.com.br\/profmat\/wp-content\/uploads\/2023\/08\/LOGOCANTO.png","datePublished":"2020-10-04T14:40:10+00:00","dateModified":"2026-03-27T20:54:03+00:00","breadcrumb":{"@id":"https:\/\/cadernosdematematica.com.br\/profmat\/cadernos-de-matematica\/#breadcrumb"},"inLanguage":"pt-PT","potentialAction":[{"@type":"ReadAction","target":["https:\/\/cadernosdematematica.com.br\/profmat\/cadernos-de-matematica\/"]}]},{"@type":"ImageObject","inLanguage":"pt-PT","@id":"https:\/\/cadernosdematematica.com.br\/profmat\/cadernos-de-matematica\/#primaryimage","url":"https:\/\/cadernosdematematica.com.br\/profmat\/wp-content\/uploads\/2023\/08\/LOGOCANTO.png","contentUrl":"https:\/\/cadernosdematematica.com.br\/profmat\/wp-content\/uploads\/2023\/08\/LOGOCANTO.png","width":256,"height":256},{"@type":"BreadcrumbList","@id":"https:\/\/cadernosdematematica.com.br\/profmat\/cadernos-de-matematica\/#breadcrumb","itemListElement":[{"@type":"ListItem","position":1,"name":"In\u00edcio","item":"https:\/\/cadernosdematematica.com.br\/profmat\/"},{"@type":"ListItem","position":2,"name":"Cadernos de Matem\u00e1tica"}]},{"@type":"WebSite","@id":"https:\/\/cadernosdematematica.com.br\/profmat\/#website","url":"https:\/\/cadernosdematematica.com.br\/profmat\/","name":"Cadernos de Matem\u00e1tica - PROFMAT","description":"Matem\u00e1tica e LaTeX","publisher":{"@id":"https:\/\/cadernosdematematica.com.br\/profmat\/#organization"},"alternateName":"cadmat","potentialAction":[{"@type":"SearchAction","target":{"@type":"EntryPoint","urlTemplate":"https:\/\/cadernosdematematica.com.br\/profmat\/?s={search_term_string}"},"query-input":{"@type":"PropertyValueSpecification","valueRequired":true,"valueName":"search_term_string"}}],"inLanguage":"pt-PT"},{"@type":"Organization","@id":"https:\/\/cadernosdematematica.com.br\/profmat\/#organization","name":"Cadernos de Matem\u00e1tica","url":"https:\/\/cadernosdematematica.com.br\/profmat\/","logo":{"@type":"ImageObject","inLanguage":"pt-PT","@id":"https:\/\/cadernosdematematica.com.br\/profmat\/#\/schema\/logo\/image\/","url":"https:\/\/cadernosdematematica.com.br\/profmat\/wp-content\/uploads\/2020\/10\/cropped-logoasdf-1.png","contentUrl":"https:\/\/cadernosdematematica.com.br\/profmat\/wp-content\/uploads\/2020\/10\/cropped-logoasdf-1.png","width":99,"height":99,"caption":"Cadernos de Matem\u00e1tica"},"image":{"@id":"https:\/\/cadernosdematematica.com.br\/profmat\/#\/schema\/logo\/image\/"},"sameAs":["https:\/\/www.facebook.com\/matematicacadernos","https:\/\/www.youtube.com\/cadernosdematematica"]}]}},"jetpack_sharing_enabled":true,"_links":{"self":[{"href":"https:\/\/cadernosdematematica.com.br\/profmat\/wp-json\/wp\/v2\/pages\/43","targetHints":{"allow":["GET"]}}],"collection":[{"href":"https:\/\/cadernosdematematica.com.br\/profmat\/wp-json\/wp\/v2\/pages"}],"about":[{"href":"https:\/\/cadernosdematematica.com.br\/profmat\/wp-json\/wp\/v2\/types\/page"}],"author":[{"embeddable":true,"href":"https:\/\/cadernosdematematica.com.br\/profmat\/wp-json\/wp\/v2\/users\/1"}],"replies":[{"embeddable":true,"href":"https:\/\/cadernosdematematica.com.br\/profmat\/wp-json\/wp\/v2\/comments?post=43"}],"version-history":[{"count":24,"href":"https:\/\/cadernosdematematica.com.br\/profmat\/wp-json\/wp\/v2\/pages\/43\/revisions"}],"predecessor-version":[{"id":3141,"href":"https:\/\/cadernosdematematica.com.br\/profmat\/wp-json\/wp\/v2\/pages\/43\/revisions\/3141"}],"wp:attachment":[{"href":"https:\/\/cadernosdematematica.com.br\/profmat\/wp-json\/wp\/v2\/media?parent=43"}],"curies":[{"name":"wp","href":"https:\/\/api.w.org\/{rel}","templated":true}]}}