{"id":591,"date":"2021-05-16T15:37:00","date_gmt":"2021-05-16T15:37:00","guid":{"rendered":"https:\/\/cadernosdematematica.com.br\/profmat\/?page_id=591"},"modified":"2021-07-02T10:16:23","modified_gmt":"2021-07-02T10:16:23","slug":"curso-aberto-ena-2022","status":"publish","type":"page","link":"https:\/\/cadernosdematematica.com.br\/profmat\/curso-aberto-ena-2022\/","title":{"rendered":"Curso Aberto ENA 2022 &#8211; Material"},"content":{"rendered":"\n<figure class=\"wp-block-table is-style-stripes\"><table class=\"has-subtle-pale-pink-background-color has-background\"><thead><tr><th>Enunciados<\/th><th>Sugest\u00f5es<\/th><th>Respostas<\/th><th>Solu\u00e7\u00f5es<\/th><\/tr><\/thead><tbody><tr><td><a href=\"https:\/\/cadernosdematematica.com.br\/profmat\/wp-content\/uploads\/2021\/05\/NovoENA-8.pdf\">Lista 1<\/a><\/td><td><a href=\"https:\/\/cadernosdematematica.com.br\/profmat\/wp-content\/uploads\/2021\/05\/Lista1FQA.pdf\">Sugest\u00f5es L1<\/a><\/td><td><a href=\"https:\/\/cadernosdematematica.com.br\/profmat\/wp-content\/uploads\/2021\/05\/NovoENA-4.pdf\">Verifique as respostas<\/a><\/td><td><a href=\"https:\/\/cadernosdematematica.com.br\/profmat\/wp-content\/uploads\/2021\/05\/SolucoesLista1.pdf\">Solu\u00e7\u00f5es da Lista 1<\/a><\/td><\/tr><tr><td><a href=\"https:\/\/cadernosdematematica.com.br\/profmat\/wp-content\/uploads\/2021\/05\/Lista2.pdf\">Lista 2<\/a><\/td><td><a href=\"https:\/\/cadernosdematematica.com.br\/profmat\/wp-content\/uploads\/2021\/05\/Lista2Sugestoes.pdf\">Sugest\u00f5es L2<\/a><\/td><td><a href=\"https:\/\/cadernosdematematica.com.br\/profmat\/wp-content\/uploads\/2021\/05\/Lista2Respostas.pdf\">Verifique as respostas<\/a><\/td><td><a href=\"https:\/\/cadernosdematematica.com.br\/profmat\/wp-content\/uploads\/2021\/05\/Lista2Solucoes.pdf\">Solu\u00e7\u00f5es da Lista 2<\/a><\/td><\/tr><tr><td><a href=\"https:\/\/cadernosdematematica.com.br\/profmat\/wp-content\/uploads\/2021\/05\/Lista3.pdf\">Lista 3<\/a><\/td><td><a href=\"https:\/\/cadernosdematematica.com.br\/profmat\/wp-content\/uploads\/2021\/05\/L3Sugestoes.pdf\">Sugest\u00f5es L3<\/a><\/td><td><a href=\"https:\/\/cadernosdematematica.com.br\/profmat\/wp-content\/uploads\/2021\/05\/Lista3Respostas.pdf\">Verifique as respostas<\/a><\/td><td><a href=\"https:\/\/cadernosdematematica.com.br\/profmat\/wp-content\/uploads\/2021\/05\/Lista3Sol.pdf\">Solu\u00e7\u00f5es da Lista 3<\/a><\/td><\/tr><tr><td><a href=\"https:\/\/cadernosdematematica.com.br\/profmat\/wp-content\/uploads\/2021\/05\/Lista4.pdf\">Lista 4<\/a><\/td><td><a href=\"https:\/\/cadernosdematematica.com.br\/profmat\/wp-content\/uploads\/2021\/06\/Lista4FQA.pdf\">Sugest\u00f5es L4<\/a><\/td><td><a href=\"https:\/\/cadernosdematematica.com.br\/profmat\/wp-content\/uploads\/2021\/06\/Lista4Respostas.pdf\">Verifique as respostas<\/a><\/td><td><a href=\"https:\/\/cadernosdematematica.com.br\/profmat\/wp-content\/uploads\/2021\/06\/Lista4Sol.pdf\">Solu\u00e7\u00f5es da Lista 4<\/a><\/td><\/tr><\/tbody><\/table><\/figure>\n\n\n\n<ul class=\"wp-block-list\"><li><a href=\"https:\/\/cadernosdematematica.com.br\/profmat\/wp-content\/uploads\/2021\/06\/SimuladoAbertoMaioJunho.pdf\">Simulado Aberto<\/a><\/li><li><a href=\"https:\/\/cadernosdematematica.com.br\/profmat\/wp-content\/uploads\/2021\/06\/SimuladocomRespostaseEstatisticas.pdf\">Simulado com respostas e estat\u00edsticas de acerto<\/a><\/li><\/ul>\n\n\n\n<figure class=\"wp-block-embed is-type-video is-provider-youtube wp-block-embed-youtube wp-embed-aspect-16-9 wp-has-aspect-ratio\"><div class=\"wp-block-embed__wrapper\">\n<div class=\"ast-oembed-container \" style=\"height: 100%;\"><iframe loading=\"lazy\" title=\"Prepara\u00e7\u00e3o Aberta ENA PROFMAT - Aula 1\" width=\"500\" height=\"281\" src=\"https:\/\/www.youtube.com\/embed\/bkaIpQKCggI?feature=oembed\" frameborder=\"0\" allow=\"accelerometer; autoplay; clipboard-write; encrypted-media; gyroscope; picture-in-picture; web-share\" referrerpolicy=\"strict-origin-when-cross-origin\" allowfullscreen><\/iframe><\/div>\n<\/div><\/figure>\n\n\n\n<figure class=\"wp-block-embed is-type-video is-provider-youtube wp-block-embed-youtube wp-embed-aspect-16-9 wp-has-aspect-ratio\"><div class=\"wp-block-embed__wrapper\">\n<div class=\"ast-oembed-container \" style=\"height: 100%;\"><iframe loading=\"lazy\" title=\"Prepara\u00e7\u00e3o Aberta ENA PROFMAT - Aula 2\" width=\"500\" height=\"281\" src=\"https:\/\/www.youtube.com\/embed\/mVNHn8cCy2I?feature=oembed\" frameborder=\"0\" allow=\"accelerometer; autoplay; clipboard-write; encrypted-media; gyroscope; picture-in-picture; web-share\" referrerpolicy=\"strict-origin-when-cross-origin\" allowfullscreen><\/iframe><\/div>\n<\/div><\/figure>\n\n\n\n<figure class=\"wp-block-embed is-type-video is-provider-youtube wp-block-embed-youtube wp-embed-aspect-16-9 wp-has-aspect-ratio\"><div class=\"wp-block-embed__wrapper\">\n<div class=\"ast-oembed-container \" style=\"height: 100%;\"><iframe loading=\"lazy\" title=\"Prepara\u00e7\u00e3o Aberta ENA PROFMAT - Aula 3\" width=\"500\" height=\"281\" src=\"https:\/\/www.youtube.com\/embed\/TSx_2eLMQi0?feature=oembed\" frameborder=\"0\" allow=\"accelerometer; autoplay; clipboard-write; encrypted-media; gyroscope; picture-in-picture; web-share\" referrerpolicy=\"strict-origin-when-cross-origin\" allowfullscreen><\/iframe><\/div>\n<\/div><\/figure>\n\n\n\n<figure class=\"wp-block-embed is-type-video is-provider-youtube wp-block-embed-youtube wp-embed-aspect-16-9 wp-has-aspect-ratio\"><div class=\"wp-block-embed__wrapper\">\n<div class=\"ast-oembed-container \" style=\"height: 100%;\"><iframe loading=\"lazy\" title=\"Prepara\u00e7\u00e3o Aberta ENA PROFMAT - Coment\u00e1rios do Simulado e lan\u00e7amento do curso preparat\u00f3rio\" width=\"500\" height=\"281\" src=\"https:\/\/www.youtube.com\/embed\/u2VDa94tYDo?feature=oembed\" frameborder=\"0\" allow=\"accelerometer; autoplay; clipboard-write; encrypted-media; gyroscope; picture-in-picture; web-share\" referrerpolicy=\"strict-origin-when-cross-origin\" allowfullscreen><\/iframe><\/div>\n<\/div><\/figure>\n\n\n\n<figure class=\"wp-block-embed is-type-video is-provider-youtube wp-block-embed-youtube wp-embed-aspect-16-9 wp-has-aspect-ratio\"><div class=\"wp-block-embed__wrapper\">\n<div class=\"ast-oembed-container \" style=\"height: 100%;\"><iframe loading=\"lazy\" title=\"Prepara\u00e7\u00e3o Aberta ENA PROFMAT - Coment\u00e1rios do Simulado e lan\u00e7amento do curso preparat\u00f3rio\" width=\"500\" height=\"281\" src=\"https:\/\/www.youtube.com\/embed\/JLylxTdElaw?feature=oembed\" frameborder=\"0\" allow=\"accelerometer; autoplay; clipboard-write; encrypted-media; gyroscope; picture-in-picture; web-share\" referrerpolicy=\"strict-origin-when-cross-origin\" allowfullscreen><\/iframe><\/div>\n<\/div><\/figure>\n","protected":false},"excerpt":{"rendered":"<p>Enunciados Sugest\u00f5es Respostas Solu\u00e7\u00f5es Lista 1 Sugest\u00f5es L1 Verifique as respostas Solu\u00e7\u00f5es da Lista 1 Lista 2 Sugest\u00f5es L2 Verifique [&hellip;]<\/p>\n","protected":false},"author":1,"featured_media":590,"parent":0,"menu_order":0,"comment_status":"closed","ping_status":"closed","template":"","meta":{"site-sidebar-layout":"default","site-content-layout":"","ast-site-content-layout":"default","site-content-style":"default","site-sidebar-style":"default","ast-global-header-display":"","ast-banner-title-visibility":"","ast-main-header-display":"","ast-hfb-above-header-display":"","ast-hfb-below-header-display":"","ast-hfb-mobile-header-display":"","site-post-title":"","ast-breadcrumbs-content":"","ast-featured-img":"","footer-sml-layout":"","theme-transparent-header-meta":"","adv-header-id-meta":"","stick-header-meta":"","header-above-stick-meta":"","header-main-stick-meta":"","header-below-stick-meta":"","astra-migrate-meta-layouts":"default","ast-page-background-enabled":"default","ast-page-background-meta":{"desktop":{"background-color":"var(--ast-global-color-4)","background-image":"","background-repeat":"repeat","background-position":"center center","background-size":"auto","background-attachment":"scroll","background-type":"","background-media":"","overlay-type":"","overlay-color":"","overlay-opacity":"","overlay-gradient":""},"tablet":{"background-color":"","background-image":"","background-repeat":"repeat","background-position":"center center","background-size":"auto","background-attachment":"scroll","background-type":"","background-media":"","overlay-type":"","overlay-color":"","overlay-opacity":"","overlay-gradient":""},"mobile":{"background-color":"","background-image":"","background-repeat":"repeat","background-position":"center center","background-size":"auto","background-attachment":"scroll","background-type":"","background-media":"","overlay-type":"","overlay-color":"","overlay-opacity":"","overlay-gradient":""}},"ast-content-background-meta":{"desktop":{"background-color":"var(--ast-global-color-5)","background-image":"","background-repeat":"repeat","background-position":"center center","background-size":"auto","background-attachment":"scroll","background-type":"","background-media":"","overlay-type":"","overlay-color":"","overlay-opacity":"","overlay-gradient":""},"tablet":{"background-color":"var(--ast-global-color-5)","background-image":"","background-repeat":"repeat","background-position":"center center","background-size":"auto","background-attachment":"scroll","background-type":"","background-media":"","overlay-type":"","overlay-color":"","overlay-opacity":"","overlay-gradient":""},"mobile":{"background-color":"var(--ast-global-color-5)","background-image":"","background-repeat":"repeat","background-position":"center center","background-size":"auto","background-attachment":"scroll","background-type":"","background-media":"","overlay-type":"","overlay-color":"","overlay-opacity":"","overlay-gradient":""}},"footnotes":""},"class_list":["post-591","page","type-page","status-publish","has-post-thumbnail","hentry"],"yoast_head":"<!-- This site is optimized with the Yoast SEO plugin v27.3 - https:\/\/yoast.com\/product\/yoast-seo-wordpress\/ -->\n<title>Curso Aberto ENA 2022 - Material &#8211; Cadernos de Matem\u00e1tica - PROFMAT<\/title>\n<meta name=\"robots\" content=\"index, follow, max-snippet:-1, max-image-preview:large, max-video-preview:-1\" \/>\n<link rel=\"canonical\" href=\"https:\/\/cadernosdematematica.com.br\/profmat\/curso-aberto-ena-2022\/\" \/>\n<meta property=\"og:locale\" content=\"pt_PT\" \/>\n<meta property=\"og:type\" content=\"article\" \/>\n<meta property=\"og:title\" content=\"Curso Aberto ENA 2022 - Material &#8211; Cadernos de Matem\u00e1tica - PROFMAT\" \/>\n<meta property=\"og:description\" content=\"Enunciados Sugest\u00f5es Respostas Solu\u00e7\u00f5es Lista 1 Sugest\u00f5es L1 Verifique as respostas Solu\u00e7\u00f5es da Lista 1 Lista 2 Sugest\u00f5es L2 Verifique [&hellip;]\" \/>\n<meta property=\"og:url\" content=\"https:\/\/cadernosdematematica.com.br\/profmat\/curso-aberto-ena-2022\/\" \/>\n<meta property=\"og:site_name\" content=\"Cadernos de Matem\u00e1tica - PROFMAT\" \/>\n<meta property=\"article:publisher\" content=\"https:\/\/www.facebook.com\/matematicacadernos\" \/>\n<meta property=\"article:modified_time\" content=\"2021-07-02T10:16:23+00:00\" \/>\n<meta property=\"og:image\" content=\"https:\/\/cadernosdematematica.com.br\/profmat\/wp-content\/uploads\/2021\/05\/winding-road-1556177_1280.jpg\" \/>\n\t<meta property=\"og:image:width\" content=\"1280\" \/>\n\t<meta property=\"og:image:height\" content=\"855\" \/>\n\t<meta property=\"og:image:type\" content=\"image\/jpeg\" \/>\n<meta name=\"twitter:card\" content=\"summary_large_image\" \/>\n<script type=\"application\/ld+json\" class=\"yoast-schema-graph\">{\"@context\":\"https:\\\/\\\/schema.org\",\"@graph\":[{\"@type\":\"WebPage\",\"@id\":\"https:\\\/\\\/cadernosdematematica.com.br\\\/profmat\\\/curso-aberto-ena-2022\\\/\",\"url\":\"https:\\\/\\\/cadernosdematematica.com.br\\\/profmat\\\/curso-aberto-ena-2022\\\/\",\"name\":\"Curso Aberto ENA 2022 - Material &#8211; Cadernos de Matem\u00e1tica - PROFMAT\",\"isPartOf\":{\"@id\":\"https:\\\/\\\/cadernosdematematica.com.br\\\/profmat\\\/#website\"},\"primaryImageOfPage\":{\"@id\":\"https:\\\/\\\/cadernosdematematica.com.br\\\/profmat\\\/curso-aberto-ena-2022\\\/#primaryimage\"},\"image\":{\"@id\":\"https:\\\/\\\/cadernosdematematica.com.br\\\/profmat\\\/curso-aberto-ena-2022\\\/#primaryimage\"},\"thumbnailUrl\":\"https:\\\/\\\/cadernosdematematica.com.br\\\/profmat\\\/wp-content\\\/uploads\\\/2021\\\/05\\\/winding-road-1556177_1280.jpg\",\"datePublished\":\"2021-05-16T15:37:00+00:00\",\"dateModified\":\"2021-07-02T10:16:23+00:00\",\"breadcrumb\":{\"@id\":\"https:\\\/\\\/cadernosdematematica.com.br\\\/profmat\\\/curso-aberto-ena-2022\\\/#breadcrumb\"},\"inLanguage\":\"pt-PT\",\"potentialAction\":[{\"@type\":\"ReadAction\",\"target\":[\"https:\\\/\\\/cadernosdematematica.com.br\\\/profmat\\\/curso-aberto-ena-2022\\\/\"]}]},{\"@type\":\"ImageObject\",\"inLanguage\":\"pt-PT\",\"@id\":\"https:\\\/\\\/cadernosdematematica.com.br\\\/profmat\\\/curso-aberto-ena-2022\\\/#primaryimage\",\"url\":\"https:\\\/\\\/cadernosdematematica.com.br\\\/profmat\\\/wp-content\\\/uploads\\\/2021\\\/05\\\/winding-road-1556177_1280.jpg\",\"contentUrl\":\"https:\\\/\\\/cadernosdematematica.com.br\\\/profmat\\\/wp-content\\\/uploads\\\/2021\\\/05\\\/winding-road-1556177_1280.jpg\",\"width\":1280,\"height\":855},{\"@type\":\"BreadcrumbList\",\"@id\":\"https:\\\/\\\/cadernosdematematica.com.br\\\/profmat\\\/curso-aberto-ena-2022\\\/#breadcrumb\",\"itemListElement\":[{\"@type\":\"ListItem\",\"position\":1,\"name\":\"In\u00edcio\",\"item\":\"https:\\\/\\\/cadernosdematematica.com.br\\\/profmat\\\/\"},{\"@type\":\"ListItem\",\"position\":2,\"name\":\"Curso Aberto ENA 2022 &#8211; Material\"}]},{\"@type\":\"WebSite\",\"@id\":\"https:\\\/\\\/cadernosdematematica.com.br\\\/profmat\\\/#website\",\"url\":\"https:\\\/\\\/cadernosdematematica.com.br\\\/profmat\\\/\",\"name\":\"Cadernos de Matem\u00e1tica - PROFMAT\",\"description\":\"Matem\u00e1tica e LaTeX\",\"publisher\":{\"@id\":\"https:\\\/\\\/cadernosdematematica.com.br\\\/profmat\\\/#organization\"},\"alternateName\":\"cadmat\",\"potentialAction\":[{\"@type\":\"SearchAction\",\"target\":{\"@type\":\"EntryPoint\",\"urlTemplate\":\"https:\\\/\\\/cadernosdematematica.com.br\\\/profmat\\\/?s={search_term_string}\"},\"query-input\":{\"@type\":\"PropertyValueSpecification\",\"valueRequired\":true,\"valueName\":\"search_term_string\"}}],\"inLanguage\":\"pt-PT\"},{\"@type\":\"Organization\",\"@id\":\"https:\\\/\\\/cadernosdematematica.com.br\\\/profmat\\\/#organization\",\"name\":\"Cadernos de Matem\u00e1tica\",\"url\":\"https:\\\/\\\/cadernosdematematica.com.br\\\/profmat\\\/\",\"logo\":{\"@type\":\"ImageObject\",\"inLanguage\":\"pt-PT\",\"@id\":\"https:\\\/\\\/cadernosdematematica.com.br\\\/profmat\\\/#\\\/schema\\\/logo\\\/image\\\/\",\"url\":\"https:\\\/\\\/cadernosdematematica.com.br\\\/profmat\\\/wp-content\\\/uploads\\\/2020\\\/10\\\/cropped-logoasdf-1.png\",\"contentUrl\":\"https:\\\/\\\/cadernosdematematica.com.br\\\/profmat\\\/wp-content\\\/uploads\\\/2020\\\/10\\\/cropped-logoasdf-1.png\",\"width\":99,\"height\":99,\"caption\":\"Cadernos de Matem\u00e1tica\"},\"image\":{\"@id\":\"https:\\\/\\\/cadernosdematematica.com.br\\\/profmat\\\/#\\\/schema\\\/logo\\\/image\\\/\"},\"sameAs\":[\"https:\\\/\\\/www.facebook.com\\\/matematicacadernos\",\"https:\\\/\\\/www.youtube.com\\\/cadernosdematematica\"]}]}<\/script>\n<!-- \/ Yoast SEO plugin. -->","yoast_head_json":{"title":"Curso Aberto ENA 2022 - Material &#8211; Cadernos de Matem\u00e1tica - PROFMAT","robots":{"index":"index","follow":"follow","max-snippet":"max-snippet:-1","max-image-preview":"max-image-preview:large","max-video-preview":"max-video-preview:-1"},"canonical":"https:\/\/cadernosdematematica.com.br\/profmat\/curso-aberto-ena-2022\/","og_locale":"pt_PT","og_type":"article","og_title":"Curso Aberto ENA 2022 - Material &#8211; Cadernos de Matem\u00e1tica - PROFMAT","og_description":"Enunciados Sugest\u00f5es Respostas Solu\u00e7\u00f5es Lista 1 Sugest\u00f5es L1 Verifique as respostas Solu\u00e7\u00f5es da Lista 1 Lista 2 Sugest\u00f5es L2 Verifique [&hellip;]","og_url":"https:\/\/cadernosdematematica.com.br\/profmat\/curso-aberto-ena-2022\/","og_site_name":"Cadernos de Matem\u00e1tica - PROFMAT","article_publisher":"https:\/\/www.facebook.com\/matematicacadernos","article_modified_time":"2021-07-02T10:16:23+00:00","og_image":[{"width":1280,"height":855,"url":"https:\/\/cadernosdematematica.com.br\/profmat\/wp-content\/uploads\/2021\/05\/winding-road-1556177_1280.jpg","type":"image\/jpeg"}],"twitter_card":"summary_large_image","schema":{"@context":"https:\/\/schema.org","@graph":[{"@type":"WebPage","@id":"https:\/\/cadernosdematematica.com.br\/profmat\/curso-aberto-ena-2022\/","url":"https:\/\/cadernosdematematica.com.br\/profmat\/curso-aberto-ena-2022\/","name":"Curso Aberto ENA 2022 - Material &#8211; Cadernos de Matem\u00e1tica - PROFMAT","isPartOf":{"@id":"https:\/\/cadernosdematematica.com.br\/profmat\/#website"},"primaryImageOfPage":{"@id":"https:\/\/cadernosdematematica.com.br\/profmat\/curso-aberto-ena-2022\/#primaryimage"},"image":{"@id":"https:\/\/cadernosdematematica.com.br\/profmat\/curso-aberto-ena-2022\/#primaryimage"},"thumbnailUrl":"https:\/\/cadernosdematematica.com.br\/profmat\/wp-content\/uploads\/2021\/05\/winding-road-1556177_1280.jpg","datePublished":"2021-05-16T15:37:00+00:00","dateModified":"2021-07-02T10:16:23+00:00","breadcrumb":{"@id":"https:\/\/cadernosdematematica.com.br\/profmat\/curso-aberto-ena-2022\/#breadcrumb"},"inLanguage":"pt-PT","potentialAction":[{"@type":"ReadAction","target":["https:\/\/cadernosdematematica.com.br\/profmat\/curso-aberto-ena-2022\/"]}]},{"@type":"ImageObject","inLanguage":"pt-PT","@id":"https:\/\/cadernosdematematica.com.br\/profmat\/curso-aberto-ena-2022\/#primaryimage","url":"https:\/\/cadernosdematematica.com.br\/profmat\/wp-content\/uploads\/2021\/05\/winding-road-1556177_1280.jpg","contentUrl":"https:\/\/cadernosdematematica.com.br\/profmat\/wp-content\/uploads\/2021\/05\/winding-road-1556177_1280.jpg","width":1280,"height":855},{"@type":"BreadcrumbList","@id":"https:\/\/cadernosdematematica.com.br\/profmat\/curso-aberto-ena-2022\/#breadcrumb","itemListElement":[{"@type":"ListItem","position":1,"name":"In\u00edcio","item":"https:\/\/cadernosdematematica.com.br\/profmat\/"},{"@type":"ListItem","position":2,"name":"Curso Aberto ENA 2022 &#8211; Material"}]},{"@type":"WebSite","@id":"https:\/\/cadernosdematematica.com.br\/profmat\/#website","url":"https:\/\/cadernosdematematica.com.br\/profmat\/","name":"Cadernos de Matem\u00e1tica - PROFMAT","description":"Matem\u00e1tica e LaTeX","publisher":{"@id":"https:\/\/cadernosdematematica.com.br\/profmat\/#organization"},"alternateName":"cadmat","potentialAction":[{"@type":"SearchAction","target":{"@type":"EntryPoint","urlTemplate":"https:\/\/cadernosdematematica.com.br\/profmat\/?s={search_term_string}"},"query-input":{"@type":"PropertyValueSpecification","valueRequired":true,"valueName":"search_term_string"}}],"inLanguage":"pt-PT"},{"@type":"Organization","@id":"https:\/\/cadernosdematematica.com.br\/profmat\/#organization","name":"Cadernos de Matem\u00e1tica","url":"https:\/\/cadernosdematematica.com.br\/profmat\/","logo":{"@type":"ImageObject","inLanguage":"pt-PT","@id":"https:\/\/cadernosdematematica.com.br\/profmat\/#\/schema\/logo\/image\/","url":"https:\/\/cadernosdematematica.com.br\/profmat\/wp-content\/uploads\/2020\/10\/cropped-logoasdf-1.png","contentUrl":"https:\/\/cadernosdematematica.com.br\/profmat\/wp-content\/uploads\/2020\/10\/cropped-logoasdf-1.png","width":99,"height":99,"caption":"Cadernos de Matem\u00e1tica"},"image":{"@id":"https:\/\/cadernosdematematica.com.br\/profmat\/#\/schema\/logo\/image\/"},"sameAs":["https:\/\/www.facebook.com\/matematicacadernos","https:\/\/www.youtube.com\/cadernosdematematica"]}]}},"jetpack_sharing_enabled":true,"_links":{"self":[{"href":"https:\/\/cadernosdematematica.com.br\/profmat\/wp-json\/wp\/v2\/pages\/591","targetHints":{"allow":["GET"]}}],"collection":[{"href":"https:\/\/cadernosdematematica.com.br\/profmat\/wp-json\/wp\/v2\/pages"}],"about":[{"href":"https:\/\/cadernosdematematica.com.br\/profmat\/wp-json\/wp\/v2\/types\/page"}],"author":[{"embeddable":true,"href":"https:\/\/cadernosdematematica.com.br\/profmat\/wp-json\/wp\/v2\/users\/1"}],"replies":[{"embeddable":true,"href":"https:\/\/cadernosdematematica.com.br\/profmat\/wp-json\/wp\/v2\/comments?post=591"}],"version-history":[{"count":29,"href":"https:\/\/cadernosdematematica.com.br\/profmat\/wp-json\/wp\/v2\/pages\/591\/revisions"}],"predecessor-version":[{"id":729,"href":"https:\/\/cadernosdematematica.com.br\/profmat\/wp-json\/wp\/v2\/pages\/591\/revisions\/729"}],"wp:featuredmedia":[{"embeddable":true,"href":"https:\/\/cadernosdematematica.com.br\/profmat\/wp-json\/wp\/v2\/media\/590"}],"wp:attachment":[{"href":"https:\/\/cadernosdematematica.com.br\/profmat\/wp-json\/wp\/v2\/media?parent=591"}],"curies":[{"name":"wp","href":"https:\/\/api.w.org\/{rel}","templated":true}]}}