{"id":658,"date":"2021-06-15T00:18:17","date_gmt":"2021-06-15T00:18:17","guid":{"rendered":"https:\/\/cadernosdematematica.com.br\/profmat\/?page_id=658"},"modified":"2023-08-22T20:47:39","modified_gmt":"2023-08-22T23:47:39","slug":"preparatorio-exame-de-acesso-profmat","status":"publish","type":"page","link":"https:\/\/cadernosdematematica.com.br\/profmat\/preparatorio-exame-de-acesso-profmat\/","title":{"rendered":"Integral &#8211; Preparat\u00f3rio Exame de Acesso PROFMAT 2023\/2024"},"content":{"rendered":"<div id=\"metaslider-id-1655\" style=\"width: 100%;\" class=\"ml-slider-3-107-0 ml-slider-pro-2-48-0 metaslider metaslider-flex metaslider-1655 ml-slider has-dots-nav ms-theme-architekt\" role=\"region\" aria-label=\"New Slideshow\" data-height=\"250\" data-width=\"1340\">\n    <div id=\"metaslider_container_1655\">\n        <div id=\"metaslider_1655\" class=\"flexslider\">\n            <ul class='slides'>\n                <li style=\"display: block; width: 100%;\" class=\"slide-2167 ms-image \" aria-roledescription=\"slide\" data-date=\"2023-12-01 16:21:05\" data-filename=\"2000.png\" data-slide-type=\"image\"><img loading=\"lazy\" decoding=\"async\" src=\"https:\/\/cadernosdematematica.com.br\/profmat\/wp-content\/uploads\/2023\/12\/2000.png\" height=\"250\" width=\"1340\" alt=\"\" class=\"slider-1655 slide-2167 msDefaultImage\" title=\"+2000\" \/><\/li>\n                <li style=\"display: none; width: 100%;\" class=\"slide-2071 ms-image \" aria-roledescription=\"slide\" data-date=\"2023-11-04 13:50:34\" data-filename=\"cabGA.png\" data-slide-type=\"image\"><a href=\"https:\/\/cadernosdematematica.com.br\/profmat\/profmat-geometria-analitica\/\" target=\"_blank\" aria-label=\"View Slide Details\" class=\"metaslider_image_link\"><img loading=\"lazy\" decoding=\"async\" src=\"https:\/\/cadernosdematematica.com.br\/profmat\/wp-content\/uploads\/2023\/11\/cabGA.png\" height=\"250\" width=\"1340\" alt=\"\" class=\"slider-1655 slide-2071 msDefaultImage\" title=\"cabGA\" \/><\/a><\/li>\n                <li style=\"display: none; width: 100%;\" class=\"slide-2807 ms-image \" aria-roledescription=\"slide\" data-date=\"2025-07-09 19:05:37\" data-filename=\"144CabSite.png\" data-slide-type=\"image\"><a href=\"http:\/\/www.scrivi.xyz\" target=\"_blank\" aria-label=\"View Slide Details\" class=\"metaslider_image_link\"><img loading=\"lazy\" decoding=\"async\" src=\"https:\/\/cadernosdematematica.com.br\/profmat\/wp-content\/uploads\/2023\/10\/144CabSite.png\" height=\"250\" width=\"1340\" alt=\"\" class=\"slider-1655 slide-2807 msDefaultImage\" title=\"144CabSite\" \/><\/a><div class=\"caption-wrap\"><div class=\"caption\"><div>Livro<\/div><\/div><\/div><\/li>\n                <li style=\"display: none; width: 100%;\" class=\"slide-1656 ms-image \" aria-roledescription=\"slide\" data-date=\"2023-01-12 18:54:20\" data-filename=\"144CabSite.png\" data-slide-type=\"image\"><a href=\"http:\/\/www.scrivi.xyz\" target=\"_blank\" aria-label=\"View Slide Details\" class=\"metaslider_image_link\"><img loading=\"lazy\" decoding=\"async\" src=\"https:\/\/cadernosdematematica.com.br\/profmat\/wp-content\/uploads\/2023\/10\/144CabSite.png\" height=\"250\" width=\"1340\" alt=\"\" class=\"slider-1655 slide-1656 msDefaultImage\" title=\"144CabSite\" \/><\/a><div class=\"caption-wrap\"><div class=\"caption\"><div>Livro<\/div><\/div><\/div><\/li>\n                <li style=\"display: none; width: 100%;\" class=\"slide-1659 ms-image \" aria-roledescription=\"slide\" data-date=\"2023-01-12 18:54:44\" data-filename=\"Calculo.png\" data-slide-type=\"image\"><a href=\"https:\/\/cadernosdematematica.com.br\/profmat\/fundamentos-de-calculo\/\" target=\"_self\" aria-label=\"View Slide Details\" class=\"metaslider_image_link\"><img loading=\"lazy\" decoding=\"async\" src=\"https:\/\/cadernosdematematica.com.br\/profmat\/wp-content\/uploads\/2023\/11\/Calculo.png\" height=\"250\" width=\"1340\" alt=\"\" class=\"slider-1655 slide-1659 msDefaultImage\" title=\"Calculo\" \/><\/a><\/li>\n                <li style=\"display: none; width: 100%;\" class=\"slide-1909 ms-image \" aria-roledescription=\"slide\" data-date=\"2023-10-25 07:44:24\" data-filename=\"PROFDISC.png\" data-slide-type=\"image\"><a href=\"https:\/\/cadernosdematematica.com.br\/profmat\/matematica-para-o-profmat-2022\/\" target=\"_self\" aria-label=\"View Slide Details\" class=\"metaslider_image_link\"><img loading=\"lazy\" decoding=\"async\" src=\"https:\/\/cadernosdematematica.com.br\/profmat\/wp-content\/uploads\/2023\/10\/PROFDISC.png\" height=\"250\" width=\"1340\" alt=\"\" class=\"slider-1655 slide-1909 msDefaultImage\" title=\"PROFDISC\" \/><\/a><\/li>\n                <li style=\"display: none; width: 100%;\" class=\"slide-1898 ms-image \" aria-roledescription=\"slide\" data-date=\"2023-10-23 08:59:34\" data-filename=\"cabecaSiteENA27.png\" data-slide-type=\"image\"><a href=\"https:\/\/cadernosdematematica.com.br\/profmat\/curso-integral-ena-profmat-2025\/\" target=\"_blank\" aria-label=\"View Slide Details\" class=\"metaslider_image_link\"><img loading=\"lazy\" decoding=\"async\" src=\"https:\/\/cadernosdematematica.com.br\/profmat\/wp-content\/uploads\/2025\/11\/cabecaSiteENA27.png\" height=\"250\" width=\"1340\" alt=\"\" class=\"slider-1655 slide-1898 msDefaultImage\" title=\"cabecaSiteENA27\" \/><\/a><\/li>\n                <li style=\"display: none; width: 100%;\" class=\"slide-2984 ms-image \" aria-roledescription=\"slide\" data-date=\"2025-11-06 03:58:12\" data-filename=\"Prancheta-1.png\" data-slide-type=\"image\"><a href=\"https:\/\/cadernosdematematica.com.br\/curoslatex\/latex-e-inteligencia-artificial\/\" target=\"_self\" aria-label=\"View Slide Details\" class=\"metaslider_image_link\"><img loading=\"lazy\" decoding=\"async\" src=\"https:\/\/cadernosdematematica.com.br\/profmat\/wp-content\/uploads\/2025\/11\/Prancheta-1.png\" height=\"250\" width=\"1340\" alt=\"\" class=\"slider-1655 slide-2984 msDefaultImage\" title=\"Prancheta 1\" \/><\/a><\/li>\n            <\/ul>\n        <\/div>\n        \n    <\/div>\n<\/div>\n\n\n<figure class=\"wp-block-embed is-type-video is-provider-youtube wp-block-embed-youtube wp-embed-aspect-16-9 wp-has-aspect-ratio\"><div class=\"wp-block-embed__wrapper\">\n<div class=\"ast-oembed-container \" style=\"height: 100%;\"><iframe loading=\"lazy\" title=\"Lan\u00e7amento dos Cursos Cadernos de Matem\u00e1tica\" width=\"500\" height=\"281\" src=\"https:\/\/www.youtube.com\/embed\/IT7pcz1IBXw?start=1621&#038;feature=oembed\" frameborder=\"0\" allow=\"accelerometer; autoplay; clipboard-write; encrypted-media; gyroscope; picture-in-picture; web-share\" referrerpolicy=\"strict-origin-when-cross-origin\" allowfullscreen><\/iframe><\/div>\n<\/div><\/figure>\n\n\n\n<h2 class=\"wp-block-heading\">Qual o p\u00fablico-alvo do Curso?<\/h2>\n\n\n\n<p>O Integral ENA PROFMAT \u00e9 o curso completo para voc\u00ea obter a aprova\u00e7\u00e3o no mestrado PROFMAT. Nos \u00faltimos anos centenas de alunos conseguiram entrar no PROFMAT assistindo as aulas do curso e obtendo a orienta\u00e7\u00e3o correta para desenvolver substancialmente o n\u00edvel em Matem\u00e1tica.<\/p>\n\n\n\n<h2 class=\"wp-block-heading\" id=\"qual-o-conteudo-do-curso\">Qual o conte\u00fado do curso?<span style=\"font-size: 1rem;\">.<\/span><\/h2>\n\n\n\n<ul class=\"wp-block-list\">\n<li>Neste curso vamos estudar todo o conte\u00fado do Exame Nacional de Acesso do PROFMAT<\/li>\n\n\n\n<li><strong>Aulas gravadas<\/strong> com todos os conte\u00fados do programa do Exame de Acesso do PROFMAT (ENA) <strong>disponibilizadas progressivamente<\/strong> ao longo do curso (conte\u00fados publicados semanalmente a partir de fevereiro). Esta parte cont\u00e9m mais de 100h com parte te\u00f3rica e resolu\u00e7\u00e3o de problemas, gravadas ao vivo no curso campe\u00e3o de aprova\u00e7\u00e3o dos \u00faltimos anos.<\/li>\n\n\n\n<li><strong>Simulados<\/strong> Mensais cronometrados em plataforma pr\u00f3pria.<\/li>\n\n\n\n<li><strong>Aulas ao vivo<\/strong> &#8211; Quinzenalmente, \u00e0s segundas-feiras de 20h \u00e0s 21h 30min.<\/li>\n\n\n\n<li><strong>Na reta final :<\/strong> Incluso todo o conte\u00fado do curso Intensivo.<\/li>\n\n\n\n<li>Acesso at\u00e9 31\/12\/2023<\/li>\n<\/ul>\n\n\n\n<p><strong>Conte\u00fado Program\u00e1tico<\/strong><\/p>\n\n\n\n<ol class=\"wp-block-list\">\n<li>Porcentagem e Propor\u00e7\u00e3o<\/li>\n\n\n\n<li>Equa\u00e7\u00e3o do 1o grau e fun\u00e7\u00e3o afim<\/li>\n\n\n\n<li>Equa\u00e7\u00e3o e inequa\u00e7\u00e3o do 2o grau, fun\u00e7\u00e3o quadr\u00e1tica<\/li>\n\n\n\n<li>Congru\u00eancia e Semelhan\u00e7a<\/li>\n\n\n\n<li>Teorema de Pit\u00e1goras<\/li>\n\n\n\n<li>\u00c1reas e Volumes<\/li>\n\n\n\n<li>Trigonometria<\/li>\n\n\n\n<li>M\u00e9todos de Contagem<\/li>\n\n\n\n<li>Probabilidade<\/li>\n\n\n\n<li>Estat\u00edstica.<\/li>\n\n\n\n<li>Progress\u00f5es<\/li>\n<\/ol>\n\n\n\n<p><\/p>\n\n\n\n<ul class=\"wp-block-list\">\n<li>Simulados Mensais. Coment\u00e1rios do simulado nas aulas ao vivo.<\/li>\n\n\n\n<li>Plataforma exclusiva com todas as aulas<\/li>\n\n\n\n<li>Grupo exclusivo no Telegram <\/li>\n<\/ul>\n\n\n\n<h2 class=\"wp-block-heading\" id=\"assista-quando-quiser\">Assista quando quiser<\/h2>\n\n\n\n<p>Todas as aulas s\u00e3o gravadas e ficam dispon\u00edveis na \u00e1rea do aluno. Acesso liberado por 1 ano.<\/p>\n\n\n\n<p>Nas tr\u00eas primeiras edi\u00e7\u00f5es deste curso,  centenas de alunos de todas as regi\u00f5es do Brasil foram aprovados, incluindo os abaixo relacionados.<\/p>\n\n\n\n<h2 class=\"wp-block-heading\" id=\"alguns-alunos-aprovados-no-ena-profmat-2020-2021\">Alguns alunos aprovados no ENA\/PROFMAT 2020\/2021<\/h2>\n\n\n\n<ul class=\"wp-block-list\">\n<li>Ana Cl\u00e1udia (UFSJ)<\/li>\n\n\n\n<li>Ant\u00f4nio Robson Barros (UFERSA)<\/li>\n\n\n\n<li>Benildo Souza (UFCG)<\/li>\n\n\n\n<li>Carlos Henrique(UNIRIO)<\/li>\n\n\n\n<li>Claudiane Pereira Carvalho (UFVMJ<\/li>\n\n\n\n<li>Daniela Wanderley Pereira (UFBA)<\/li>\n\n\n\n<li>Elaine Jorge (UERJ)<\/li>\n\n\n\n<li>Erisvaldo Pereira Silva (UNIR)<\/li>\n\n\n\n<li>Evanildo Borges (IFPI)<\/li>\n\n\n\n<li>Fernando Luiz Ara\u00fajo (UFRB)<\/li>\n\n\n\n<li>Francisco Edinaldo Martins (UFPI)<\/li>\n\n\n\n<li>F\u00e1bio Ferreira da Silva (UFRPE)<\/li>\n\n\n\n<li>Gilderlan Tavares (UFRN)<\/li>\n\n\n\n<li>Irene Maciel Cardoso (UFSCAR)<\/li>\n\n\n\n<li>Isabella (UFU)<\/li>\n\n\n\n<li>Isa\u00edas da Silva Sousa (UFMA)<\/li>\n\n\n\n<li>Izis Mara Silva Esser (UEL)<\/li>\n\n\n\n<li>Izzabella (CEFET-MG)<\/li>\n\n\n\n<li>Jamille Alves (UFAL)<\/li>\n\n\n\n<li>Joice Lima (UFERSA)<\/li>\n\n\n\n<li>Jose Edvan Ferreira (Unilab)<\/li>\n\n\n\n<li>Josilaine Melo (UFR)<\/li>\n\n\n\n<li>Jos\u00e9 C\u00edcero Farias (UFAL)<\/li>\n\n\n\n<li>Jo\u00e3o Paulo Lima (UFRPE)<\/li>\n\n\n\n<li>Juliana Pinheiro (UFJF)<\/li>\n\n\n\n<li>Ladstone Pereira da Silva (UFRPE)<\/li>\n\n\n\n<li>Leonardo Seelig (UNIPAMPA)<\/li>\n\n\n\n<li>Luisa Mara( UFF)<\/li>\n\n\n\n<li>Marcelo Carvalho dos Santos (UESPI)<\/li>\n\n\n\n<li>Marcelo Santana (UENFRJ)<\/li>\n\n\n\n<li>Mauricio Henrique Sousa (UEMA)<\/li>\n\n\n\n<li>Michel (UFERSA)<\/li>\n\n\n\n<li>M\u00e1rcia Vargas (UNB)<\/li>\n\n\n\n<li>Paulo Cesar (UFRB)<\/li>\n\n\n\n<li>Paulo Rodrigues (UFERSA)<\/li>\n\n\n\n<li>Pedro Marcelo (UFERSA)<\/li>\n\n\n\n<li>Raquel (CEFETMG)<\/li>\n\n\n\n<li>Rog\u00e9rio Costa (UFERSA)<\/li>\n\n\n\n<li>Rog\u00e9rio Santos (UFSJ)<\/li>\n\n\n\n<li>R\u00eamulo Oliveira (Unir)<\/li>\n\n\n\n<li>Thiago de Lirio (IFSP)<\/li>\n\n\n\n<li>Well Max (IFPI)<\/li>\n<\/ul>\n\n\n\n<h2 class=\"wp-block-heading\" id=\"o-que-dizem-os-alunos\">O que dizem os alunos<\/h2>\n\n\n\n<blockquote class=\"wp-block-quote is-layout-flow wp-block-quote-is-layout-flow\">\n<p>Tudo foi muito bom. Exerc\u00edcios no n\u00edvel do PROFMAT, professor atencioso, todas as quest\u00f5es das listas e simulados foram resolvidas (Isso pra mim \u00e9 muito importante porque pessoas de v\u00e1rios n\u00edveis de conhecimento tem oportunidade de ver a resolu\u00e7\u00e3o e depois estudar), pontualidade, interesse do curso na aprova\u00e7\u00e3o dos alunos e excelente professor.<\/p>\n<cite>Coment\u00e1rio de um aluno na avalia\u00e7\u00e3o an\u00f4nima do \u00faltimo curso<\/cite><\/blockquote>\n\n\n\n<h2 class=\"wp-block-heading\" id=\"conheca-um-pouco-mais\">Conhe\u00e7a um pouco mais<\/h2>\n\n\n\n<p>Em maio e junho de 2021, promovemos um curso aberto para o ENA. <a href=\"https:\/\/cadernosdematematica.com.br\/profmat\/curso-aberto-ena-2022\/\">Veja o material e assista as aulas deste curso.<\/a><\/p>\n\n\n\n<h2 class=\"wp-block-heading\" id=\"investimento\">Investimento<\/h2>\n\n\n\n<figure class=\"wp-block-table is-style-stripes has-small-font-size\"><table class=\"has-very-light-gray-to-cyan-bluish-gray-gradient-background has-background\"><tbody><tr><td>No Cart\u00e3o de Cr\u00e9dito (em at\u00e9 6x sem juros)<\/td><td><\/td><td>PIX\/Boleto\/Transfer\u00eancia<\/td><\/tr><tr><td><strong>R$ 649,00<\/strong> (em at\u00e9 6 parcelas de R$ 108,17)<\/td><td><\/td><td><strong>R$ 599,00<\/strong><\/td><\/tr><\/tbody><\/table><\/figure>\n\n\n\n<p><\/p>\n\n\n\n<h2 class=\"wp-block-heading\">Inscri\u00e7\u00e3o<\/h2>\n\n\n\n<div class=\"wp-block-buttons is-layout-flex wp-block-buttons-is-layout-flex\">\n<div class=\"wp-block-button\"><a class=\"wp-block-button__link has-black-color has-very-light-gray-to-cyan-bluish-gray-gradient-background has-text-color has-background wp-element-button\" href=\"https:\/\/cadernosdematematica.com.br\/profmat\/inscricao-preparatorio-profmat\/\" style=\"border-radius:0px\">Clique aqui para fazer sua matr\u00edcula<\/a><\/div>\n<\/div>\n\n\n\n<h2 class=\"wp-block-heading\" id=\"duvidas\">D\u00favidas<\/h2>\n\n\n\n<p>Envie mensagem para o whatsapp:<\/p>\n\n\n\n<div class=\"wp-block-jetpack-send-a-message\">\n<div class=\"wp-block-jetpack-whatsapp-button is-color-dark\"><a class=\"whatsapp-block__button\" href=\"https:\/\/api.whatsapp.com\/send?phone=5585998098161&amp;text=(escreva%20aqui%20em%20qual%20curso%20est%C3%A1%20interessado%20(1)%20Integral%20ENA%20(para%20entrar%20no%20PROFMAT)%20(2)%20Matem%C3%A1tica%20para%20o%20PROFMAT%20(para%20quem%20j%C3%A1%20est%C3%A1%20no%20PROFMAT)%20ou%20(3)%20ENQ%20PROFMAT)\" style=\"background-color:#25D366;color:#fff\" target=\"_self\" rel=\"noopener noreferrer\">Secretaria &#8211; Cadernos de Matem\u00e1tica <\/a><\/div>\n<\/div>\n\n\n\n<p><\/p>\n\n\n\n<p><\/p>\n","protected":false},"excerpt":{"rendered":"<p>Qual o p\u00fablico-alvo do Curso? O Integral ENA PROFMAT \u00e9 o curso completo para voc\u00ea obter a aprova\u00e7\u00e3o no mestrado [&hellip;]<\/p>\n","protected":false},"author":1,"featured_media":0,"parent":0,"menu_order":0,"comment_status":"closed","ping_status":"closed","template":"template-fullwidth.php","meta":{"site-sidebar-layout":"default","site-content-layout":"","ast-site-content-layout":"default","site-content-style":"default","site-sidebar-style":"default","ast-global-header-display":"","ast-banner-title-visibility":"","ast-main-header-display":"","ast-hfb-above-header-display":"","ast-hfb-below-header-display":"","ast-hfb-mobile-header-display":"","site-post-title":"","ast-breadcrumbs-content":"","ast-featured-img":"","footer-sml-layout":"","theme-transparent-header-meta":"","adv-header-id-meta":"","stick-header-meta":"","header-above-stick-meta":"","header-main-stick-meta":"","header-below-stick-meta":"","astra-migrate-meta-layouts":"default","ast-page-background-enabled":"default","ast-page-background-meta":{"desktop":{"background-color":"var(--ast-global-color-4)","background-image":"","background-repeat":"repeat","background-position":"center center","background-size":"auto","background-attachment":"scroll","background-type":"","background-media":"","overlay-type":"","overlay-color":"","overlay-opacity":"","overlay-gradient":""},"tablet":{"background-color":"","background-image":"","background-repeat":"repeat","background-position":"center center","background-size":"auto","background-attachment":"scroll","background-type":"","background-media":"","overlay-type":"","overlay-color":"","overlay-opacity":"","overlay-gradient":""},"mobile":{"background-color":"","background-image":"","background-repeat":"repeat","background-position":"center center","background-size":"auto","background-attachment":"scroll","background-type":"","background-media":"","overlay-type":"","overlay-color":"","overlay-opacity":"","overlay-gradient":""}},"ast-content-background-meta":{"desktop":{"background-color":"var(--ast-global-color-5)","background-image":"","background-repeat":"repeat","background-position":"center center","background-size":"auto","background-attachment":"scroll","background-type":"","background-media":"","overlay-type":"","overlay-color":"","overlay-opacity":"","overlay-gradient":""},"tablet":{"background-color":"var(--ast-global-color-5)","background-image":"","background-repeat":"repeat","background-position":"center center","background-size":"auto","background-attachment":"scroll","background-type":"","background-media":"","overlay-type":"","overlay-color":"","overlay-opacity":"","overlay-gradient":""},"mobile":{"background-color":"var(--ast-global-color-5)","background-image":"","background-repeat":"repeat","background-position":"center center","background-size":"auto","background-attachment":"scroll","background-type":"","background-media":"","overlay-type":"","overlay-color":"","overlay-opacity":"","overlay-gradient":""}},"footnotes":""},"class_list":["post-658","page","type-page","status-publish","hentry"],"yoast_head":"<!-- This site is optimized with the Yoast SEO plugin v27.3 - https:\/\/yoast.com\/product\/yoast-seo-wordpress\/ -->\n<title>Integral - Preparat\u00f3rio Exame de Acesso PROFMAT 2023\/2024 &#8211; Cadernos de Matem\u00e1tica - PROFMAT<\/title>\n<meta name=\"description\" content=\"O curso completo para voc\u00ea obter a aprova\u00e7\u00e3o no mestrado PROFMAT.\" \/>\n<meta name=\"robots\" content=\"index, follow, max-snippet:-1, max-image-preview:large, max-video-preview:-1\" \/>\n<link rel=\"canonical\" href=\"https:\/\/cadernosdematematica.com.br\/profmat\/preparatorio-exame-de-acesso-profmat\/\" \/>\n<meta property=\"og:locale\" content=\"pt_PT\" \/>\n<meta property=\"og:type\" content=\"article\" \/>\n<meta property=\"og:title\" content=\"Integral - Preparat\u00f3rio Exame de Acesso PROFMAT 2023\/2024 &#8211; Cadernos de Matem\u00e1tica - PROFMAT\" \/>\n<meta property=\"og:description\" content=\"O curso completo para voc\u00ea obter a aprova\u00e7\u00e3o no mestrado PROFMAT.\" \/>\n<meta property=\"og:url\" content=\"https:\/\/cadernosdematematica.com.br\/profmat\/preparatorio-exame-de-acesso-profmat\/\" \/>\n<meta property=\"og:site_name\" content=\"Cadernos de Matem\u00e1tica - PROFMAT\" \/>\n<meta property=\"article:publisher\" content=\"https:\/\/www.facebook.com\/matematicacadernos\" \/>\n<meta property=\"article:modified_time\" content=\"2023-08-22T23:47:39+00:00\" \/>\n<meta name=\"twitter:card\" content=\"summary_large_image\" \/>\n<meta name=\"twitter:label1\" content=\"Tempo estimado de leitura\" \/>\n\t<meta name=\"twitter:data1\" content=\"3 minutos\" \/>\n<script type=\"application\/ld+json\" class=\"yoast-schema-graph\">{\"@context\":\"https:\\\/\\\/schema.org\",\"@graph\":[{\"@type\":\"WebPage\",\"@id\":\"https:\\\/\\\/cadernosdematematica.com.br\\\/profmat\\\/preparatorio-exame-de-acesso-profmat\\\/\",\"url\":\"https:\\\/\\\/cadernosdematematica.com.br\\\/profmat\\\/preparatorio-exame-de-acesso-profmat\\\/\",\"name\":\"Integral - Preparat\u00f3rio Exame de Acesso PROFMAT 2023\\\/2024 &#8211; Cadernos de Matem\u00e1tica - PROFMAT\",\"isPartOf\":{\"@id\":\"https:\\\/\\\/cadernosdematematica.com.br\\\/profmat\\\/#website\"},\"datePublished\":\"2021-06-15T00:18:17+00:00\",\"dateModified\":\"2023-08-22T23:47:39+00:00\",\"description\":\"O curso completo para voc\u00ea obter a aprova\u00e7\u00e3o no mestrado PROFMAT.\",\"breadcrumb\":{\"@id\":\"https:\\\/\\\/cadernosdematematica.com.br\\\/profmat\\\/preparatorio-exame-de-acesso-profmat\\\/#breadcrumb\"},\"inLanguage\":\"pt-PT\",\"potentialAction\":[{\"@type\":\"ReadAction\",\"target\":[\"https:\\\/\\\/cadernosdematematica.com.br\\\/profmat\\\/preparatorio-exame-de-acesso-profmat\\\/\"]}]},{\"@type\":\"BreadcrumbList\",\"@id\":\"https:\\\/\\\/cadernosdematematica.com.br\\\/profmat\\\/preparatorio-exame-de-acesso-profmat\\\/#breadcrumb\",\"itemListElement\":[{\"@type\":\"ListItem\",\"position\":1,\"name\":\"In\u00edcio\",\"item\":\"https:\\\/\\\/cadernosdematematica.com.br\\\/profmat\\\/\"},{\"@type\":\"ListItem\",\"position\":2,\"name\":\"Integral &#8211; Preparat\u00f3rio Exame de Acesso PROFMAT 2023\\\/2024\"}]},{\"@type\":\"WebSite\",\"@id\":\"https:\\\/\\\/cadernosdematematica.com.br\\\/profmat\\\/#website\",\"url\":\"https:\\\/\\\/cadernosdematematica.com.br\\\/profmat\\\/\",\"name\":\"Cadernos de Matem\u00e1tica - PROFMAT\",\"description\":\"Matem\u00e1tica e LaTeX\",\"publisher\":{\"@id\":\"https:\\\/\\\/cadernosdematematica.com.br\\\/profmat\\\/#organization\"},\"alternateName\":\"cadmat\",\"potentialAction\":[{\"@type\":\"SearchAction\",\"target\":{\"@type\":\"EntryPoint\",\"urlTemplate\":\"https:\\\/\\\/cadernosdematematica.com.br\\\/profmat\\\/?s={search_term_string}\"},\"query-input\":{\"@type\":\"PropertyValueSpecification\",\"valueRequired\":true,\"valueName\":\"search_term_string\"}}],\"inLanguage\":\"pt-PT\"},{\"@type\":\"Organization\",\"@id\":\"https:\\\/\\\/cadernosdematematica.com.br\\\/profmat\\\/#organization\",\"name\":\"Cadernos de Matem\u00e1tica\",\"url\":\"https:\\\/\\\/cadernosdematematica.com.br\\\/profmat\\\/\",\"logo\":{\"@type\":\"ImageObject\",\"inLanguage\":\"pt-PT\",\"@id\":\"https:\\\/\\\/cadernosdematematica.com.br\\\/profmat\\\/#\\\/schema\\\/logo\\\/image\\\/\",\"url\":\"https:\\\/\\\/cadernosdematematica.com.br\\\/profmat\\\/wp-content\\\/uploads\\\/2020\\\/10\\\/cropped-logoasdf-1.png\",\"contentUrl\":\"https:\\\/\\\/cadernosdematematica.com.br\\\/profmat\\\/wp-content\\\/uploads\\\/2020\\\/10\\\/cropped-logoasdf-1.png\",\"width\":99,\"height\":99,\"caption\":\"Cadernos de Matem\u00e1tica\"},\"image\":{\"@id\":\"https:\\\/\\\/cadernosdematematica.com.br\\\/profmat\\\/#\\\/schema\\\/logo\\\/image\\\/\"},\"sameAs\":[\"https:\\\/\\\/www.facebook.com\\\/matematicacadernos\",\"https:\\\/\\\/www.youtube.com\\\/cadernosdematematica\"]}]}<\/script>\n<!-- \/ Yoast SEO plugin. -->","yoast_head_json":{"title":"Integral - Preparat\u00f3rio Exame de Acesso PROFMAT 2023\/2024 &#8211; Cadernos de Matem\u00e1tica - PROFMAT","description":"O curso completo para voc\u00ea obter a aprova\u00e7\u00e3o no mestrado PROFMAT.","robots":{"index":"index","follow":"follow","max-snippet":"max-snippet:-1","max-image-preview":"max-image-preview:large","max-video-preview":"max-video-preview:-1"},"canonical":"https:\/\/cadernosdematematica.com.br\/profmat\/preparatorio-exame-de-acesso-profmat\/","og_locale":"pt_PT","og_type":"article","og_title":"Integral - Preparat\u00f3rio Exame de Acesso PROFMAT 2023\/2024 &#8211; Cadernos de Matem\u00e1tica - PROFMAT","og_description":"O curso completo para voc\u00ea obter a aprova\u00e7\u00e3o no mestrado PROFMAT.","og_url":"https:\/\/cadernosdematematica.com.br\/profmat\/preparatorio-exame-de-acesso-profmat\/","og_site_name":"Cadernos de Matem\u00e1tica - PROFMAT","article_publisher":"https:\/\/www.facebook.com\/matematicacadernos","article_modified_time":"2023-08-22T23:47:39+00:00","twitter_card":"summary_large_image","twitter_misc":{"Tempo estimado de leitura":"3 minutos"},"schema":{"@context":"https:\/\/schema.org","@graph":[{"@type":"WebPage","@id":"https:\/\/cadernosdematematica.com.br\/profmat\/preparatorio-exame-de-acesso-profmat\/","url":"https:\/\/cadernosdematematica.com.br\/profmat\/preparatorio-exame-de-acesso-profmat\/","name":"Integral - Preparat\u00f3rio Exame de Acesso PROFMAT 2023\/2024 &#8211; Cadernos de Matem\u00e1tica - PROFMAT","isPartOf":{"@id":"https:\/\/cadernosdematematica.com.br\/profmat\/#website"},"datePublished":"2021-06-15T00:18:17+00:00","dateModified":"2023-08-22T23:47:39+00:00","description":"O curso completo para voc\u00ea obter a aprova\u00e7\u00e3o no mestrado PROFMAT.","breadcrumb":{"@id":"https:\/\/cadernosdematematica.com.br\/profmat\/preparatorio-exame-de-acesso-profmat\/#breadcrumb"},"inLanguage":"pt-PT","potentialAction":[{"@type":"ReadAction","target":["https:\/\/cadernosdematematica.com.br\/profmat\/preparatorio-exame-de-acesso-profmat\/"]}]},{"@type":"BreadcrumbList","@id":"https:\/\/cadernosdematematica.com.br\/profmat\/preparatorio-exame-de-acesso-profmat\/#breadcrumb","itemListElement":[{"@type":"ListItem","position":1,"name":"In\u00edcio","item":"https:\/\/cadernosdematematica.com.br\/profmat\/"},{"@type":"ListItem","position":2,"name":"Integral &#8211; Preparat\u00f3rio Exame de Acesso PROFMAT 2023\/2024"}]},{"@type":"WebSite","@id":"https:\/\/cadernosdematematica.com.br\/profmat\/#website","url":"https:\/\/cadernosdematematica.com.br\/profmat\/","name":"Cadernos de Matem\u00e1tica - PROFMAT","description":"Matem\u00e1tica e LaTeX","publisher":{"@id":"https:\/\/cadernosdematematica.com.br\/profmat\/#organization"},"alternateName":"cadmat","potentialAction":[{"@type":"SearchAction","target":{"@type":"EntryPoint","urlTemplate":"https:\/\/cadernosdematematica.com.br\/profmat\/?s={search_term_string}"},"query-input":{"@type":"PropertyValueSpecification","valueRequired":true,"valueName":"search_term_string"}}],"inLanguage":"pt-PT"},{"@type":"Organization","@id":"https:\/\/cadernosdematematica.com.br\/profmat\/#organization","name":"Cadernos de Matem\u00e1tica","url":"https:\/\/cadernosdematematica.com.br\/profmat\/","logo":{"@type":"ImageObject","inLanguage":"pt-PT","@id":"https:\/\/cadernosdematematica.com.br\/profmat\/#\/schema\/logo\/image\/","url":"https:\/\/cadernosdematematica.com.br\/profmat\/wp-content\/uploads\/2020\/10\/cropped-logoasdf-1.png","contentUrl":"https:\/\/cadernosdematematica.com.br\/profmat\/wp-content\/uploads\/2020\/10\/cropped-logoasdf-1.png","width":99,"height":99,"caption":"Cadernos de Matem\u00e1tica"},"image":{"@id":"https:\/\/cadernosdematematica.com.br\/profmat\/#\/schema\/logo\/image\/"},"sameAs":["https:\/\/www.facebook.com\/matematicacadernos","https:\/\/www.youtube.com\/cadernosdematematica"]}]}},"jetpack_sharing_enabled":true,"_links":{"self":[{"href":"https:\/\/cadernosdematematica.com.br\/profmat\/wp-json\/wp\/v2\/pages\/658","targetHints":{"allow":["GET"]}}],"collection":[{"href":"https:\/\/cadernosdematematica.com.br\/profmat\/wp-json\/wp\/v2\/pages"}],"about":[{"href":"https:\/\/cadernosdematematica.com.br\/profmat\/wp-json\/wp\/v2\/types\/page"}],"author":[{"embeddable":true,"href":"https:\/\/cadernosdematematica.com.br\/profmat\/wp-json\/wp\/v2\/users\/1"}],"replies":[{"embeddable":true,"href":"https:\/\/cadernosdematematica.com.br\/profmat\/wp-json\/wp\/v2\/comments?post=658"}],"version-history":[{"count":81,"href":"https:\/\/cadernosdematematica.com.br\/profmat\/wp-json\/wp\/v2\/pages\/658\/revisions"}],"predecessor-version":[{"id":1819,"href":"https:\/\/cadernosdematematica.com.br\/profmat\/wp-json\/wp\/v2\/pages\/658\/revisions\/1819"}],"wp:attachment":[{"href":"https:\/\/cadernosdematematica.com.br\/profmat\/wp-json\/wp\/v2\/media?parent=658"}],"curies":[{"name":"wp","href":"https:\/\/api.w.org\/{rel}","templated":true}]}}